{"id":1574,"date":"2023-04-26T14:13:56","date_gmt":"2023-04-26T06:13:56","guid":{"rendered":"https:\/\/fsportsnet.com\/?post_type=product&#038;p=1574"},"modified":"2023-04-26T14:25:00","modified_gmt":"2023-04-26T06:25:00","slug":"soccer-trainer-portable-soccer-rebounder-net","status":"publish","type":"product","link":"https:\/\/fsportsnet.com\/es\/product\/soccer-trainer-portable-soccer-rebounder-net\/","title":{"rendered":"Red port\u00e1til de rebote para f\u00fatbol Soccer Trainer"},"content":{"rendered":"<div id=\"featurebullets_feature_div\" class=\"celwidget\" data-feature-name=\"featurebullets\" data-csa-c-type=\"widget\" data-csa-c-content-id=\"featurebullets\" data-csa-c-slot-id=\"featurebullets_feature_div\" data-csa-c-asin=\"B00VUMGYLQ\" data-csa-c-is-in-initial-active-row=\"false\" data-csa-c-id=\"r02nsd-ek31ro-15bazj-k71de6\" data-cel-widget=\"featurebullets_feature_div\">\n<div id=\"feature-bullets\" class=\"a-section a-spacing-medium a-spacing-top-small\">\n<ul class=\"a-unordered-list a-vertical a-spacing-mini\">\n<li><span class=\"a-list-item\">Proporciona un verdadero balanceo que ayuda a dominar el pase y la recepci\u00f3n en tierra<\/span><\/li>\n<li><span class=\"a-list-item\">Maximiza las repeticiones atrapando el bal\u00f3n en el aire con los pies, los muslos y el pecho.<\/span><\/li>\n<li><span class=\"a-list-item\">Trabajo de voleas y medias voleas con empeine y cordones<\/span><\/li>\n<li><span class=\"a-list-item\">Lanza el bal\u00f3n al aire para remates de cabeza ofensivos hacia abajo y defensivos hacia arriba y fuera<\/span><\/li>\n<li><span class=\"a-list-item\">Port\u00e1til, ligero y f\u00e1cil de guardar<\/span><\/li>\n<\/ul>\n<\/div>\n<\/div>\n<div id=\"serviceCapabilities_feature_div\" class=\"celwidget\" data-feature-name=\"serviceCapabilities\" data-csa-c-type=\"widget\" data-csa-c-content-id=\"serviceCapabilities\" data-csa-c-slot-id=\"serviceCapabilities_feature_div\" data-csa-c-asin=\"B00VUMGYLQ\" data-csa-c-is-in-initial-active-row=\"false\" data-csa-c-id=\"cdqbcs-cqt9yd-frehzg-ddrb62\" data-cel-widget=\"serviceCapabilities_feature_div\">1. Tama\u00f1o: 300x200x120cm<br \/>\n2. Tubo de acero: \u03a625.4 x 1.0mm<br \/>\n3. Fibra de vidrio: Postes macizos de 12,7 mm<br \/>\n4. Red: 3ply 1\u201d poli\u00e9ster sin nudo<br \/>\n5ply 1.75\u201d poli\u00e9ster sin nudo<br \/>\n5. Bolsa: tejido oxford 420D<br \/>\n6. G.W 7.5kg, N.W 8.5kg<br \/>\n7. Tama\u00f1o de la caja: 20*15x102CM<\/div>","protected":false},"excerpt":{"rendered":"<p>El Quickster Soccer Trainer se instala r\u00e1pidamente, resiste los pases m\u00e1s duros y se guarda con facilidad. Ligero pero duradero, este reboteador multit\u00e1ctil ayuda a los jugadores a desarrollar sus habilidades de una manera que deja a todos los dem\u00e1s reboteadores planos.<\/p>","protected":false},"featured_media":1570,"template":"","meta":{"_gspb_post_css":""},"product_brand":[],"product_cat":[32],"product_tag":[],"class_list":{"0":"post-1574","1":"product","2":"type-product","3":"status-publish","4":"has-post-thumbnail","6":"product_cat-rebounder","8":"first","9":"instock","10":"shipping-taxable","11":"product-type-simple"},"_links":{"self":[{"href":"https:\/\/fsportsnet.com\/es\/wp-json\/wp\/v2\/product\/1574","targetHints":{"allow":["GET"]}}],"collection":[{"href":"https:\/\/fsportsnet.com\/es\/wp-json\/wp\/v2\/product"}],"about":[{"href":"https:\/\/fsportsnet.com\/es\/wp-json\/wp\/v2\/types\/product"}],"wp:featuredmedia":[{"embeddable":true,"href":"https:\/\/fsportsnet.com\/es\/wp-json\/wp\/v2\/media\/1570"}],"wp:attachment":[{"href":"https:\/\/fsportsnet.com\/es\/wp-json\/wp\/v2\/media?parent=1574"}],"wp:term":[{"taxonomy":"product_brand","embeddable":true,"href":"https:\/\/fsportsnet.com\/es\/wp-json\/wp\/v2\/product_brand?post=1574"},{"taxonomy":"product_cat","embeddable":true,"href":"https:\/\/fsportsnet.com\/es\/wp-json\/wp\/v2\/product_cat?post=1574"},{"taxonomy":"product_tag","embeddable":true,"href":"https:\/\/fsportsnet.com\/es\/wp-json\/wp\/v2\/product_tag?post=1574"}],"curies":[{"name":"wp","href":"https:\/\/api.w.org\/{rel}","templated":true}]}}