{"id":1575,"date":"2023-04-26T14:25:12","date_gmt":"2023-04-26T06:25:12","guid":{"rendered":"https:\/\/fsportsnet.com\/?post_type=product&#038;p=1575"},"modified":"2023-04-27T10:10:00","modified_gmt":"2023-04-27T02:10:00","slug":"professional-soccer-rebound-net-7x7ft-angle-adjustable","status":"publish","type":"product","link":"https:\/\/fsportsnet.com\/es\/product\/professional-soccer-rebound-net-7x7ft-angle-adjustable\/","title":{"rendered":"Red de rebote de f\u00fatbol profesional 7x7ft \u00e1ngulo ajustable"},"content":{"rendered":"<div id=\"featurebullets_feature_div\" class=\"celwidget\" data-feature-name=\"featurebullets\" data-csa-c-type=\"widget\" data-csa-c-content-id=\"featurebullets\" data-csa-c-slot-id=\"featurebullets_feature_div\" data-csa-c-asin=\"B00VUMGYLQ\" data-csa-c-is-in-initial-active-row=\"false\" data-csa-c-id=\"r02nsd-ek31ro-15bazj-k71de6\" data-cel-widget=\"featurebullets_feature_div\">\n<div id=\"feature-bullets\" class=\"a-section a-spacing-medium a-spacing-top-small\">\n<ul class=\"a-unordered-list a-vertical a-spacing-mini\">\n<li>1. Tama\u00f1o: 7x7ft<br \/>\n2. Tubo de acero: \u03a625 x 1.0mm<br \/>\n3. Fibra de vidrio: Postes macizos de 12,7 mm<br \/>\n4. Red: 3 cabos x 2,5 cm<\/li>\n<li>\n<h1 class=\"a-size-base-plus a-text-bold\">Acerca de este art\u00edculo<\/h1>\n<ul class=\"a-unordered-list a-vertical a-spacing-mini\">\n<li><span class=\"a-list-item\">DISE\u00d1O AJUSTABLE EN \u00c1NGULO- Con el dise\u00f1o \u00fanico de ajuste en \u00e1ngulo, puede levantar la red de rebote a 2 \u00e1ngulos para tener diferentes m\u00e9todos de rebote para crear un ambiente de pr\u00e1ctica que es m\u00e1s realista que cualquier otro reboteador en el mercado. Lleva tu juego de f\u00fatbol al siguiente nivel para recibir cualquier tipo de pase. Ajusta los \u00e1ngulos para practicar el suelo, la rodilla, el pecho y las habilidades para atrapar el calor.<\/span><\/li>\n<li><span class=\"a-list-item\">HERRAMIENTA DE ENTRENAMIENTO PROFESIONAL - El reboteador cuenta con una red de rebote de alta tensi\u00f3n. Dise\u00f1ado para jugadores que entrenan juntos o en solitario, para mejorar tanto la precisi\u00f3n como la habilidad en todos los aspectos del juego. Disfruta de cada minuto pateando balones en cualquier \u00e1ngulo gracias a la gran superficie de 2,5 metros por 2,5 metros, sin zonas \u201cmuertas\u201d que no rebotan. Con el\u00e1sticos de alta gama, un \u00e1rea de retorno de casi 72 pies cuadrados, y una diana pintada para que tu punter\u00eda sea perfecta, tu juego de f\u00fatbol se convertir\u00e1 en legendario.<\/span><\/li>\n<li><span class=\"a-list-item\">CONSTRUCCI\u00d3N ROBUSTA - Hecha de acero con recubrimiento de polvo y red de primera calidad, la red soporta innumerables golpes y resiste el vuelco. Aprovechando la red de poli\u00e9ster sin nudos con revestimiento de PU 420D, nuestra red de golpeo de golf sobrevive al abuso de los golpes m\u00e1s duros temporada tras temporada.<\/span><\/li>\n<li><span class=\"a-list-item\">MULTI-FUNCI\u00d3N - Nuestra red puede utilizarse en interiores o exteriores sin preocupaciones. El marco tiene patas de apoyo extralargas para mayor estabilidad en el suelo, mientras que otros 4 clavijas de tierra para ultra-estabilidad. Perfecta para lacrosse, b\u00e9isbol, softball, f\u00fatbol, f\u00fatbol americano, baloncesto, voleibol, tenis y deportes de raqueta. Puede ser utilizado como un backstop port\u00e1til para cualquier deporte y perfecto para sesiones de entrenamiento o escaramuzas en cualquier patio trasero, garaje o en el campo.<\/span><\/li>\n<li><span class=\"a-list-item\">F\u00c1CIL MONTAJE - Gracias a su dise\u00f1o, nuestra red de rebote no necesita un montaje complicado, s\u00f3lo se monta en minutos y no requiere cuerdas de soporte en absoluto. Se puede utilizar en hierba, arena, suelos de gimnasio, hormig\u00f3n y mucho m\u00e1s.<\/span><\/li>\n<\/ul>\n<\/li>\n<\/ul>\n<\/div>\n<\/div>\n<div id=\"serviceCapabilities_feature_div\" class=\"celwidget\" data-feature-name=\"serviceCapabilities\" data-csa-c-type=\"widget\" data-csa-c-content-id=\"serviceCapabilities\" data-csa-c-slot-id=\"serviceCapabilities_feature_div\" data-csa-c-asin=\"B00VUMGYLQ\" data-csa-c-is-in-initial-active-row=\"false\" data-csa-c-id=\"cdqbcs-cqt9yd-frehzg-ddrb62\" data-cel-widget=\"serviceCapabilities_feature_div\"><\/div>","protected":false},"excerpt":{"rendered":"<p>La red de rebote Fsports Soccer Trainer no necesita un montaje complicado, s\u00f3lo se monta en minutos y no requiere cuerdas de soporte en absoluto. Se puede utilizar en hierba, arena, suelos de gimnasio, hormig\u00f3n y mucho m\u00e1s.<\/p>","protected":false},"featured_media":1582,"template":"","meta":{"_gspb_post_css":""},"product_brand":[],"product_cat":[32],"product_tag":[],"class_list":{"0":"post-1575","1":"product","2":"type-product","3":"status-publish","4":"has-post-thumbnail","6":"product_cat-rebounder","8":"first","9":"instock","10":"shipping-taxable","11":"product-type-simple"},"_links":{"self":[{"href":"https:\/\/fsportsnet.com\/es\/wp-json\/wp\/v2\/product\/1575","targetHints":{"allow":["GET"]}}],"collection":[{"href":"https:\/\/fsportsnet.com\/es\/wp-json\/wp\/v2\/product"}],"about":[{"href":"https:\/\/fsportsnet.com\/es\/wp-json\/wp\/v2\/types\/product"}],"wp:featuredmedia":[{"embeddable":true,"href":"https:\/\/fsportsnet.com\/es\/wp-json\/wp\/v2\/media\/1582"}],"wp:attachment":[{"href":"https:\/\/fsportsnet.com\/es\/wp-json\/wp\/v2\/media?parent=1575"}],"wp:term":[{"taxonomy":"product_brand","embeddable":true,"href":"https:\/\/fsportsnet.com\/es\/wp-json\/wp\/v2\/product_brand?post=1575"},{"taxonomy":"product_cat","embeddable":true,"href":"https:\/\/fsportsnet.com\/es\/wp-json\/wp\/v2\/product_cat?post=1575"},{"taxonomy":"product_tag","embeddable":true,"href":"https:\/\/fsportsnet.com\/es\/wp-json\/wp\/v2\/product_tag?post=1575"}],"curies":[{"name":"wp","href":"https:\/\/api.w.org\/{rel}","templated":true}]}}