{"id":1600,"date":"2023-04-27T10:10:37","date_gmt":"2023-04-27T02:10:37","guid":{"rendered":"https:\/\/fsportsnet.com\/?post_type=product&#038;p=1600"},"modified":"2023-04-27T10:18:52","modified_gmt":"2023-04-27T02:18:52","slug":"solo-soccer-net-trainer-and-rebounder-with-carry-bag","status":"publish","type":"product","link":"https:\/\/fsportsnet.com\/es\/product\/solo-soccer-net-trainer-and-rebounder-with-carry-bag\/","title":{"rendered":"Entrenador y reboteador Solo Soccer Net con bolsa de transporte"},"content":{"rendered":"<div id=\"featurebullets_feature_div\" class=\"celwidget\" data-feature-name=\"featurebullets\" data-csa-c-type=\"widget\" data-csa-c-content-id=\"featurebullets\" data-csa-c-slot-id=\"featurebullets_feature_div\" data-csa-c-asin=\"B00VUMGYLQ\" data-csa-c-is-in-initial-active-row=\"false\" data-csa-c-id=\"r02nsd-ek31ro-15bazj-k71de6\" data-cel-widget=\"featurebullets_feature_div\">\n<div id=\"feature-bullets\" class=\"a-section a-spacing-medium a-spacing-top-small\">\n<ul class=\"a-unordered-list a-vertical a-spacing-mini\">\n<li>1. Tama\u00f1o: 1X1,5m<br \/>\n2. Red :Poli\u00e9ster<br \/>\n3. Marco: Dia \u03a625*1.0mm<br \/>\n4. M\u00e1stil: Fibra de vidrio maciza de 12,7 mm<br \/>\n5. Bolsa :600D oxford<\/li>\n<li>\n<h1 class=\"a-size-base-plus a-text-bold\">Acerca de este art\u00edculo<\/h1>\n<ul class=\"a-unordered-list a-vertical a-spacing-mini\">\n<li><span class=\"a-list-item\">Trabajo de voleas y medias voleas con empeine y cordones<\/span><\/li>\n<li><span class=\"a-list-item\">Asienta el bal\u00f3n en el aire con los pies, los muslos y el pecho mientras maximizas las repeticiones<\/span><\/li>\n<li><span class=\"a-list-item\">Port\u00e1til, ligero y f\u00e1cil de guardar<\/span><\/li>\n<li><span class=\"a-list-item\">Piquetas para fijar la red al suelo<\/span><\/li>\n<li><span class=\"a-list-item\">La red mide 1,5 m x 1,3 m, incluye bolsa de transporte<\/span><\/li>\n<li><span class=\"a-list-item\">MULTI-FUNCI\u00d3N - Nuestra red puede utilizarse en interiores o exteriores sin preocupaciones. El marco tiene patas de apoyo extralargas para mayor estabilidad en el suelo, mientras que otros 4 clavijas de tierra para ultra-estabilidad. Perfecta para lacrosse, b\u00e9isbol, softball, f\u00fatbol, f\u00fatbol americano, baloncesto, voleibol, tenis y deportes de raqueta. Puede ser utilizado como un backstop port\u00e1til para cualquier deporte y perfecto para sesiones de entrenamiento o escaramuzas en cualquier patio trasero, garaje o en el campo.<\/span><\/li>\n<li><span class=\"a-list-item\">F\u00c1CIL MONTAJE - Gracias a su dise\u00f1o, nuestra red de rebote no necesita un montaje complicado, s\u00f3lo se monta en minutos y no requiere cuerdas de soporte en absoluto. Se puede utilizar en hierba, arena, suelos de gimnasio, hormig\u00f3n y mucho m\u00e1s.<\/span><\/li>\n<\/ul>\n<\/li>\n<\/ul>\n<\/div>\n<\/div>\n<div id=\"serviceCapabilities_feature_div\" class=\"celwidget\" data-feature-name=\"serviceCapabilities\" data-csa-c-type=\"widget\" data-csa-c-content-id=\"serviceCapabilities\" data-csa-c-slot-id=\"serviceCapabilities_feature_div\" data-csa-c-asin=\"B00VUMGYLQ\" data-csa-c-is-in-initial-active-row=\"false\" data-csa-c-id=\"cdqbcs-cqt9yd-frehzg-ddrb62\" data-cel-widget=\"serviceCapabilities_feature_div\"><\/div>","protected":false},"excerpt":{"rendered":"<p>Ayuda a los atletas a trabajar el asentamiento del bal\u00f3n en el aire con los pies, los muslos y el pecho mientras se centran en maximizar las repeticiones. El Soccer Trainer Solo es ideal para trabajar voleas y medias voleas con el empeine y los cordones, creando mejores h\u00e1bitos de control del bal\u00f3n y precisi\u00f3n. Los atletas ser\u00e1n capaces de tomar estas habilidades practicadas y transferirlas a situaciones similares al juego. Dise\u00f1ado con una red de rebote \u00f3ptimo, que est\u00e1 construido para durar a trav\u00e9s de temporadas de uso. Utilice el Soccer Trainer Solo para practicar en el patio trasero y mejorar la t\u00e9cnica a trav\u00e9s del entrenamiento en solitario para ser mejor en el campo. Incre\u00edblemente port\u00e1til, ligero y f\u00e1cil de guardar con la bolsa de transporte incluida. Incorpora clavos para fijar la red al suelo.<\/p>","protected":false},"featured_media":1599,"template":"","meta":{"_gspb_post_css":""},"product_brand":[],"product_cat":[32],"product_tag":[],"class_list":{"0":"post-1600","1":"product","2":"type-product","3":"status-publish","4":"has-post-thumbnail","6":"product_cat-rebounder","8":"first","9":"instock","10":"shipping-taxable","11":"product-type-simple"},"_links":{"self":[{"href":"https:\/\/fsportsnet.com\/es\/wp-json\/wp\/v2\/product\/1600","targetHints":{"allow":["GET"]}}],"collection":[{"href":"https:\/\/fsportsnet.com\/es\/wp-json\/wp\/v2\/product"}],"about":[{"href":"https:\/\/fsportsnet.com\/es\/wp-json\/wp\/v2\/types\/product"}],"wp:featuredmedia":[{"embeddable":true,"href":"https:\/\/fsportsnet.com\/es\/wp-json\/wp\/v2\/media\/1599"}],"wp:attachment":[{"href":"https:\/\/fsportsnet.com\/es\/wp-json\/wp\/v2\/media?parent=1600"}],"wp:term":[{"taxonomy":"product_brand","embeddable":true,"href":"https:\/\/fsportsnet.com\/es\/wp-json\/wp\/v2\/product_brand?post=1600"},{"taxonomy":"product_cat","embeddable":true,"href":"https:\/\/fsportsnet.com\/es\/wp-json\/wp\/v2\/product_cat?post=1600"},{"taxonomy":"product_tag","embeddable":true,"href":"https:\/\/fsportsnet.com\/es\/wp-json\/wp\/v2\/product_tag?post=1600"}],"curies":[{"name":"wp","href":"https:\/\/api.w.org\/{rel}","templated":true}]}}