{"id":1601,"date":"2023-04-27T10:19:08","date_gmt":"2023-04-27T02:19:08","guid":{"rendered":"https:\/\/fsportsnet.com\/?post_type=product&#038;p=1601"},"modified":"2023-04-27T10:29:21","modified_gmt":"2023-04-27T02:29:21","slug":"pitchback-baseball-and-softball-pitching-net-and-rebounder","status":"publish","type":"product","link":"https:\/\/fsportsnet.com\/es\/product\/pitchback-baseball-and-softball-pitching-net-and-rebounder\/","title":{"rendered":"Red de lanzamiento y rebote PitchBack para b\u00e9isbol y softball"},"content":{"rendered":"<div id=\"featurebullets_feature_div\" class=\"celwidget\" data-feature-name=\"featurebullets\" data-csa-c-type=\"widget\" data-csa-c-content-id=\"featurebullets\" data-csa-c-slot-id=\"featurebullets_feature_div\" data-csa-c-asin=\"B00VUMGYLQ\" data-csa-c-is-in-initial-active-row=\"false\" data-csa-c-id=\"r02nsd-ek31ro-15bazj-k71de6\" data-cel-widget=\"featurebullets_feature_div\">\n<div id=\"feature-bullets\" class=\"a-section a-spacing-medium a-spacing-top-small\">\n<ul class=\"a-unordered-list a-vertical a-spacing-mini\">\n<li>1.Tama\u00f1o: 60\u00d744 \u201dx42\u201d<br \/>\n2. Red :PE 30 capas1.75\u2033\/5 capas de poli\u00e9ster<br \/>\n3. Marco: Dia25.4*0.8mm<\/li>\n<li>\n<h1 class=\"a-size-base-plus a-text-bold\">Acerca de este art\u00edculo<\/h1>\n<ul class=\"a-unordered-list a-vertical a-spacing-mini\">\n<li><span class=\"a-list-item\">Port\u00e1til, ligero y f\u00e1cil de guardar<\/span><\/li>\n<li><span class=\"a-list-item\">Piquetas para fijar la red al suelo<\/span><\/li>\n<li><span class=\"a-list-item\">Lanza pelotas hacia atr\u00e1s desde distintos \u00e1ngulos para practicar lanzamientos, lanzamientos y fildeos.<\/span><\/li>\n<li><span class=\"a-list-item\">Detalles de construcci\u00f3n duraderos, con robusto armaz\u00f3n de metal y resistente material de red<\/span><\/li>\n<li><span class=\"a-list-item\">Montaje r\u00e1pido y sencillo<\/span><\/li>\n<\/ul>\n<\/li>\n<li>El entrenador de b\u00e9isbol Fsports PitchBack es la herramienta perfecta para equipos de b\u00e9isbol, equipos de softball o jugadores en solitario. Aumenta tu confianza cada vez que te subas al mont\u00edculo. Obtener retroalimentaci\u00f3n autom\u00e1tica y la pr\u00e1ctica simulada bolas de tierra, unidades de l\u00ednea, o moscas pop en funci\u00f3n del \u00e1ngulo ajustable del marco. La cinta de la zona de strike incluida es ajustable y permite a los lanzadores perfeccionar su punter\u00eda, mejorando su t\u00e9cnica en general.\n<p>Con una c\u00f3moda instalaci\u00f3n y f\u00e1cil portabilidad, el Fsports PitchBack es ideal para todos los jugadores y equipos de diamante. Basta con configurar su ayuda a la formaci\u00f3n en el parque, campo, o incluso su patio trasero durante horas de diversi\u00f3n. La robusta red de rebote de formaci\u00f3n mejora el lanzamiento y fielding como los \u00e1ngulos ajustables pitchback permiten pop moscas, unidades de l\u00ednea, y grounders.<\/p>\n<p>Esta robusta red de rebote Pitchback multiposici\u00f3n simula pelotas de tierra, line drives y pop flies ajustando el \u00e1ngulo. Devuelve pelotas desde una variedad de \u00e1ngulos e incluye una cinta para la zona de strike para los lanzamientos. Ideal para todos los jugadores de b\u00e9isbol y softball, con una construcci\u00f3n resistente, un dise\u00f1o plegable y un marco en \u00e1ngulo que facilita el almacenamiento y el transporte. Incluye estacas para mayor estabilidad.<\/li>\n<\/ul>\n<\/div>\n<\/div>","protected":false},"excerpt":{"rendered":"<p>Caracter\u00edsticas y especificaciones:<\/p>\n<p>Robusto entrenador de red de rebote que mejora los lanzamientos y el fildeo<br \/>\n\u00c1ngulos de pitchback ajustables para pop flies, line drives y grounders<br \/>\nConstrucci\u00f3n resistente y duradera con un robusto armaz\u00f3n met\u00e1lico y una red de 21 capas para todo tipo de condiciones meteorol\u00f3gicas.<br \/>\nSu dise\u00f1o plegable facilita su almacenamiento y transporte<br \/>\nEstacas incluidas<br \/>\nDevuelve pelotas en una variedad de \u00e1ngulos para la pr\u00e1ctica de lanzamiento, cabeceo y fildeo<br \/>\nEl bastidor en \u00e1ngulo se monta r\u00e1pida y f\u00e1cilmente<\/p>","protected":false},"featured_media":1589,"template":"","meta":{"_gspb_post_css":""},"product_brand":[],"product_cat":[32],"product_tag":[],"class_list":{"0":"post-1601","1":"product","2":"type-product","3":"status-publish","4":"has-post-thumbnail","6":"product_cat-rebounder","8":"first","9":"instock","10":"shipping-taxable","11":"product-type-simple"},"_links":{"self":[{"href":"https:\/\/fsportsnet.com\/es\/wp-json\/wp\/v2\/product\/1601","targetHints":{"allow":["GET"]}}],"collection":[{"href":"https:\/\/fsportsnet.com\/es\/wp-json\/wp\/v2\/product"}],"about":[{"href":"https:\/\/fsportsnet.com\/es\/wp-json\/wp\/v2\/types\/product"}],"wp:featuredmedia":[{"embeddable":true,"href":"https:\/\/fsportsnet.com\/es\/wp-json\/wp\/v2\/media\/1589"}],"wp:attachment":[{"href":"https:\/\/fsportsnet.com\/es\/wp-json\/wp\/v2\/media?parent=1601"}],"wp:term":[{"taxonomy":"product_brand","embeddable":true,"href":"https:\/\/fsportsnet.com\/es\/wp-json\/wp\/v2\/product_brand?post=1601"},{"taxonomy":"product_cat","embeddable":true,"href":"https:\/\/fsportsnet.com\/es\/wp-json\/wp\/v2\/product_cat?post=1601"},{"taxonomy":"product_tag","embeddable":true,"href":"https:\/\/fsportsnet.com\/es\/wp-json\/wp\/v2\/product_tag?post=1601"}],"curies":[{"name":"wp","href":"https:\/\/api.w.org\/{rel}","templated":true}]}}