{"id":1603,"date":"2023-04-27T10:29:50","date_gmt":"2023-04-27T02:29:50","guid":{"rendered":"https:\/\/fsportsnet.com\/?post_type=product&#038;p=1603"},"modified":"2023-04-27T10:55:14","modified_gmt":"2023-04-27T02:55:14","slug":"pitch-back-baseball-rebounder-net-softball-baseball-bounce-back-net","status":"publish","type":"product","link":"https:\/\/fsportsnet.com\/es\/product\/pitch-back-baseball-rebounder-net-softball-baseball-bounce-back-net\/","title":{"rendered":"Red de rebote Pitch Back B\u00e9isbol Red de rebote Softball\/B\u00e9isbol"},"content":{"rendered":"<div id=\"featurebullets_feature_div\" class=\"celwidget\" data-feature-name=\"featurebullets\" data-csa-c-type=\"widget\" data-csa-c-content-id=\"featurebullets\" data-csa-c-slot-id=\"featurebullets_feature_div\" data-csa-c-asin=\"B00VUMGYLQ\" data-csa-c-is-in-initial-active-row=\"false\" data-csa-c-id=\"r02nsd-ek31ro-15bazj-k71de6\" data-cel-widget=\"featurebullets_feature_div\">\n<div id=\"feature-bullets\" class=\"a-section a-spacing-medium a-spacing-top-small\">\n<ul class=\"a-unordered-list a-vertical a-spacing-mini\">\n<li>Tama\u00f1o: 6\u00d74\u2032<br \/>\nAltura regulable: 113\/136\/157\/172 cm<br \/>\nMarco: Tubo met\u00e1lico cuadrado de 1\u201d de di\u00e1metro y 1,0 mm de grosor<br \/>\nRed: Red anudada trenzada PE 30 cabos 1,75\u2033.<br \/>\nGancho para cuerda el\u00e1stica: 28 piezas<br \/>\nEmbalaje: Cada juego en una caja de cart\u00f3n K=K, 94x24x10cm, NW 7kg<\/li>\n<li>\n<h1 class=\"a-size-base-plus a-text-bold\">Acerca de este art\u00edculo<\/h1>\n<ul class=\"a-unordered-list a-vertical a-spacing-mini\">\n<li>\n<div id=\"featurebullets_feature_div\" class=\"celwidget\" data-feature-name=\"featurebullets\" data-csa-c-type=\"widget\" data-csa-c-content-id=\"featurebullets\" data-csa-c-slot-id=\"featurebullets_feature_div\" data-csa-c-asin=\"B0B2J8KKZ2\" data-csa-c-is-in-initial-active-row=\"false\" data-csa-c-id=\"qda9rz-af8e7w-31fb81-8p0mr8\" data-cel-widget=\"featurebullets_feature_div\">\n<div id=\"feature-bullets\" class=\"a-section a-spacing-medium a-spacing-top-small\">\n<ul class=\"a-unordered-list a-vertical a-spacing-mini\">\n<li><span class=\"a-list-item\">\ud83c\udfc6TRAINING AID ESSENTIAL\uff1aMuy resistente, duradero,\u00a1Es perfecto para lanzar y atrapar! Dise\u00f1ado para ser un compa\u00f1ero de pr\u00e1ctica uno a uno para el lanzamiento de b\u00e9isbol y softbol.<\/span><\/li>\n<li><span class=\"a-list-item\">\u00a1\u2705ADJUSTABLE ANGLES EASY TO PUT\uff1aEasy push-button self-aligning adjustment makes setup hassle-free.Features quick net adjustment, Innovative pull handle allows you to easily switch between four pitching angles; Great for fielding ground balls, simulating pop flies and live drives, pitching, catching and more!<\/span><\/li>\n<li><span class=\"a-list-item\">\ud83d\udc8eDURABLE REBOTE DE MARCO DE ACERO:Construido con acero robusto y red de malla que rebotar\u00e1 la pelota despu\u00e9s de cada lanzamiento, el montaje de pernos de carro de alta resistencia elimina la vibraci\u00f3n, y los bungies protegidos con malla garantizan un uso al aire libre a largo plazo.<\/span><\/li>\n<li><span class=\"a-list-item\">\ud83c\udf81MAKES UN GRAN REGALO PARA LOS AMANTES DE B\u00c9ISBOL: Cualquier g\u00e9nero cualquier edad de 6 a\u00f1os 20+ Pueden hacer frente a su propio nivel de habilidad, Pitch duro o blando, Cambiar de direcci\u00f3n como en la bola de la mosca o grounder, S\u00f3lo totalmente se adapte a nuestras necesidades y los pone fuera en una cantidad relativamente peque\u00f1a de espacio y les permite tanto excersize f\u00edsica y actividades de desarrollo de habilidades.<\/span><\/li>\n<li><span class=\"a-list-item\">\ud83d\ude0aF\u00c1CIL DE PLEGAR Y ALMACENAR:El dise\u00f1o ligero y port\u00e1til del armaz\u00f3n trasero hace que sea f\u00e1cil de llevar. Se pliega para un almacenamiento r\u00e1pido y f\u00e1cil.<\/span><\/li>\n<\/ul>\n<\/div>\n<\/div>\n<div id=\"provenanceCertifications_feature_div\" class=\"celwidget\" data-feature-name=\"provenanceCertifications\" data-csa-c-type=\"widget\" data-csa-c-content-id=\"provenanceCertifications\" data-csa-c-slot-id=\"provenanceCertifications_feature_div\" data-csa-c-asin=\"B0B2J8KKZ2\" data-csa-c-is-in-initial-active-row=\"false\" data-csa-c-id=\"b7t4e5-ojg1lt-tufzka-eqicxf\" data-cel-widget=\"provenanceCertifications_feature_div\"><\/div>\n<div id=\"serviceCapabilities_feature_div\" class=\"celwidget\" data-feature-name=\"serviceCapabilities\" data-csa-c-type=\"widget\" data-csa-c-content-id=\"serviceCapabilities\" data-csa-c-slot-id=\"serviceCapabilities_feature_div\" data-csa-c-asin=\"B0B2J8KKZ2\" data-csa-c-is-in-initial-active-row=\"false\" data-csa-c-id=\"alaz1v-tu9j3l-cr60xr-o2fhur\" data-cel-widget=\"serviceCapabilities_feature_div\"><\/div>\n<\/li>\n<\/ul>\n<\/li>\n<li><\/li>\n<\/ul>\n<\/div>\n<\/div>","protected":false},"excerpt":{"rendered":"<p>Caracter\u00edsticas y especificaciones:<\/p>\n<p>Robusto entrenador de red de rebote que mejora los lanzamientos y el fildeo<br \/>\n\u00c1ngulos de pitchback ajustables para pop flies, line drives y grounders<br \/>\nConstrucci\u00f3n resistente y duradera con robusto armaz\u00f3n de metal y red para todo tipo de clima<br \/>\nSu dise\u00f1o plegable facilita su almacenamiento y transporte<br \/>\nEstacas incluidas<br \/>\nDevuelve pelotas en una variedad de \u00e1ngulos para la pr\u00e1ctica de lanzamiento, cabeceo y fildeo<br \/>\nEl bastidor en \u00e1ngulo se monta r\u00e1pida y f\u00e1cilmente<\/p>","protected":false},"featured_media":1604,"template":"","meta":{"_gspb_post_css":""},"product_brand":[],"product_cat":[32],"product_tag":[],"class_list":{"0":"post-1603","1":"product","2":"type-product","3":"status-publish","4":"has-post-thumbnail","6":"product_cat-rebounder","8":"first","9":"instock","10":"shipping-taxable","11":"product-type-simple"},"_links":{"self":[{"href":"https:\/\/fsportsnet.com\/es\/wp-json\/wp\/v2\/product\/1603","targetHints":{"allow":["GET"]}}],"collection":[{"href":"https:\/\/fsportsnet.com\/es\/wp-json\/wp\/v2\/product"}],"about":[{"href":"https:\/\/fsportsnet.com\/es\/wp-json\/wp\/v2\/types\/product"}],"wp:featuredmedia":[{"embeddable":true,"href":"https:\/\/fsportsnet.com\/es\/wp-json\/wp\/v2\/media\/1604"}],"wp:attachment":[{"href":"https:\/\/fsportsnet.com\/es\/wp-json\/wp\/v2\/media?parent=1603"}],"wp:term":[{"taxonomy":"product_brand","embeddable":true,"href":"https:\/\/fsportsnet.com\/es\/wp-json\/wp\/v2\/product_brand?post=1603"},{"taxonomy":"product_cat","embeddable":true,"href":"https:\/\/fsportsnet.com\/es\/wp-json\/wp\/v2\/product_cat?post=1603"},{"taxonomy":"product_tag","embeddable":true,"href":"https:\/\/fsportsnet.com\/es\/wp-json\/wp\/v2\/product_tag?post=1603"}],"curies":[{"name":"wp","href":"https:\/\/api.w.org\/{rel}","templated":true}]}}