{"id":1612,"date":"2023-04-27T10:55:26","date_gmt":"2023-04-27T02:55:26","guid":{"rendered":"https:\/\/fsportsnet.com\/?post_type=product&#038;p=1612"},"modified":"2023-04-27T11:17:57","modified_gmt":"2023-04-27T03:17:57","slug":"sports-baseball-rebounder-net-3-way-baseball-softball-pitchback-net","status":"publish","type":"product","link":"https:\/\/fsportsnet.com\/es\/product\/sports-baseball-rebounder-net-3-way-baseball-softball-pitchback-net\/","title":{"rendered":"Red de rebote de b\u00e9isbol Sports Red de rebote de b\u00e9isbol Softball de 3 v\u00edas"},"content":{"rendered":"<div id=\"featurebullets_feature_div\" class=\"celwidget\" data-feature-name=\"featurebullets\" data-csa-c-type=\"widget\" data-csa-c-content-id=\"featurebullets\" data-csa-c-slot-id=\"featurebullets_feature_div\" data-csa-c-asin=\"B00VUMGYLQ\" data-csa-c-is-in-initial-active-row=\"false\" data-csa-c-id=\"r02nsd-ek31ro-15bazj-k71de6\" data-cel-widget=\"featurebullets_feature_div\">\n<div id=\"feature-bullets\" class=\"a-section a-spacing-medium a-spacing-top-small\">\n<ul class=\"a-unordered-list a-vertical a-spacing-mini\">\n<li>1. Tama\u00f1o: 55 pulgadas<br \/>\n2. Tubo de acero: \u03a619\u00d70.6mm<br \/>\n3. Red: red de PE de 24 capas<br \/>\n4. N.W 2.72kg, G.W 2.95kg<br \/>\n5. Tama\u00f1o del embalaje: 21.54\u00d712.8\u00d73.35\u201d.\u201d<\/li>\n<li>\n<h1 class=\"a-size-base-plus a-text-bold\">Acerca de este art\u00edculo<\/h1>\n<ul class=\"a-unordered-list a-vertical a-spacing-mini\">\n<li>\n<div id=\"featurebullets_feature_div\" class=\"celwidget\" data-feature-name=\"featurebullets\" data-csa-c-type=\"widget\" data-csa-c-content-id=\"featurebullets\" data-csa-c-slot-id=\"featurebullets_feature_div\" data-csa-c-asin=\"B0B2J8KKZ2\" data-csa-c-is-in-initial-active-row=\"false\" data-csa-c-id=\"qda9rz-af8e7w-31fb81-8p0mr8\" data-cel-widget=\"featurebullets_feature_div\">\n<div id=\"feature-bullets\" class=\"a-section a-spacing-medium a-spacing-top-small\">\n<ul class=\"a-unordered-list a-vertical a-spacing-mini\">\n<li><span class=\"a-list-item\">MULTI ANGLE RETURN: Este pitch back esta construido con un marco multi angulo para producir pop flies, grounders y line drives<\/span><\/li>\n<li><span class=\"a-list-item\">ZONA DE STRIKE F\u00c1CIL DE COLOCAR: Trabaja en el dominio de la precisi\u00f3n y las habilidades de lanzamiento mediante la fijaci\u00f3n de la huelga z1 auto palo a la altura deseada. No necesita receptor, simplemente retrocede y golpea tu objetivo.<\/span><\/li>\n<li><span class=\"a-list-item\">CONSTRUCCI\u00d3N DE ACERO PARA TODO TEMPO: Construido con tuber\u00edas de acero de 3\/4 pulgadas resistentes a la intemperie para garantizar que pueda soportar un uso intensivo a\u00f1o tras a\u00f1o.<\/span><\/li>\n<li><span class=\"a-list-item\">RED DE ALTA RESISTENCIA: La red de PE de 24 capas est\u00e1 dise\u00f1ada para mantenerse tensa y conseguir un rebote consistente y fiable sesi\u00f3n tras sesi\u00f3n<\/span><\/li>\n<li><span class=\"a-list-item\">PERFECTO PARA B\u00c9ISBOL JUVENIL: Este reboteador es la herramienta de entrenamiento perfecta para que cualquier jugador de las ligas menores practique lanzamientos, lanzamientos, fildeo y mucho m\u00e1s.<\/span><\/li>\n<li><\/li>\n<\/ul>\n<\/div>\n<\/div>\n<div id=\"provenanceCertifications_feature_div\" class=\"celwidget\" data-feature-name=\"provenanceCertifications\" data-csa-c-type=\"widget\" data-csa-c-content-id=\"provenanceCertifications\" data-csa-c-slot-id=\"provenanceCertifications_feature_div\" data-csa-c-asin=\"B0B2J8KKZ2\" data-csa-c-is-in-initial-active-row=\"false\" data-csa-c-id=\"b7t4e5-ojg1lt-tufzka-eqicxf\" data-cel-widget=\"provenanceCertifications_feature_div\"><\/div>\n<div id=\"serviceCapabilities_feature_div\" class=\"celwidget\" data-feature-name=\"serviceCapabilities\" data-csa-c-type=\"widget\" data-csa-c-content-id=\"serviceCapabilities\" data-csa-c-slot-id=\"serviceCapabilities_feature_div\" data-csa-c-asin=\"B0B2J8KKZ2\" data-csa-c-is-in-initial-active-row=\"false\" data-csa-c-id=\"alaz1v-tu9j3l-cr60xr-o2fhur\" data-cel-widget=\"serviceCapabilities_feature_div\"><\/div>\n<\/li>\n<\/ul>\n<\/li>\n<li><\/li>\n<\/ul>\n<\/div>\n<\/div>","protected":false},"excerpt":{"rendered":"<ul class=\"a-unordered-list a-vertical\">\n<li><span class=\"a-list-item\"><span class=\"a-size-base\">Es una herramienta de pr\u00e1ctica individual perfecta para los amantes del b\u00e9isbol, el s\u00f3ftbol, etc.<\/span><\/span><\/li>\n<li><span class=\"a-list-item\"><span class=\"a-size-base\">Cuando no se utiliza, puede plegarse y colocarse en el garaje sin ocupar espacio.<\/span><\/span><\/li>\n<li><span class=\"a-list-item\"><span class=\"a-size-base\">Su sencilla estructura hace que la instalaci\u00f3n de esta red de rebote sea muy sencilla, sin necesidad de invertir demasiado tiempo ni mano de obra.<\/span><\/span><\/li>\n<li><span class=\"a-list-item\"><span class=\"a-size-base\">Esta red de rebote es adecuada para personas de diferentes edades.<\/span><\/span><\/li>\n<li><span class=\"a-list-item\"><span class=\"a-size-base\">El tipo rojo puede aportar el placer de estar en el juego.<\/span><\/span><\/li>\n<\/ul>","protected":false},"featured_media":1617,"template":"","meta":{"_gspb_post_css":""},"product_brand":[],"product_cat":[32],"product_tag":[],"class_list":{"0":"post-1612","1":"product","2":"type-product","3":"status-publish","4":"has-post-thumbnail","6":"product_cat-rebounder","8":"first","9":"instock","10":"shipping-taxable","11":"product-type-simple"},"_links":{"self":[{"href":"https:\/\/fsportsnet.com\/es\/wp-json\/wp\/v2\/product\/1612","targetHints":{"allow":["GET"]}}],"collection":[{"href":"https:\/\/fsportsnet.com\/es\/wp-json\/wp\/v2\/product"}],"about":[{"href":"https:\/\/fsportsnet.com\/es\/wp-json\/wp\/v2\/types\/product"}],"wp:featuredmedia":[{"embeddable":true,"href":"https:\/\/fsportsnet.com\/es\/wp-json\/wp\/v2\/media\/1617"}],"wp:attachment":[{"href":"https:\/\/fsportsnet.com\/es\/wp-json\/wp\/v2\/media?parent=1612"}],"wp:term":[{"taxonomy":"product_brand","embeddable":true,"href":"https:\/\/fsportsnet.com\/es\/wp-json\/wp\/v2\/product_brand?post=1612"},{"taxonomy":"product_cat","embeddable":true,"href":"https:\/\/fsportsnet.com\/es\/wp-json\/wp\/v2\/product_cat?post=1612"},{"taxonomy":"product_tag","embeddable":true,"href":"https:\/\/fsportsnet.com\/es\/wp-json\/wp\/v2\/product_tag?post=1612"}],"curies":[{"name":"wp","href":"https:\/\/api.w.org\/{rel}","templated":true}]}}