{"id":1619,"date":"2023-04-27T11:18:11","date_gmt":"2023-04-27T03:18:11","guid":{"rendered":"https:\/\/fsportsnet.com\/?post_type=product&#038;p=1619"},"modified":"2023-04-27T11:41:14","modified_gmt":"2023-04-27T03:41:14","slug":"baseball-softball-pitchback-net-fielding-trainer-bounce-back-net","status":"publish","type":"product","link":"https:\/\/fsportsnet.com\/es\/product\/baseball-softball-pitchback-net-fielding-trainer-bounce-back-net\/","title":{"rendered":"B\u00e9isbol Softbol Pitchback Red Fielding Trainer Bounce Back Net"},"content":{"rendered":"<div id=\"featurebullets_feature_div\" class=\"celwidget\" data-feature-name=\"featurebullets\" data-csa-c-type=\"widget\" data-csa-c-content-id=\"featurebullets\" data-csa-c-slot-id=\"featurebullets_feature_div\" data-csa-c-asin=\"B00VUMGYLQ\" data-csa-c-is-in-initial-active-row=\"false\" data-csa-c-id=\"r02nsd-ek31ro-15bazj-k71de6\" data-cel-widget=\"featurebullets_feature_div\">\n<div id=\"feature-bullets\" class=\"a-section a-spacing-medium a-spacing-top-small\">\n<ul class=\"a-unordered-list a-vertical a-spacing-mini\">\n<li>1. Tama\u00f1o: 55,5\u00d742,5\u00d732,7\u201d.\u201d<br \/>\n2. Red: Red PE 30ply*1.75<br \/>\n2. Tubo de acero: \uffe032*0,8mm<\/li>\n<li>\n<h1 class=\"a-size-base-plus a-text-bold\">Acerca de este art\u00edculo<\/h1>\n<ul class=\"a-unordered-list a-vertical a-spacing-mini\">\n<li>\n<div id=\"featurebullets_feature_div\" class=\"celwidget\" data-feature-name=\"featurebullets\" data-csa-c-type=\"widget\" data-csa-c-content-id=\"featurebullets\" data-csa-c-slot-id=\"featurebullets_feature_div\" data-csa-c-asin=\"B0B2J8KKZ2\" data-csa-c-is-in-initial-active-row=\"false\" data-csa-c-id=\"qda9rz-af8e7w-31fb81-8p0mr8\" data-cel-widget=\"featurebullets_feature_div\">\n<div id=\"feature-bullets\" class=\"a-section a-spacing-medium a-spacing-top-small\">\n<ul class=\"a-unordered-list a-vertical a-spacing-mini\">\n<li><span class=\"a-list-item\">MULTI ANGLE RETURN: Este pitch back esta construido con un marco multi angulo para producir pop flies, grounders y line drives<\/span><\/li>\n<li><span class=\"a-list-item\">ZONA DE STRIKE F\u00c1CIL DE COLOCAR: Trabaja en el dominio de la precisi\u00f3n y las habilidades de lanzamiento mediante la fijaci\u00f3n de la huelga z1 auto palo a la altura deseada. No necesita receptor, simplemente retrocede y golpea tu objetivo.<\/span><\/li>\n<li><span class=\"a-list-item\">Acero<\/span><\/li>\n<li><span class=\"a-list-item\">Importado<\/span><\/li>\n<li><span class=\"a-list-item\">Estructura de acero de 1,25 pulgadas<\/span><\/li>\n<li><span class=\"a-list-item\">Se ajusta para su uso desde m\u00faltiples \u00e1ngulos<\/span><\/li>\n<li><span class=\"a-list-item\">Red de PE de 30 capas para todo tipo de clima con cinta para la zona de golpeo<\/span><\/li>\n<li><span class=\"a-list-item\">Se pliega para guardarlo c\u00f3modamente<\/span><\/li>\n<li><span class=\"a-list-item\">Dise\u00f1ado tanto para el entrenamiento de lanzamiento como de lanzamiento<\/span><\/li>\n<li><span class=\"a-list-item\">PERFECTO PARA B\u00c9ISBOL JUVENIL: Este reboteador es la herramienta de entrenamiento perfecta para que cualquier jugador de las ligas menores practique lanzamientos, lanzamientos, fildeo y mucho m\u00e1s.<\/span><\/li>\n<\/ul>\n<\/div>\n<\/div>\n<div id=\"provenanceCertifications_feature_div\" class=\"celwidget\" data-feature-name=\"provenanceCertifications\" data-csa-c-type=\"widget\" data-csa-c-content-id=\"provenanceCertifications\" data-csa-c-slot-id=\"provenanceCertifications_feature_div\" data-csa-c-asin=\"B0B2J8KKZ2\" data-csa-c-is-in-initial-active-row=\"false\" data-csa-c-id=\"b7t4e5-ojg1lt-tufzka-eqicxf\" data-cel-widget=\"provenanceCertifications_feature_div\"><\/div>\n<div id=\"serviceCapabilities_feature_div\" class=\"celwidget\" data-feature-name=\"serviceCapabilities\" data-csa-c-type=\"widget\" data-csa-c-content-id=\"serviceCapabilities\" data-csa-c-slot-id=\"serviceCapabilities_feature_div\" data-csa-c-asin=\"B0B2J8KKZ2\" data-csa-c-is-in-initial-active-row=\"false\" data-csa-c-id=\"alaz1v-tu9j3l-cr60xr-o2fhur\" data-cel-widget=\"serviceCapabilities_feature_div\"><\/div>\n<\/li>\n<\/ul>\n<\/li>\n<li><\/li>\n<\/ul>\n<\/div>\n<\/div>","protected":false},"excerpt":{"rendered":"<ul class=\"a-unordered-list a-vertical\">\n<li><span class=\"a-list-item\"><span class=\"a-size-base\">Es una herramienta de pr\u00e1ctica individual perfecta para los amantes del b\u00e9isbol, el s\u00f3ftbol, etc.<\/span><\/span><\/li>\n<li><span class=\"a-list-item\"><span class=\"a-size-base\">Cuando no se utiliza, puede plegarse y colocarse en el garaje sin ocupar espacio.<\/span><\/span><\/li>\n<li><span class=\"a-list-item\"><span class=\"a-size-base\">Su sencilla estructura hace que la instalaci\u00f3n de esta red de rebote sea muy sencilla, sin necesidad de invertir demasiado tiempo ni mano de obra.<\/span><\/span><\/li>\n<li><span class=\"a-list-item\"><span class=\"a-size-base\">Esta red de rebote es adecuada para personas de diferentes edades.<\/span><\/span><\/li>\n<li><span class=\"a-list-item\"><span class=\"a-size-base\">El tipo rojo puede aportar el placer de estar en el juego.<\/span><\/span><\/li>\n<\/ul>","protected":false},"featured_media":1624,"template":"","meta":{"_gspb_post_css":""},"product_brand":[],"product_cat":[32],"product_tag":[],"class_list":{"0":"post-1619","1":"product","2":"type-product","3":"status-publish","4":"has-post-thumbnail","6":"product_cat-rebounder","8":"first","9":"instock","10":"shipping-taxable","11":"product-type-simple"},"_links":{"self":[{"href":"https:\/\/fsportsnet.com\/es\/wp-json\/wp\/v2\/product\/1619","targetHints":{"allow":["GET"]}}],"collection":[{"href":"https:\/\/fsportsnet.com\/es\/wp-json\/wp\/v2\/product"}],"about":[{"href":"https:\/\/fsportsnet.com\/es\/wp-json\/wp\/v2\/types\/product"}],"wp:featuredmedia":[{"embeddable":true,"href":"https:\/\/fsportsnet.com\/es\/wp-json\/wp\/v2\/media\/1624"}],"wp:attachment":[{"href":"https:\/\/fsportsnet.com\/es\/wp-json\/wp\/v2\/media?parent=1619"}],"wp:term":[{"taxonomy":"product_brand","embeddable":true,"href":"https:\/\/fsportsnet.com\/es\/wp-json\/wp\/v2\/product_brand?post=1619"},{"taxonomy":"product_cat","embeddable":true,"href":"https:\/\/fsportsnet.com\/es\/wp-json\/wp\/v2\/product_cat?post=1619"},{"taxonomy":"product_tag","embeddable":true,"href":"https:\/\/fsportsnet.com\/es\/wp-json\/wp\/v2\/product_tag?post=1619"}],"curies":[{"name":"wp","href":"https:\/\/api.w.org\/{rel}","templated":true}]}}