{"id":1650,"date":"2023-04-27T21:22:44","date_gmt":"2023-04-27T13:22:44","guid":{"rendered":"https:\/\/fsportsnet.com\/?post_type=product&#038;p=1650"},"modified":"2023-04-27T21:36:11","modified_gmt":"2023-04-27T13:36:11","slug":"baseball-and-softball-rebounder-net-for-pitching-and-fielding-training","status":"publish","type":"product","link":"https:\/\/fsportsnet.com\/es\/product\/baseball-and-softball-rebounder-net-for-pitching-and-fielding-training\/","title":{"rendered":"Red de rebote de b\u00e9isbol y softball para entrenamiento de lanzamiento y de campo"},"content":{"rendered":"<div id=\"featurebullets_feature_div\" class=\"celwidget\" data-feature-name=\"featurebullets\" data-csa-c-type=\"widget\" data-csa-c-content-id=\"featurebullets\" data-csa-c-slot-id=\"featurebullets_feature_div\" data-csa-c-asin=\"B00VUMGYLQ\" data-csa-c-is-in-initial-active-row=\"false\" data-csa-c-id=\"r02nsd-ek31ro-15bazj-k71de6\" data-cel-widget=\"featurebullets_feature_div\">\n<div id=\"feature-bullets\" class=\"a-section a-spacing-medium a-spacing-top-small\">\n<ul class=\"a-unordered-list a-vertical a-spacing-mini\">\n<li>4\u00d74,5 pies<br \/>\n1. Red: Red anudada PE 30ply 1.75<br \/>\n2. Tubo de acero: \u03a625 x1.0mm<\/li>\n<\/ul>\n<h1 class=\"a-size-base-plus a-text-bold\">Acerca de este art\u00edculo<\/h1>\n<ul class=\"a-unordered-list a-vertical a-spacing-mini\">\n<li><span class=\"a-list-item\">\u00a1Recientemente ACTUALIZADO! Marco de hierro m\u00e1s grueso y red m\u00e1s gruesa para asegurar que este art\u00edculo no se desmorone despu\u00e9s de fuertes patadas \/ golpes. Puede ser utilizado para el f\u00fatbol, b\u00e9isbol, baloncesto, es muy resistente y duradero.<\/span><\/li>\n<li><span class=\"a-list-item\">Perfecto para mejorar la habilidad m\u00faltiple-Contribuye a los ejercicios de reacci\u00f3n, respuesta r\u00e1pida y ajustada.Ideal para la pr\u00e1ctica en solitario.<\/span><\/li>\n<li><span class=\"a-list-item\">HERRAMIENTA DE ENTRENAMIENTO PROFESIONAL - El reboteador cuenta con una red de rebote de alta tensi\u00f3n. Dise\u00f1ado para jugadores que entrenan juntos o en solitario, para mejorar tanto la precisi\u00f3n como la habilidad en todos los aspectos del juego.<\/span><\/li>\n<li><span class=\"a-list-item\">INNOVADOR PANEL AJUSTABLE DE M\u00daLTIPLES \u00c1NGULOS - Cree un entorno de entrenamiento m\u00e1s realista que con cualquier otro reboteador del mercado.<\/span><\/li>\n<li><span class=\"a-list-item\">\u3010Tanto para ni\u00f1os peque\u00f1os y adolescentes\u3011Es un excelente regalo para los ni\u00f1os. La red de rebote puede ser utilizado por rang de edad grande. Tama\u00f1o de la red en 4\u00d74.5ft<\/span><\/li>\n<\/ul>\n<\/div>\n<\/div>","protected":false},"excerpt":{"rendered":"<ul class=\"a-unordered-list a-vertical\">\n<li>Descripci\u00f3n del producto<br \/>\nTama\u00f1o ideal para uso en interiores o exteriores y conveniente para llevar a la playa o al parque. Tiene la misma estructura y componentes de alta resistencia que la Professional. La opci\u00f3n port\u00e1til de interior\/exterior para el deportista serio y en desarrollo tiene m\u00e1s \u00e1rea de rebote.<br \/>\nPr\u00e1ctico tama\u00f1o m\u00e1s peque\u00f1o para uso en interiores o al aire libre - ll\u00e9velo a la playa o al parque para un mont\u00f3n de diversi\u00f3n. El modelo perfecto para que los m\u00e1s peque\u00f1os se inicien en una vida de diversi\u00f3n activa y saludable.<br \/>\nREBOTEADOR DURADERO: El reboteador cuenta con una red de rebote de alta tensi\u00f3n ultra-pesada y robusto marco de acero, dise\u00f1ado para ser utilizado por las escuelas universidades y campamentos de f\u00fatbol.<\/li>\n<\/ul>","protected":false},"featured_media":1641,"template":"","meta":{"_gspb_post_css":""},"product_brand":[],"product_cat":[32],"product_tag":[],"class_list":{"0":"post-1650","1":"product","2":"type-product","3":"status-publish","4":"has-post-thumbnail","6":"product_cat-rebounder","8":"first","9":"instock","10":"shipping-taxable","11":"product-type-simple"},"_links":{"self":[{"href":"https:\/\/fsportsnet.com\/es\/wp-json\/wp\/v2\/product\/1650","targetHints":{"allow":["GET"]}}],"collection":[{"href":"https:\/\/fsportsnet.com\/es\/wp-json\/wp\/v2\/product"}],"about":[{"href":"https:\/\/fsportsnet.com\/es\/wp-json\/wp\/v2\/types\/product"}],"wp:featuredmedia":[{"embeddable":true,"href":"https:\/\/fsportsnet.com\/es\/wp-json\/wp\/v2\/media\/1641"}],"wp:attachment":[{"href":"https:\/\/fsportsnet.com\/es\/wp-json\/wp\/v2\/media?parent=1650"}],"wp:term":[{"taxonomy":"product_brand","embeddable":true,"href":"https:\/\/fsportsnet.com\/es\/wp-json\/wp\/v2\/product_brand?post=1650"},{"taxonomy":"product_cat","embeddable":true,"href":"https:\/\/fsportsnet.com\/es\/wp-json\/wp\/v2\/product_cat?post=1650"},{"taxonomy":"product_tag","embeddable":true,"href":"https:\/\/fsportsnet.com\/es\/wp-json\/wp\/v2\/product_tag?post=1650"}],"curies":[{"name":"wp","href":"https:\/\/api.w.org\/{rel}","templated":true}]}}