{"id":1651,"date":"2023-04-27T21:36:26","date_gmt":"2023-04-27T13:36:26","guid":{"rendered":"https:\/\/fsportsnet.com\/?post_type=product&#038;p=1651"},"modified":"2023-04-27T21:44:17","modified_gmt":"2023-04-27T13:44:17","slug":"sports-baseball-rebounders-pitchback-nest-pitch-return-trainer","status":"publish","type":"product","link":"https:\/\/fsportsnet.com\/es\/product\/sports-baseball-rebounders-pitchback-nest-pitch-return-trainer\/","title":{"rendered":"Deportes B\u00e9isbol Rebounders Pitchback Nest Pitch Return Trainer"},"content":{"rendered":"<h4 class=\"a-size-base-plus a-text-bold\">Acerca de este art\u00edculo<\/h4>\n<ul class=\"a-unordered-list a-vertical a-spacing-mini\">\n<li><span class=\"a-list-item\">RED PARA TODO TIPO DE CLIMA: Ni las lluvias de primavera ni el calor del verano destrozar\u00e1n ni rasgar\u00e1n la duradera red para todo tipo de clima de este entrenador de b\u00e9isbol. Practique las habilidades de b\u00e9isbol de retorno con facilidad y mayor precisi\u00f3n con una red de pitchback que dura<\/span><\/li>\n<li><span class=\"a-list-item\">DISE\u00d1O CURVO \u00daNICO: Ayude a su hijo a practicar t\u00e9cnicas de campo sin necesidad de que otra persona batee pop-ups o grounders. Ayudar a los ni\u00f1os a aprender el campo adecuado r\u00e1pidamente mientras que les da la libertad de pasar horas al aire libre con este entrenador de b\u00e9isbol.<\/span><\/li>\n<li><span class=\"a-list-item\">\u00c1NGULOS AJUSTABLES: Las patas curvadas y ajustables permiten \u00e1ngulos de retorno m\u00e1ximos para mejorar la pr\u00e1ctica y el rendimiento en el campo. Por qu\u00e9 invertir cientos en una m\u00e1quina de lanzamiento cuando se puede obtener m\u00e1s valor con el entrenador de retorno Franklin.<\/span><\/li>\n<li><span class=\"a-list-item\">MARCO DE ACERO DURADERO: Aunque esta red de entrenamiento de b\u00e9isbol est\u00e1 dise\u00f1ada para todo tipo de clima, puede plegar el marco de acero duradero para un f\u00e1cil almacenamiento cuando no est\u00e9 en uso. Disfruta de a\u00f1os de pr\u00e1ctica fiable con esta red de lanzamiento<\/span><\/li>\n<li><span class=\"a-list-item\">PRACTICA T\u00c9CNICAS DE CAMPO: Ni\u00f1os y adultos por igual disfrutar\u00e1n utilizando esta red de mosqueo resistente, s\u00f3lida y fiable. Adem\u00e1s de su marco de acero, tambi\u00e9n viene con estacas para una mayor estabilidad, lanzamiento tras lanzamiento<\/span><\/li>\n<\/ul>","protected":false},"excerpt":{"rendered":"<ul class=\"a-unordered-list a-vertical\">\n<li>\n<h4 class=\"default\">Descripci\u00f3n del producto<\/h4>\n<div id=\"productDescription\" class=\"a-section a-spacing-small\">\n<p>Perfecta para la pr\u00e1ctica del lanzamiento, esta red de entrenamiento de b\u00e9isbol permite a ni\u00f1os y adultos enfrentarse a desafiantes lanzamientos, pelotas a ras de suelo y todo lo dem\u00e1s en los \u00e1ngulos correctos. Desde la pr\u00e1ctica del b\u00e9isbol al softball, ning\u00fan otro entrenador de b\u00e9isbol ofrece una red de lanzamiento tan fiable y un marco de acero para la m\u00e1xima fiabilidad y un uso resistente, d\u00eda tras d\u00eda.<\/p>\n<p>Ahora, los ni\u00f1os pueden practicar con una devoluci\u00f3n de lanzamientos de b\u00e9isbol que les permite perfeccionar sus habilidades de forma independiente. Esta red de rebote de b\u00e9isbol para todo tipo de clima ofrece un entrenamiento de campo m\u00e1s eficaz que una m\u00e1quina de lanzar, al tiempo que permite practicar y mejorar de forma constante. Disponible en dos tama\u00f1os, 68 x 48 y 68 x 44, este entrenador de retorno de b\u00e9isbol cabe f\u00e1cilmente en un patio trasero, en un patio o en cualquier espacio abierto.<\/p>\n<p>Mejore las habilidades de recepci\u00f3n con una red de lanzamiento de b\u00e9isbol que permite la pr\u00e1ctica de lanzamiento hacia atr\u00e1s. No pierda tiempo con una red de entrenamiento de b\u00e9isbol de calidad inferior que se deforma o se rompe. \u00a1Vea por qu\u00e9 el entrenador de devoluci\u00f3n Franklin ofrece el mejor valor y la m\u00e1s alta calidad!<\/p>\n<\/div>\n<\/li>\n<\/ul>","protected":false},"featured_media":1635,"template":"","meta":{"_gspb_post_css":""},"product_brand":[],"product_cat":[32],"product_tag":[],"class_list":{"0":"post-1651","1":"product","2":"type-product","3":"status-publish","4":"has-post-thumbnail","6":"product_cat-rebounder","8":"first","9":"instock","10":"shipping-taxable","11":"product-type-simple"},"_links":{"self":[{"href":"https:\/\/fsportsnet.com\/es\/wp-json\/wp\/v2\/product\/1651","targetHints":{"allow":["GET"]}}],"collection":[{"href":"https:\/\/fsportsnet.com\/es\/wp-json\/wp\/v2\/product"}],"about":[{"href":"https:\/\/fsportsnet.com\/es\/wp-json\/wp\/v2\/types\/product"}],"wp:featuredmedia":[{"embeddable":true,"href":"https:\/\/fsportsnet.com\/es\/wp-json\/wp\/v2\/media\/1635"}],"wp:attachment":[{"href":"https:\/\/fsportsnet.com\/es\/wp-json\/wp\/v2\/media?parent=1651"}],"wp:term":[{"taxonomy":"product_brand","embeddable":true,"href":"https:\/\/fsportsnet.com\/es\/wp-json\/wp\/v2\/product_brand?post=1651"},{"taxonomy":"product_cat","embeddable":true,"href":"https:\/\/fsportsnet.com\/es\/wp-json\/wp\/v2\/product_cat?post=1651"},{"taxonomy":"product_tag","embeddable":true,"href":"https:\/\/fsportsnet.com\/es\/wp-json\/wp\/v2\/product_tag?post=1651"}],"curies":[{"name":"wp","href":"https:\/\/api.w.org\/{rel}","templated":true}]}}