{"id":1652,"date":"2023-04-27T21:44:28","date_gmt":"2023-04-27T13:44:28","guid":{"rendered":"https:\/\/fsportsnet.com\/?post_type=product&#038;p=1652"},"modified":"2023-04-27T21:52:23","modified_gmt":"2023-04-27T13:52:23","slug":"infinity-pitchback-screen-rebound-net-for-baseball-softball-training","status":"publish","type":"product","link":"https:\/\/fsportsnet.com\/es\/product\/infinity-pitchback-screen-rebound-net-for-baseball-softball-training\/","title":{"rendered":"Red de rebote Infinity Pitchback Screen para entrenamiento de b\u00e9isbol softball"},"content":{"rendered":"<div id=\"featurebullets_feature_div\" class=\"celwidget\" data-feature-name=\"featurebullets\" data-csa-c-type=\"widget\" data-csa-c-content-id=\"featurebullets\" data-csa-c-slot-id=\"featurebullets_feature_div\" data-csa-c-asin=\"B00K4XH0EM\" data-csa-c-is-in-initial-active-row=\"false\" data-csa-c-id=\"76qs42-vg6emc-jbfs85-a0hjc1\" data-cel-widget=\"featurebullets_feature_div\">\n<div id=\"feature-bullets\" class=\"a-section a-spacing-medium a-spacing-top-small\">\n<h4 class=\"a-size-base-plus a-text-bold\">Acerca de este art\u00edculo<\/h4>\n<ul class=\"a-unordered-list a-vertical a-spacing-mini\">\n<li><span class=\"a-list-item\">SIN NECESIDAD DE AJUSTE: Dise\u00f1ada con una curva \u00fanica, la malla Infinity Pitchback rebota las pelotas en un n\u00famero infinito de \u00e1ngulos sin necesidad de ajustes. Mant\u00e9n la concentraci\u00f3n y practica durante m\u00e1s tiempo en lugar de parar para cambiar la orientaci\u00f3n de la red.<\/span><\/li>\n<li><span class=\"a-list-item\">LA HERRAMIENTA DE ENTRENAMIENTO ULTIMA: Utilice la pantalla Infinity Pitchback para una variedad de prop\u00f3sitos de entrenamiento. Practique lanzamientos alrededor del plato con el contorno ajustable de la zona de strike. Field pop-ups, grounders y line drives solo o con compa\u00f1eros de equipo.<\/span><\/li>\n<li><span class=\"a-list-item\">AUMENTA LA AGILIDAD: La direcci\u00f3n del rebote cambia dependiendo de d\u00f3nde haga contacto el bal\u00f3n, lo que hace que esta pantalla de lanzamiento hacia atr\u00e1s sea ideal en los ejercicios de entrenamiento. Aumenta la agilidad de los jugadores reaccionando a balones lanzados en \u00e1ngulos extra\u00f1os e inesperados.<\/span><\/li>\n<li><span class=\"a-list-item\">MARCO DE ACERO DURADERO: El marco de 54 x 36 pulgadas (4,5 x 3 pies) est\u00e1 fabricado con tubos de acero de 1 pulgada de di\u00e1metro, con recubrimiento en polvo para un acabado m\u00e1s duro y resistente que dura a trav\u00e9s de temporadas de uso.<\/span><\/li>\n<li><span class=\"a-list-item\">RED RESISTENTE A LA INTEMPERIE: La red de polietileno (PE) de 30 lonas resistente a la intemperie est\u00e1 asegurada por 28 muelles de acero, por lo que puede hacer rebotar las pelotas con br\u00edo y dura temporadas, incluso en condiciones clim\u00e1ticas dif\u00edciles.<\/span><\/li>\n<\/ul>\n<\/div>\n<\/div>\n<div id=\"provenanceCertifications_feature_div\" class=\"celwidget\" data-feature-name=\"provenanceCertifications\" data-csa-c-type=\"widget\" data-csa-c-content-id=\"provenanceCertifications\" data-csa-c-slot-id=\"provenanceCertifications_feature_div\" data-csa-c-asin=\"B00K4XH0EM\" data-csa-c-is-in-initial-active-row=\"false\" data-csa-c-id=\"9ycc5i-pj91ze-7iqs3v-3s236e\" data-cel-widget=\"provenanceCertifications_feature_div\"><\/div>\n<div id=\"serviceCapabilities_feature_div\" class=\"celwidget\" data-feature-name=\"serviceCapabilities\" data-csa-c-type=\"widget\" data-csa-c-content-id=\"serviceCapabilities\" data-csa-c-slot-id=\"serviceCapabilities_feature_div\" data-csa-c-asin=\"B00K4XH0EM\" data-csa-c-is-in-initial-active-row=\"false\" data-csa-c-id=\"q37kwg-bbuz9n-xifnc5-5dab9k\" data-cel-widget=\"serviceCapabilities_feature_div\"><\/div>","protected":false},"excerpt":{"rendered":"<ul class=\"a-unordered-list a-vertical\">\n<li>\n<h4 class=\"default\">Descripci\u00f3n del producto<\/h4>\n<div id=\"productDescription\" class=\"a-section a-spacing-small\">\n<p>Perfecta para la pr\u00e1ctica del lanzamiento, esta red de entrenamiento de b\u00e9isbol permite a ni\u00f1os y adultos enfrentarse a desafiantes lanzamientos, pelotas a ras de suelo y todo lo dem\u00e1s en los \u00e1ngulos correctos. Desde la pr\u00e1ctica del b\u00e9isbol al softball, ning\u00fan otro entrenador de b\u00e9isbol ofrece una red de lanzamiento tan fiable y un marco de acero para la m\u00e1xima fiabilidad y un uso resistente, d\u00eda tras d\u00eda.<\/p>\n<h3 class=\"a-spacing-mini\">Infinitos \u00e1ngulos de rebote sin ajuste<\/h3>\n<p>La forma \u00fanica de la pantalla de rebote Infinity devolver\u00e1 pelotas de tierra, line drives y pop-flys sin ning\u00fan ajuste. Lanza la bola en la parte superior de la pantalla para las bolas de tierra, en el centro para los line drives y en la parte inferior para los pop-flys.<\/p>\n<\/div>\n<\/li>\n<\/ul>","protected":false},"featured_media":1639,"template":"","meta":{"_gspb_post_css":""},"product_brand":[],"product_cat":[32],"product_tag":[],"class_list":{"0":"post-1652","1":"product","2":"type-product","3":"status-publish","4":"has-post-thumbnail","6":"product_cat-rebounder","8":"first","9":"instock","10":"shipping-taxable","11":"product-type-simple"},"_links":{"self":[{"href":"https:\/\/fsportsnet.com\/es\/wp-json\/wp\/v2\/product\/1652","targetHints":{"allow":["GET"]}}],"collection":[{"href":"https:\/\/fsportsnet.com\/es\/wp-json\/wp\/v2\/product"}],"about":[{"href":"https:\/\/fsportsnet.com\/es\/wp-json\/wp\/v2\/types\/product"}],"wp:featuredmedia":[{"embeddable":true,"href":"https:\/\/fsportsnet.com\/es\/wp-json\/wp\/v2\/media\/1639"}],"wp:attachment":[{"href":"https:\/\/fsportsnet.com\/es\/wp-json\/wp\/v2\/media?parent=1652"}],"wp:term":[{"taxonomy":"product_brand","embeddable":true,"href":"https:\/\/fsportsnet.com\/es\/wp-json\/wp\/v2\/product_brand?post=1652"},{"taxonomy":"product_cat","embeddable":true,"href":"https:\/\/fsportsnet.com\/es\/wp-json\/wp\/v2\/product_cat?post=1652"},{"taxonomy":"product_tag","embeddable":true,"href":"https:\/\/fsportsnet.com\/es\/wp-json\/wp\/v2\/product_tag?post=1652"}],"curies":[{"name":"wp","href":"https:\/\/api.w.org\/{rel}","templated":true}]}}