{"id":1666,"date":"2023-04-29T13:48:26","date_gmt":"2023-04-29T05:48:26","guid":{"rendered":"https:\/\/fsportsnet.com\/?post_type=product&#038;p=1666"},"modified":"2023-04-29T13:48:57","modified_gmt":"2023-04-29T05:48:57","slug":"switch-ball-game-set-with-2-launch-mesh-nets-and-2-balls","status":"publish","type":"product","link":"https:\/\/fsportsnet.com\/es\/product\/switch-ball-game-set-with-2-launch-mesh-nets-and-2-balls\/","title":{"rendered":"Switch Ball Game Set con 2 redes de malla de lanzamiento y 2 pelotas"},"content":{"rendered":"<h4 class=\"a-size-base-plus a-text-bold\">Acerca de este art\u00edculo<\/h4>\n<ul class=\"a-unordered-list a-vertical a-spacing-mini\">\n<li class=\"a-spacing-mini\"><span class=\"a-list-item\">FUN TOY: mono fling set para ni\u00f1os, adolescentes, familias y perfecto para interiores y exteriores, patio trasero, playa y tailgate juego o salas de recreo.<\/span><\/li>\n<li class=\"a-spacing-mini\"><span class=\"a-list-item\">GRAN DESARROLLO: este juego de lanzar la pelota es una forma estupenda de desarrollar la coordinaci\u00f3n mano-ojo, fortalece los m\u00fasculos de las manos y los brazos y es \u00fanico y divertido de jugar.<\/span><\/li>\n<li class=\"a-spacing-mini\"><span class=\"a-list-item\">LOS JUEGOS AL AIRE LIBRE MANTENGAN ACTIVOS A LOS NI\u00d1OS: ayuda a los ni\u00f1os a ser m\u00e1s activos y socialmente m\u00e1s h\u00e1biles: los ni\u00f1os no s\u00f3lo mejoran sus habilidades interpersonales sino que aprenden valiosas lecciones sobre el esp\u00edritu de equipo y la sana competencia: un ni\u00f1o puede aprender que lo m\u00e1s importante es la sana competencia y no ganar.<\/span><\/li>\n<li class=\"a-spacing-mini\"><span class=\"a-list-item\">JUEGOS PARA NI\u00d1OS: pueden ayudar a canalizar positivamente las energ\u00edas f\u00edsicas y mentales del ni\u00f1o, los juegos infantiles tambi\u00e9n pueden ayudar al ni\u00f1o a mejorar su capacidad de concentraci\u00f3n y ense\u00f1arle la importancia de completar las tareas: pueden mejorar su propia autoestima.<\/span><\/li>\n<li class=\"a-spacing-mini\"><span class=\"a-list-item\">CONTENIDO: 2 Redes de Lanzamiento, 1 Pelota de Tenis, 1 Pelota de Pickle<\/span><\/li>\n<li>Cada jugador tiene una red y s\u00f3lo se necesita una pelota. Empiezas pasando la pelota al otro jugador moviendo la red hacia fuera e impulsando la pelota en el aire en direcci\u00f3n al otro jugador, que atrapar\u00e1 la pelota en su red o la har\u00e1 rebotar en su propia red y volver\u00e1 a ti. Puedes jugar de forma competitiva o en equipo e intentar conseguir una nueva puntuaci\u00f3n m\u00e1s alta.Chico jugando a Mono Fling Switch Ball en la playa bajo el sol del verano con amigos.<br \/>\nNuevo juego, nuevas habilidades<br \/>\nEste es un gran juego si usted est\u00e1 realmente buscando algo nuevo como un juguete al aire libre. Hay un poco de curva de aprendizaje al principio, pero despu\u00e9s de unos 10 minutos te dar\u00e1s cuenta de que es bastante intuitivo y muy divertido. Los juegos de pelota normales en los que simplemente pasas algo de un lado a otro pueden ser demasiado f\u00e1ciles y despu\u00e9s de 10 minutos pueden resultar realmente aburridos y largos. Sin embargo, Switch Ball es genial porque es mucho m\u00e1s que una simple pelota. \u00a1El tiempo y la coordinaci\u00f3n ojo-mano, as\u00ed como las habilidades motoras finas son realmente exigidos cuando se juega esto!<\/p>\n<p>Switch Ball Incluye, dos pelotas, 2 redes<br \/>\nEl juego incluye<br \/>\nSwitch Ball Mono Fling, incluye una pelota de tenis, una de pickle, dos redes para 2 jugadores y una bolsa de transporte para que puedas llevarlo donde quieras.<\/p>\n<p>Juega pr\u00e1cticamente en cualquier sitio, como la playa, el parque, el jard\u00edn de tu casa y mucho m\u00e1s.<\/p>\n<p>Chica jugando al mono fling Switch Ball en el parque junto al agua pas\u00e1ndoselo en grande con sus amigos.<br \/>\nUna nueva moda<br \/>\nMono Fling Switch Ball es totalmente nuevo en el mercado y ha generado mucha expectaci\u00f3n durante los meses de creaci\u00f3n de este producto \u00fanico en su clase. No pierda el tiempo y pruebe nuestro nuevo juego.<\/li>\n<\/ul>","protected":false},"excerpt":{"rendered":"<p>Switch Ball es un nuevo concepto de juego de pelota, similar al b\u00e1dminton, el tenis y el p\u00e1del, \u00a1todo en uno!<\/p>","protected":false},"featured_media":1669,"template":"","meta":{"_gspb_post_css":""},"product_brand":[],"product_cat":[35,40],"product_tag":[],"class_list":{"0":"post-1666","1":"product","2":"type-product","3":"status-publish","4":"has-post-thumbnail","6":"product_cat-multi-sports-net","7":"product_cat-outdoor-net","9":"first","10":"instock","11":"shipping-taxable","12":"product-type-simple"},"_links":{"self":[{"href":"https:\/\/fsportsnet.com\/es\/wp-json\/wp\/v2\/product\/1666","targetHints":{"allow":["GET"]}}],"collection":[{"href":"https:\/\/fsportsnet.com\/es\/wp-json\/wp\/v2\/product"}],"about":[{"href":"https:\/\/fsportsnet.com\/es\/wp-json\/wp\/v2\/types\/product"}],"wp:featuredmedia":[{"embeddable":true,"href":"https:\/\/fsportsnet.com\/es\/wp-json\/wp\/v2\/media\/1669"}],"wp:attachment":[{"href":"https:\/\/fsportsnet.com\/es\/wp-json\/wp\/v2\/media?parent=1666"}],"wp:term":[{"taxonomy":"product_brand","embeddable":true,"href":"https:\/\/fsportsnet.com\/es\/wp-json\/wp\/v2\/product_brand?post=1666"},{"taxonomy":"product_cat","embeddable":true,"href":"https:\/\/fsportsnet.com\/es\/wp-json\/wp\/v2\/product_cat?post=1666"},{"taxonomy":"product_tag","embeddable":true,"href":"https:\/\/fsportsnet.com\/es\/wp-json\/wp\/v2\/product_tag?post=1666"}],"curies":[{"name":"wp","href":"https:\/\/api.w.org\/{rel}","templated":true}]}}