{"id":45591,"date":"2025-03-01T07:45:53","date_gmt":"2025-03-01T07:45:53","guid":{"rendered":"https:\/\/fsportsnet.com\/?post_type=product&#038;p=45591"},"modified":"2025-03-01T07:50:00","modified_gmt":"2025-03-01T07:50:00","slug":"softball-baseball-batting-cage-netting-heavy-duty-pe-pitching-batting-net-one-piece-square-practice-portable-pitching-cage-net-w-bag-net-only","status":"publish","type":"product","link":"https:\/\/fsportsnet.com\/es\/product\/softball-baseball-batting-cage-netting-heavy-duty-pe-pitching-batting-net-one-piece-square-practice-portable-pitching-cage-net-w-bag-net-only\/","title":{"rendered":"Softball Baseball Batting Cage Netting Heavy Duty PE Pitching Batting Net ,One-piece Square Practice Portable Pitching Cage Net w\/Bag (Net Only)"},"content":{"rendered":"<p>Acerca de este art\u00edculo<br \/>\nJaula de bateo grande y duradera: Esta red de jaula de bateo de b\u00e9isbol de alta calidad es una excelente opci\u00f3n para el equipo de entrenamiento de b\u00e9isbol y softbol. Con unas medidas de 35x10x10FT, es perfecta para todos los entusiastas del deporte, preparadores f\u00edsicos y entrenadores profesionales, ya que ofrece un campo de entrenamiento exclusivo. Su dise\u00f1o totalmente cerrado elimina la preocupaci\u00f3n de que las pelotas salgan despedidas durante el entrenamiento. Adecuado tanto para uso en interiores como en exteriores. Nota: Los postes y el marco no est\u00e1n incluidos.<br \/>\nRed de dise\u00f1o integrado: Espec\u00edficamente dise\u00f1ada para jaulas de bateo de b\u00e9isbol, esta red de una sola pieza sirve como sustituto de las jaulas de b\u00e9isbol cuadradas. Su dise\u00f1o totalmente cerrado le ahorra la molestia de buscar pelotas perdidas, por lo que es ideal para practicar habilidades de bateo y lanzamiento, lo que permite mejoras significativas en las habilidades de bateo o lanzamiento.<br \/>\nMalla de alta calidad: Hecha de material PE, esta red de jaula de bateo cuenta con una excelente resistencia a la intemperie, utilizable en cualquier condici\u00f3n. Es resistente al desgaste y a la corrosi\u00f3n, a prueba de viento y de lluvia, y previene eficazmente los da\u00f1os causados por el sol. Construida con malla anudada de 30 hebras, es muy duradera, lo que garantiza una vida \u00fatil m\u00e1s larga. La malla es gruesa y resistente al desgarro, y soporta eficazmente el impacto de las pelotas bateadas.<br \/>\nDise\u00f1o humanizado: Cuenta con una puerta de jaula reci\u00e9n a\u00f1adida, que se abre y se cierra con ganchos y lazos, lo que facilita la entrada y salida de los atletas al campo de entrenamiento. Este dise\u00f1o mejora la experiencia de entrenamiento, y la red de la jaula de golpeo es adecuada para atletas de todas las edades.<br \/>\nF\u00e1cil de instalar: Este equipo de jaula de entrenamiento de softball de b\u00e9isbol puede ser instalado con \u00e9xito por s\u00f3lo dos personas, gracias a su estructura simple e instrucciones claras. F\u00e1cil de montar de una sola vez. Viene con una bolsa de almacenamiento, por lo que es f\u00e1cil de mover e ideal para llevar a los campos de deportes de interior o al aire libre.<\/p>","protected":false},"excerpt":{"rendered":"<p>Posibilidades ilimitadas de formaci\u00f3n<br \/>\nExperimente la versatilidad de la jaula de bateo para b\u00e9isbol y softball. Compatible con una amplia gama de pelotas, incluidas pelotas de b\u00e9isbol, pelotas de golf, pelotas de tenis y volantes de b\u00e1dminton, esta red satisface todas sus necesidades de entrenamiento. Tanto si practica en interiores como al aire libre, esta red le cubre todas sus necesidades. Desp\u00eddete de las limitaciones y libera todo tu potencial con esta excepcional herramienta de entrenamiento.<\/p>","protected":false},"featured_media":45598,"template":"","meta":{"_gspb_post_css":""},"product_brand":[],"product_cat":[25],"product_tag":[28],"class_list":{"0":"post-45591","1":"product","2":"type-product","3":"status-publish","4":"has-post-thumbnail","6":"product_cat-baseball-net","7":"product_tag-baseball-net","9":"first","10":"instock","11":"shipping-taxable","12":"product-type-simple"},"_links":{"self":[{"href":"https:\/\/fsportsnet.com\/es\/wp-json\/wp\/v2\/product\/45591","targetHints":{"allow":["GET"]}}],"collection":[{"href":"https:\/\/fsportsnet.com\/es\/wp-json\/wp\/v2\/product"}],"about":[{"href":"https:\/\/fsportsnet.com\/es\/wp-json\/wp\/v2\/types\/product"}],"wp:featuredmedia":[{"embeddable":true,"href":"https:\/\/fsportsnet.com\/es\/wp-json\/wp\/v2\/media\/45598"}],"wp:attachment":[{"href":"https:\/\/fsportsnet.com\/es\/wp-json\/wp\/v2\/media?parent=45591"}],"wp:term":[{"taxonomy":"product_brand","embeddable":true,"href":"https:\/\/fsportsnet.com\/es\/wp-json\/wp\/v2\/product_brand?post=45591"},{"taxonomy":"product_cat","embeddable":true,"href":"https:\/\/fsportsnet.com\/es\/wp-json\/wp\/v2\/product_cat?post=45591"},{"taxonomy":"product_tag","embeddable":true,"href":"https:\/\/fsportsnet.com\/es\/wp-json\/wp\/v2\/product_tag?post=45591"}],"curies":[{"name":"wp","href":"https:\/\/api.w.org\/{rel}","templated":true}]}}