{"id":45626,"date":"2025-09-11T17:00:58","date_gmt":"2025-09-11T17:00:58","guid":{"rendered":"https:\/\/fsportsnet.com\/?post_type=product&#038;p=45626"},"modified":"2025-10-07T08:41:47","modified_gmt":"2025-10-07T08:41:47","slug":"10-x-8-ft-golf-practice-hitting-net","status":"publish","type":"product","link":"https:\/\/fsportsnet.com\/es\/product\/10-x-8-ft-golf-practice-hitting-net\/","title":{"rendered":"Fangsheng 10 x 8 pies Golf Practice Hitting Net"},"content":{"rendered":"<p>PN: GN016<br \/>\nJAULA DE CAMPO: Practique con confianza con pelotas de golf reales; El dise\u00f1o de la jaula proporciona redes de v\u00e1stago incorporadas en cada lado y red protectora en la parte superior; Cuenta con una pantalla de impacto de poli\u00e9ster tejido de alta densidad para su uso con simuladores y proyectores de golf (no incluidos).<br \/>\nPANTALLA SIM: Incluye una pantalla de impacto de 88 x 80 pulgadas fabricada en poli\u00e9ster tejido de alta densidad para proporcionar un tel\u00f3n de fondo duradero para el proyector; monitor de inicio y proyector no incluidos.<br \/>\nCONSTRUCCI\u00d3N PREMIUM: Construido para soportar todas las velocidades de swing; Fabricado en fibra de vidrio resistente con red ultraduradera y pantalla de impacto reforzada; La base de acero forrada de espuma minimiza los rebotes y evita que las pelotas se deslicen por debajo.<br \/>\nJAULA SUPERIOR: Permite la pr\u00e1ctica de palos de alto loft como wedges, chips e incluso golpes flop; Protege el techo durante el entrenamiento en interiores.<br \/>\nENORME TAMA\u00d1O: 10\u2032 x 8\u2032 x 5,5\u2032 tama\u00f1o puede acomodar a los golfistas de todas las habilidades, diestro o zurdo; Se monta en unos 5 minutos e incluye bolsa de transporte para el almacenamiento; Tama\u00f1o de la habitaci\u00f3n recomendada: techo de 9 pies de altura con espacio suficiente para la distancia de golpeo deseada.<\/p>","protected":false},"excerpt":{"rendered":"<p>Golf Range Cage 10 x 8 ft Golf Practice Hitting Net - Elija entre pantalla de impacto con gr\u00e1ficos impresos, pantalla de simulador en blanco o red cl\u00e1sica<\/p>","protected":false},"featured_media":45629,"template":"","meta":{"_gspb_post_css":""},"product_brand":[],"product_cat":[26],"product_tag":[],"class_list":{"0":"post-45626","1":"product","2":"type-product","3":"status-publish","4":"has-post-thumbnail","6":"product_cat-golf-net","8":"first","9":"instock","10":"shipping-taxable","11":"product-type-simple"},"_links":{"self":[{"href":"https:\/\/fsportsnet.com\/es\/wp-json\/wp\/v2\/product\/45626","targetHints":{"allow":["GET"]}}],"collection":[{"href":"https:\/\/fsportsnet.com\/es\/wp-json\/wp\/v2\/product"}],"about":[{"href":"https:\/\/fsportsnet.com\/es\/wp-json\/wp\/v2\/types\/product"}],"wp:featuredmedia":[{"embeddable":true,"href":"https:\/\/fsportsnet.com\/es\/wp-json\/wp\/v2\/media\/45629"}],"wp:attachment":[{"href":"https:\/\/fsportsnet.com\/es\/wp-json\/wp\/v2\/media?parent=45626"}],"wp:term":[{"taxonomy":"product_brand","embeddable":true,"href":"https:\/\/fsportsnet.com\/es\/wp-json\/wp\/v2\/product_brand?post=45626"},{"taxonomy":"product_cat","embeddable":true,"href":"https:\/\/fsportsnet.com\/es\/wp-json\/wp\/v2\/product_cat?post=45626"},{"taxonomy":"product_tag","embeddable":true,"href":"https:\/\/fsportsnet.com\/es\/wp-json\/wp\/v2\/product_tag?post=45626"}],"curies":[{"name":"wp","href":"https:\/\/api.w.org\/{rel}","templated":true}]}}