{"id":46506,"date":"2025-11-10T08:13:25","date_gmt":"2025-11-10T08:13:25","guid":{"rendered":"https:\/\/fsportsnet.com\/?post_type=product&#038;p=46506"},"modified":"2025-11-10T08:13:26","modified_gmt":"2025-11-10T08:13:26","slug":"adjustable-portable-badminton-volleyball-tennis-net-system","status":"publish","type":"product","link":"https:\/\/fsportsnet.com\/es\/product\/adjustable-portable-badminton-volleyball-tennis-net-system\/","title":{"rendered":"Red port\u00e1til ajustable de b\u00e1dminton, voleibol y tenis"},"content":{"rendered":"<p>el sistema de red port\u00e1til ajustable de b\u00e1dminton, voleibol y tenis ofrece diversi\u00f3n vers\u00e1til para toda la familia. los postes ajustables permiten cambiar entre las alturas de b\u00e1dminton, voleibol y tenis en cuesti\u00f3n de segundos. su malla duradera se mantiene tensa, mientras que la amplia base mantiene el marco estable en hierba, arena o suelos de interior. la instalaci\u00f3n no requiere herramientas y todo el sistema se pliega en la ligera bolsa de transporte para facilitar el almacenamiento y el transporte. ya sea un partido en el patio trasero, un partido en la playa o un entrenamiento en el gimnasio, esta red multideporte mantiene el juego fluido, r\u00e1pido y divertido para jugadores de todas las edades y niveles de habilidad.<\/p>","protected":false},"excerpt":{"rendered":"<p>disfrute de un juego sin fin con este sistema de red de b\u00e1dminton, voleibol y tenis port\u00e1til y ajustable. su r\u00e1pida instalaci\u00f3n, estructura resistente y opciones de altura lo hacen perfecto para todas las edades y espacios al aire libre.<\/p>","protected":false},"featured_media":46512,"template":"","meta":{"_gspb_post_css":""},"product_brand":[],"product_cat":[34],"product_tag":[102,98,101,56,77,103],"class_list":{"0":"post-46506","1":"product","2":"type-product","3":"status-publish","4":"has-post-thumbnail","6":"product_cat-badminton-net","7":"product_tag-adjustable-height","8":"product_tag-backyard-games","9":"product_tag-badminton-net","10":"product_tag-carry-bag-set","11":"product_tag-portable-sports-net","12":"product_tag-tennis-volleyball-combo","14":"first","15":"instock","16":"shipping-taxable","17":"product-type-simple"},"_links":{"self":[{"href":"https:\/\/fsportsnet.com\/es\/wp-json\/wp\/v2\/product\/46506","targetHints":{"allow":["GET"]}}],"collection":[{"href":"https:\/\/fsportsnet.com\/es\/wp-json\/wp\/v2\/product"}],"about":[{"href":"https:\/\/fsportsnet.com\/es\/wp-json\/wp\/v2\/types\/product"}],"wp:featuredmedia":[{"embeddable":true,"href":"https:\/\/fsportsnet.com\/es\/wp-json\/wp\/v2\/media\/46512"}],"wp:attachment":[{"href":"https:\/\/fsportsnet.com\/es\/wp-json\/wp\/v2\/media?parent=46506"}],"wp:term":[{"taxonomy":"product_brand","embeddable":true,"href":"https:\/\/fsportsnet.com\/es\/wp-json\/wp\/v2\/product_brand?post=46506"},{"taxonomy":"product_cat","embeddable":true,"href":"https:\/\/fsportsnet.com\/es\/wp-json\/wp\/v2\/product_cat?post=46506"},{"taxonomy":"product_tag","embeddable":true,"href":"https:\/\/fsportsnet.com\/es\/wp-json\/wp\/v2\/product_tag?post=46506"}],"curies":[{"name":"wp","href":"https:\/\/api.w.org\/{rel}","templated":true}]}}