{"id":46546,"date":"2025-11-10T08:40:15","date_gmt":"2025-11-10T08:40:15","guid":{"rendered":"https:\/\/fsportsnet.com\/?post_type=product&#038;p=46546"},"modified":"2025-11-10T08:40:15","modified_gmt":"2025-11-10T08:40:15","slug":"portable-outdoor-dual-net-fling-toss-game-set-balls-bag","status":"publish","type":"product","link":"https:\/\/fsportsnet.com\/es\/product\/portable-outdoor-dual-net-fling-toss-game-set-balls-bag\/","title":{"rendered":"Juego de lanzamiento de doble red port\u00e1til para exteriores Juego de pelotas y bolsa"},"content":{"rendered":"<p>te presentamos el juego port\u00e1til de exterior de doble red, pelotas y bolsa: tu kit para jugar en cualquier parte. los tubos ligeros y los suaves agarres de espuma hacen que cada red sea f\u00e1cil de balancear, mientras que la resistente malla devuelve las capturas n\u00edtidas. incluye dos pelotas para diferentes sensaciones y niveles de habilidad, y una bolsa compacta con cord\u00f3n que se guarda r\u00e1pidamente despu\u00e9s de jugar. se monta en cuesti\u00f3n de segundos: se abre la cremallera, se agarra y se empieza a jugar. fomenta la coordinaci\u00f3n mano-ojo, hace que todo el mundo se mueva y cabe en una mochila o en el maletero. desde d\u00edas de playa hasta picnics y escapadas al jard\u00edn, este juego convierte cualquier espacio abierto en un juego r\u00e1pido y divertido.<\/p>","protected":false},"excerpt":{"rendered":"<p>diversi\u00f3n para todas las edades. este juego port\u00e1til de lanzamiento de doble red incluye dos redes de mano, dos pelotas y una bolsa de transporte. r\u00e1pido de montar, c\u00f3modo de sostener y perfecto para la playa, el parque o el jard\u00edn.<\/p>","protected":false},"featured_media":46551,"template":"","meta":{"_gspb_post_css":""},"product_brand":[],"product_cat":[15],"product_tag":[126,124,125,122,123,127],"class_list":{"0":"post-46546","1":"product","2":"type-product","3":"status-publish","4":"has-post-thumbnail","6":"product_cat-others","7":"product_tag-beach-and-park-toys","8":"product_tag-dual-net-set","9":"product_tag-family-yard-games","10":"product_tag-fling-toss-game","11":"product_tag-portable-outdoor-game","12":"product_tag-travel-carry-bag","14":"first","15":"instock","16":"shipping-taxable","17":"product-type-simple"},"_links":{"self":[{"href":"https:\/\/fsportsnet.com\/es\/wp-json\/wp\/v2\/product\/46546","targetHints":{"allow":["GET"]}}],"collection":[{"href":"https:\/\/fsportsnet.com\/es\/wp-json\/wp\/v2\/product"}],"about":[{"href":"https:\/\/fsportsnet.com\/es\/wp-json\/wp\/v2\/types\/product"}],"wp:featuredmedia":[{"embeddable":true,"href":"https:\/\/fsportsnet.com\/es\/wp-json\/wp\/v2\/media\/46551"}],"wp:attachment":[{"href":"https:\/\/fsportsnet.com\/es\/wp-json\/wp\/v2\/media?parent=46546"}],"wp:term":[{"taxonomy":"product_brand","embeddable":true,"href":"https:\/\/fsportsnet.com\/es\/wp-json\/wp\/v2\/product_brand?post=46546"},{"taxonomy":"product_cat","embeddable":true,"href":"https:\/\/fsportsnet.com\/es\/wp-json\/wp\/v2\/product_cat?post=46546"},{"taxonomy":"product_tag","embeddable":true,"href":"https:\/\/fsportsnet.com\/es\/wp-json\/wp\/v2\/product_tag?post=46546"}],"curies":[{"name":"wp","href":"https:\/\/api.w.org\/{rel}","templated":true}]}}