{"id":46563,"date":"2025-11-10T08:54:11","date_gmt":"2025-11-10T08:54:11","guid":{"rendered":"https:\/\/fsportsnet.com\/?post_type=product&#038;p=46563"},"modified":"2025-11-10T08:54:11","modified_gmt":"2025-11-10T08:54:11","slug":"professional-tennis-rebounder-net-with-adjustable-target-line","status":"publish","type":"product","link":"https:\/\/fsportsnet.com\/es\/product\/professional-tennis-rebounder-net-with-adjustable-target-line\/","title":{"rendered":"Red de rebote de tenis profesional con l\u00ednea de tiro ajustable"},"content":{"rendered":"<p>conozca la red de rebote de tenis profesional con l\u00ednea de objetivo ajustable, su compa\u00f1era de confianza para los ejercicios en solitario. la base de acero reforzado mantiene el marco estable y la malla densa proporciona rebotes predecibles para un ritmo de peloteo suave. deslice la l\u00ednea de objetivo para ensayar el despeje de la red en los golpes de fondo, marque la altura de la volea o la colocaci\u00f3n del saque de fondo. la instalaci\u00f3n es r\u00e1pida: conecta los tubos, tensa la red y empieza a golpear. funciona en la entrada de casa, en la pista o en el patio y se desmonta para guardarlo. los materiales duraderos y resistentes a la intemperie aguantan las repeticiones diarias, ayudando a jugadores de todos los niveles a desarrollar consistencia, juego de pies y control seguro de la pelota.<\/p>","protected":false},"excerpt":{"rendered":"<p>La l\u00ednea de tiro ajustable gu\u00eda la profundidad y la altura, mientras que el marco de acero estable y la malla ajustada env\u00edan devoluciones reales para conseguir peloteos limpios en cualquier espacio abierto.<\/p>","protected":false},"featured_media":46566,"template":"","meta":{"_gspb_post_css":""},"product_brand":[],"product_cat":[33],"product_tag":[136,137,129,118,135,75],"class_list":{"0":"post-46563","1":"product","2":"type-product","3":"status-publish","4":"has-post-thumbnail","6":"product_cat-tennis-net","7":"product_tag-adjustable-target","8":"product_tag-backyard-tennis","9":"product_tag-solo-practice","10":"product_tag-steel-frame","11":"product_tag-tennis-rebounder","12":"product_tag-training-net","14":"first","15":"instock","16":"shipping-taxable","17":"product-type-simple"},"_links":{"self":[{"href":"https:\/\/fsportsnet.com\/es\/wp-json\/wp\/v2\/product\/46563","targetHints":{"allow":["GET"]}}],"collection":[{"href":"https:\/\/fsportsnet.com\/es\/wp-json\/wp\/v2\/product"}],"about":[{"href":"https:\/\/fsportsnet.com\/es\/wp-json\/wp\/v2\/types\/product"}],"wp:featuredmedia":[{"embeddable":true,"href":"https:\/\/fsportsnet.com\/es\/wp-json\/wp\/v2\/media\/46566"}],"wp:attachment":[{"href":"https:\/\/fsportsnet.com\/es\/wp-json\/wp\/v2\/media?parent=46563"}],"wp:term":[{"taxonomy":"product_brand","embeddable":true,"href":"https:\/\/fsportsnet.com\/es\/wp-json\/wp\/v2\/product_brand?post=46563"},{"taxonomy":"product_cat","embeddable":true,"href":"https:\/\/fsportsnet.com\/es\/wp-json\/wp\/v2\/product_cat?post=46563"},{"taxonomy":"product_tag","embeddable":true,"href":"https:\/\/fsportsnet.com\/es\/wp-json\/wp\/v2\/product_tag?post=46563"}],"curies":[{"name":"wp","href":"https:\/\/api.w.org\/{rel}","templated":true}]}}