{"id":46569,"date":"2025-11-10T08:57:54","date_gmt":"2025-11-10T08:57:54","guid":{"rendered":"https:\/\/fsportsnet.com\/?post_type=product&#038;p=46569"},"modified":"2025-11-10T08:57:54","modified_gmt":"2025-11-10T08:57:54","slug":"heavy-duty-adjustable-volleyball-rebounder-with-steel-frame","status":"publish","type":"product","link":"https:\/\/fsportsnet.com\/es\/product\/heavy-duty-adjustable-volleyball-rebounder-with-steel-frame\/","title":{"rendered":"Reboteador de voleibol ajustable y resistente con marco de acero"},"content":{"rendered":"<p>este robusto reboteador de voleibol ajustable convierte cualquier espacio abierto en una pista de entrenamiento. un marco de acero r\u00edgido y una red duradera crean un rebote n\u00edtido y predecible para que puedas practicar el ritmo y el juego de pies de rebote y remate. inclina el panel para practicar pases altos, remates bajos o series r\u00e1pidas, y utiliza la cara ancha para repeticiones consistentes. las abrazaderas de goma mantienen la tensi\u00f3n uniforme y las patas en forma de a se apoyan firmemente en el c\u00e9sped o en la pista. el montaje es sencillo: deslizar, fijar y jugar. luego se pliega para guardarlo o transportarlo. dise\u00f1ado tanto para principiantes como para atletas de club, ofrece una respuesta fiable y una mejora m\u00e1s r\u00e1pida de las habilidades sesi\u00f3n tras sesi\u00f3n.<\/p>","protected":false},"excerpt":{"rendered":"<p>el \u00e1ngulo ajustable y la malla tupida env\u00edan devoluciones limpias y repetibles, mientras que el armaz\u00f3n de acero se mantiene estable para los golpes, los sets y la pr\u00e1ctica del remate en cualquier lugar.<\/p>","protected":false},"featured_media":46577,"template":"","meta":{"_gspb_post_css":""},"product_brand":[],"product_cat":[31],"product_tag":[139,107,130,129,118,138],"class_list":{"0":"post-46569","1":"product","2":"type-product","3":"status-publish","4":"has-post-thumbnail","6":"product_cat-volleyball-net","7":"product_tag-adjustable-trainer","8":"product_tag-backyard-sports","9":"product_tag-ball-return","10":"product_tag-solo-practice","11":"product_tag-steel-frame","12":"product_tag-volleyball-rebounder","14":"first","15":"instock","16":"shipping-taxable","17":"product-type-simple"},"_links":{"self":[{"href":"https:\/\/fsportsnet.com\/es\/wp-json\/wp\/v2\/product\/46569","targetHints":{"allow":["GET"]}}],"collection":[{"href":"https:\/\/fsportsnet.com\/es\/wp-json\/wp\/v2\/product"}],"about":[{"href":"https:\/\/fsportsnet.com\/es\/wp-json\/wp\/v2\/types\/product"}],"wp:featuredmedia":[{"embeddable":true,"href":"https:\/\/fsportsnet.com\/es\/wp-json\/wp\/v2\/media\/46577"}],"wp:attachment":[{"href":"https:\/\/fsportsnet.com\/es\/wp-json\/wp\/v2\/media?parent=46569"}],"wp:term":[{"taxonomy":"product_brand","embeddable":true,"href":"https:\/\/fsportsnet.com\/es\/wp-json\/wp\/v2\/product_brand?post=46569"},{"taxonomy":"product_cat","embeddable":true,"href":"https:\/\/fsportsnet.com\/es\/wp-json\/wp\/v2\/product_cat?post=46569"},{"taxonomy":"product_tag","embeddable":true,"href":"https:\/\/fsportsnet.com\/es\/wp-json\/wp\/v2\/product_tag?post=46569"}],"curies":[{"name":"wp","href":"https:\/\/api.w.org\/{rel}","templated":true}]}}