{"id":46653,"date":"2025-11-10T09:47:33","date_gmt":"2025-11-10T09:47:33","guid":{"rendered":"https:\/\/fsportsnet.com\/?post_type=product&#038;p=46653"},"modified":"2025-11-10T09:47:33","modified_gmt":"2025-11-10T09:47:33","slug":"professional-steel-hockey-goal-goalie-target-shooting-net","status":"publish","type":"product","link":"https:\/\/fsportsnet.com\/es\/product\/professional-steel-hockey-goal-goalie-target-shooting-net\/","title":{"rendered":"Red de tiro profesional de acero para porter\u00eda de hockey"},"content":{"rendered":"<p>la porter\u00eda de hockey profesional de acero est\u00e1 dise\u00f1ada para ayudar a los jugadores a mejorar su precisi\u00f3n de tiro. fabricada con un s\u00f3lido armaz\u00f3n de acero y una red reforzada resistente a la intemperie, puede soportar potentes disparos con facilidad. la cubierta realista de la porter\u00eda proporciona zonas de puntuaci\u00f3n espec\u00edficas, ayud\u00e1ndole a practicar disparos de primera, de cinco agujeros y de esquina con precisi\u00f3n. la instalaci\u00f3n es r\u00e1pida, y las fijaciones el\u00e1sticas mantienen la porter\u00eda ajustada y sensible. ideal para su uso en el patio trasero, la pista o las instalaciones de entrenamiento, esta porter\u00eda es una herramienta duradera y de alto rendimiento que genera confianza y precisi\u00f3n con cada disparo que realiza.<\/p>","protected":false},"excerpt":{"rendered":"<p>esta porter\u00eda de hockey profesional de acero con red de tiro al blanco para portero ayuda a afinar la punter\u00eda y la potencia. los tubos de acero resistentes y una detallada hoja para portero gu\u00edan los tiros de precisi\u00f3n para practicar en solitario o en equipo.<\/p>","protected":false},"featured_media":46655,"template":"","meta":{"_gspb_post_css":""},"product_brand":[],"product_cat":[37],"product_tag":[182,57,183,120,118,106],"class_list":{"0":"post-46653","1":"product","2":"type-product","3":"status-publish","4":"has-post-thumbnail","6":"product_cat-hockey-goal","7":"product_tag-goalie-trainer","8":"product_tag-hockey-goal","9":"product_tag-shooting-practice","10":"product_tag-sports-equipment","11":"product_tag-steel-frame","12":"product_tag-target-net","14":"first","15":"instock","16":"shipping-taxable","17":"product-type-simple"},"_links":{"self":[{"href":"https:\/\/fsportsnet.com\/es\/wp-json\/wp\/v2\/product\/46653","targetHints":{"allow":["GET"]}}],"collection":[{"href":"https:\/\/fsportsnet.com\/es\/wp-json\/wp\/v2\/product"}],"about":[{"href":"https:\/\/fsportsnet.com\/es\/wp-json\/wp\/v2\/types\/product"}],"wp:featuredmedia":[{"embeddable":true,"href":"https:\/\/fsportsnet.com\/es\/wp-json\/wp\/v2\/media\/46655"}],"wp:attachment":[{"href":"https:\/\/fsportsnet.com\/es\/wp-json\/wp\/v2\/media?parent=46653"}],"wp:term":[{"taxonomy":"product_brand","embeddable":true,"href":"https:\/\/fsportsnet.com\/es\/wp-json\/wp\/v2\/product_brand?post=46653"},{"taxonomy":"product_cat","embeddable":true,"href":"https:\/\/fsportsnet.com\/es\/wp-json\/wp\/v2\/product_cat?post=46653"},{"taxonomy":"product_tag","embeddable":true,"href":"https:\/\/fsportsnet.com\/es\/wp-json\/wp\/v2\/product_tag?post=46653"}],"curies":[{"name":"wp","href":"https:\/\/api.w.org\/{rel}","templated":true}]}}