{"id":46715,"date":"2025-11-10T10:23:30","date_gmt":"2025-11-10T10:23:30","guid":{"rendered":"https:\/\/fsportsnet.com\/?post_type=product&#038;p=46715"},"modified":"2025-11-10T10:23:30","modified_gmt":"2025-11-10T10:23:30","slug":"portable-regulation-pickleball-net-system-with-carry-bag","status":"publish","type":"product","link":"https:\/\/fsportsnet.com\/es\/product\/portable-regulation-pickleball-net-system-with-carry-bag\/","title":{"rendered":"Sistema port\u00e1til de red reglamentaria para pickleball con bolsa de transporte"},"content":{"rendered":"<p>fabricada para el juego diario, esta red port\u00e1til reglamentaria de pickleball se monta r\u00e1pidamente y se bloquea firmemente para ofrecer una verdadera sensaci\u00f3n de pista. el marco de acero resiste la flexi\u00f3n, mientras que la malla sin nudos se mantiene lisa y sin enganches. una banda superior blanca mejora la visibilidad en la pista. los pies equilibrados de perfil bajo mantienen la red estable sin masticar el suelo de su entrada o gimnasio. cuando haya terminado, todo se desliza en la bolsa de transporte incluida para que pueda guardarla en un armario o tirarla en el maletero. perfecta para entradas de veh\u00edculos, parques, gimnasios y noches de liga ocasionales.<\/p>","protected":false},"excerpt":{"rendered":"<p>monte un partido de verdad en cuesti\u00f3n de minutos. esta red reglamentaria port\u00e1til utiliza un robusto armaz\u00f3n de acero y una malla sin nudos para que el rebote sea uniforme. las anchas bases lastradas a\u00f1aden estabilidad con poco viento. gu\u00e1rdelo todo en la bolsa de transporte para transportarlo f\u00e1cilmente y guardarlo de forma compacta.<\/p>","protected":false},"featured_media":46718,"template":"","meta":{"_gspb_post_css":""},"product_brand":[],"product_cat":[27],"product_tag":[163,89,159,171,160,118],"class_list":{"0":"post-46715","1":"product","2":"type-product","3":"status-publish","4":"has-post-thumbnail","6":"product_cat-pickleball-net","7":"product_tag-backyard-court","8":"product_tag-carry-bag","9":"product_tag-pickleball-net","10":"product_tag-portable-net-system","11":"product_tag-regulation-size","12":"product_tag-steel-frame","14":"first","15":"instock","16":"shipping-taxable","17":"product-type-simple"},"_links":{"self":[{"href":"https:\/\/fsportsnet.com\/es\/wp-json\/wp\/v2\/product\/46715","targetHints":{"allow":["GET"]}}],"collection":[{"href":"https:\/\/fsportsnet.com\/es\/wp-json\/wp\/v2\/product"}],"about":[{"href":"https:\/\/fsportsnet.com\/es\/wp-json\/wp\/v2\/types\/product"}],"wp:featuredmedia":[{"embeddable":true,"href":"https:\/\/fsportsnet.com\/es\/wp-json\/wp\/v2\/media\/46718"}],"wp:attachment":[{"href":"https:\/\/fsportsnet.com\/es\/wp-json\/wp\/v2\/media?parent=46715"}],"wp:term":[{"taxonomy":"product_brand","embeddable":true,"href":"https:\/\/fsportsnet.com\/es\/wp-json\/wp\/v2\/product_brand?post=46715"},{"taxonomy":"product_cat","embeddable":true,"href":"https:\/\/fsportsnet.com\/es\/wp-json\/wp\/v2\/product_cat?post=46715"},{"taxonomy":"product_tag","embeddable":true,"href":"https:\/\/fsportsnet.com\/es\/wp-json\/wp\/v2\/product_tag?post=46715"}],"curies":[{"name":"wp","href":"https:\/\/api.w.org\/{rel}","templated":true}]}}