{"id":46731,"date":"2025-11-11T01:31:40","date_gmt":"2025-11-11T01:31:40","guid":{"rendered":"https:\/\/fsportsnet.com\/?post_type=product&#038;p=46731"},"modified":"2025-11-11T01:32:25","modified_gmt":"2025-11-11T01:32:25","slug":"colorful-led-volleyball-net-with-remote-control-lighting","status":"publish","type":"product","link":"https:\/\/fsportsnet.com\/es\/product\/colorful-led-volleyball-net-with-remote-control-lighting\/","title":{"rendered":"Red de voleibol LED de colores con iluminaci\u00f3n por control remoto"},"content":{"rendered":"<p>ilumine los partidos amistosos con esta red de voleibol de leds dise\u00f1ada para piscinas, patios y patios traseros. las luces rgb se extienden a lo largo del borde y cambian de modo por control remoto, para que pueda establecer colores s\u00f3lidos, fundidos o efectos intermitentes. un bot\u00f3n de atenuaci\u00f3n y temporizador ayudan a ahorrar energ\u00eda durante los partidos largos. la red utiliza una malla duradera sin nudos con costuras reforzadas y ojales met\u00e1licos para un atado r\u00e1pido. los materiales resistentes a la intemperie soportan las salpicaduras, el sol y la lluvia ligera. se instala en minutos en la mayor\u00eda de los soportes port\u00e1tiles o fijos. ideal para noches familiares, fiestas o ejercicios de entrenamiento cuando se pone el sol. los sencillos pasos de instalaci\u00f3n est\u00e1n impresos en la funda.<\/p>","protected":false},"excerpt":{"rendered":"<p>da color a cada peloteo. esta red de voleibol de leds brilla alrededor del marco y funciona en varios modos con el mando a distancia. r\u00e1pida de instalar, resistente a la intemperie y segura de atenuar. \u00a1perfecta para fiestas en la piscina y trasnochar!<\/p>","protected":false},"featured_media":46736,"template":"","meta":{"_gspb_post_css":""},"product_brand":[],"product_cat":[31],"product_tag":[212,213,216,214,215,217],"class_list":{"0":"post-46731","1":"product","2":"type-product","3":"status-publish","4":"has-post-thumbnail","6":"product_cat-volleyball-net","7":"product_tag-led-volleyball-net","8":"product_tag-light-up-sports-net","9":"product_tag-outdoor-night-games","10":"product_tag-pool-volleyball-set","11":"product_tag-remote-control-lights","12":"product_tag-waterproof-volleyball-net","14":"first","15":"instock","16":"shipping-taxable","17":"product-type-simple"},"_links":{"self":[{"href":"https:\/\/fsportsnet.com\/es\/wp-json\/wp\/v2\/product\/46731","targetHints":{"allow":["GET"]}}],"collection":[{"href":"https:\/\/fsportsnet.com\/es\/wp-json\/wp\/v2\/product"}],"about":[{"href":"https:\/\/fsportsnet.com\/es\/wp-json\/wp\/v2\/types\/product"}],"wp:featuredmedia":[{"embeddable":true,"href":"https:\/\/fsportsnet.com\/es\/wp-json\/wp\/v2\/media\/46736"}],"wp:attachment":[{"href":"https:\/\/fsportsnet.com\/es\/wp-json\/wp\/v2\/media?parent=46731"}],"wp:term":[{"taxonomy":"product_brand","embeddable":true,"href":"https:\/\/fsportsnet.com\/es\/wp-json\/wp\/v2\/product_brand?post=46731"},{"taxonomy":"product_cat","embeddable":true,"href":"https:\/\/fsportsnet.com\/es\/wp-json\/wp\/v2\/product_cat?post=46731"},{"taxonomy":"product_tag","embeddable":true,"href":"https:\/\/fsportsnet.com\/es\/wp-json\/wp\/v2\/product_tag?post=46731"}],"curies":[{"name":"wp","href":"https:\/\/api.w.org\/{rel}","templated":true}]}}