{"id":46772,"date":"2025-11-11T02:06:09","date_gmt":"2025-11-11T02:06:09","guid":{"rendered":"https:\/\/fsportsnet.com\/?post_type=product&#038;p=46772"},"modified":"2025-11-11T02:06:09","modified_gmt":"2025-11-11T02:06:09","slug":"portable-pickleball-net-set-with-paddles-balls-and-carry-bag","status":"publish","type":"product","link":"https:\/\/fsportsnet.com\/es\/product\/portable-pickleball-net-set-with-paddles-balls-and-carry-bag\/","title":{"rendered":"Set De Red Port\u00e1til Para Pickleball Con Palas Pelotas Y Bolsa De Transporte"},"content":{"rendered":"<p>Este set de pickleball todo en uno facilita el inicio de un partido est\u00e9 donde est\u00e9. El marco se monta r\u00e1pidamente sin herramientas, y la malla tensada mantiene la altura constante para un juego limpio. Los postes ligeros y un soporte central crean una estabilidad fiable a la vez que ocupan poco espacio. Se incluyen dos palas y pelotas, adem\u00e1s de una resistente bolsa de transporte para guardarla y transportarla de forma ordenada. Util\u00edcelo en la entrada de casa, en el gimnasio del colegio o en el centro comunitario para dar clases, jugar en familia o practicar con el club. Sencillo, port\u00e1til y listo para el juego diario.<\/p>","protected":false},"excerpt":{"rendered":"<p>ll\u00e9vate el pickleball a cualquier parte. este juego de red port\u00e1til incluye palas, pelotas y una resistente bolsa de transporte. la instalaci\u00f3n sin herramientas se realiza r\u00e1pidamente y una base estable mantiene la altura para realizar peloteos limpios en casa, en el gimnasio o en el parque.<\/p>","protected":false},"featured_media":46775,"template":"","meta":{"_gspb_post_css":""},"product_brand":[],"product_cat":[27],"product_tag":[89,248,247,245,246,95],"class_list":{"0":"post-46772","1":"product","2":"type-product","3":"status-publish","4":"has-post-thumbnail","6":"product_cat-pickleball-net","7":"product_tag-carry-bag","8":"product_tag-indoor-outdoor-play","9":"product_tag-paddles-and-balls","10":"product_tag-pickleball-net-set","11":"product_tag-portable-pickleball","12":"product_tag-quick-setup","14":"first","15":"instock","16":"shipping-taxable","17":"product-type-simple"},"_links":{"self":[{"href":"https:\/\/fsportsnet.com\/es\/wp-json\/wp\/v2\/product\/46772","targetHints":{"allow":["GET"]}}],"collection":[{"href":"https:\/\/fsportsnet.com\/es\/wp-json\/wp\/v2\/product"}],"about":[{"href":"https:\/\/fsportsnet.com\/es\/wp-json\/wp\/v2\/types\/product"}],"wp:featuredmedia":[{"embeddable":true,"href":"https:\/\/fsportsnet.com\/es\/wp-json\/wp\/v2\/media\/46775"}],"wp:attachment":[{"href":"https:\/\/fsportsnet.com\/es\/wp-json\/wp\/v2\/media?parent=46772"}],"wp:term":[{"taxonomy":"product_brand","embeddable":true,"href":"https:\/\/fsportsnet.com\/es\/wp-json\/wp\/v2\/product_brand?post=46772"},{"taxonomy":"product_cat","embeddable":true,"href":"https:\/\/fsportsnet.com\/es\/wp-json\/wp\/v2\/product_cat?post=46772"},{"taxonomy":"product_tag","embeddable":true,"href":"https:\/\/fsportsnet.com\/es\/wp-json\/wp\/v2\/product_tag?post=46772"}],"curies":[{"name":"wp","href":"https:\/\/api.w.org\/{rel}","templated":true}]}}