{"id":46819,"date":"2025-11-11T02:39:33","date_gmt":"2025-11-11T02:39:33","guid":{"rendered":"https:\/\/fsportsnet.com\/?post_type=product&#038;p=46819"},"modified":"2025-11-11T02:39:33","modified_gmt":"2025-11-11T02:39:33","slug":"adjustable-multi-sport-net-with-rolling-base-and-casters","status":"publish","type":"product","link":"https:\/\/fsportsnet.com\/es\/product\/adjustable-multi-sport-net-with-rolling-base-and-casters\/","title":{"rendered":"Red Multideporte Ajustable Con Base Enrollable Y Ruedas"},"content":{"rendered":"<p>Flexibilice cualquier pista. Esta red multideporte ajustable se desliza sobre ruedas con bloqueo para que pueda colocarla f\u00e1cilmente y asegurarla para el juego. Los postes telesc\u00f3picos le permiten ajustar la altura para pickleball, tenis, voleibol o b\u00e1dminton, y la amplia base mantiene el marco estable durante los peloteos. La resistente malla mantiene una tensi\u00f3n uniforme y sirve como pantalla de entrenamiento o separador de pista para ejercicios y clases. El montaje es sencillo y requiere pocas herramientas, y las secciones se desmontan r\u00e1pidamente para su almacenamiento. Ideal para colegios, clubes, campamentos y gimnasios dom\u00e9sticos en los que el espacio es un problema, esta red ofrece un montaje r\u00e1pido y un uso diario fiable.<\/p>","protected":false},"excerpt":{"rendered":"<p>una red para muchos juegos. despli\u00e9guela, bloquee las ruedas y ajuste la altura para pickleball, tenis, voleibol o b\u00e1dminton. el marco se mueve suavemente, se mantiene firme y se recoge r\u00e1pidamente despu\u00e9s de la pr\u00e1ctica.<\/p>","protected":false},"featured_media":46823,"template":"","meta":{"_gspb_post_css":""},"product_brand":[],"product_cat":[27],"product_tag":[276,279,275,278,105,277],"class_list":{"0":"post-46819","1":"product","2":"type-product","3":"status-publish","4":"has-post-thumbnail","6":"product_cat-pickleball-net","7":"product_tag-adjustable-height-net","8":"product_tag-indoor-outdoor-divider","9":"product_tag-multi-sport-net","10":"product_tag-pickleball-tennis-volleyball","11":"product_tag-portable-practice-net","12":"product_tag-rolling-base-casters","14":"first","15":"instock","16":"shipping-taxable","17":"product-type-simple"},"_links":{"self":[{"href":"https:\/\/fsportsnet.com\/es\/wp-json\/wp\/v2\/product\/46819","targetHints":{"allow":["GET"]}}],"collection":[{"href":"https:\/\/fsportsnet.com\/es\/wp-json\/wp\/v2\/product"}],"about":[{"href":"https:\/\/fsportsnet.com\/es\/wp-json\/wp\/v2\/types\/product"}],"wp:featuredmedia":[{"embeddable":true,"href":"https:\/\/fsportsnet.com\/es\/wp-json\/wp\/v2\/media\/46823"}],"wp:attachment":[{"href":"https:\/\/fsportsnet.com\/es\/wp-json\/wp\/v2\/media?parent=46819"}],"wp:term":[{"taxonomy":"product_brand","embeddable":true,"href":"https:\/\/fsportsnet.com\/es\/wp-json\/wp\/v2\/product_brand?post=46819"},{"taxonomy":"product_cat","embeddable":true,"href":"https:\/\/fsportsnet.com\/es\/wp-json\/wp\/v2\/product_cat?post=46819"},{"taxonomy":"product_tag","embeddable":true,"href":"https:\/\/fsportsnet.com\/es\/wp-json\/wp\/v2\/product_tag?post=46819"}],"curies":[{"name":"wp","href":"https:\/\/api.w.org\/{rel}","templated":true}]}}