{"id":46829,"date":"2025-11-11T02:41:56","date_gmt":"2025-11-11T02:41:56","guid":{"rendered":"https:\/\/fsportsnet.com\/?post_type=product&#038;p=46829"},"modified":"2025-11-11T02:41:56","modified_gmt":"2025-11-11T02:41:56","slug":"large-golf-practice-cage-net-for-outdoor-swing-training","status":"publish","type":"product","link":"https:\/\/fsportsnet.com\/es\/product\/large-golf-practice-cage-net-for-outdoor-swing-training\/","title":{"rendered":"Gran jaula de pr\u00e1cticas de golf con red para entrenar el swing al aire libre"},"content":{"rendered":"<p>Convierta el c\u00e9sped abierto en una fiable bah\u00eda de golpeo. La gran superficie de la jaula le ofrece un espacio seguro para realizar swings completos, mientras que las paredes laterales y el panel del techo mantienen las pelotas contenidas y facilitan su recogida. Una malla suave y duradera absorbe la velocidad para reducir el ruido y el rebote, y los anclajes al suelo ayudan a que la estructura se mantenga firme en un abrir y cerrar de ojos. Las secciones se ensamblan r\u00e1pidamente para el montaje y se desmontan con la misma facilidad cuando es necesario guardarlas. Util\u00edcelo para wedges, hierros largos o driver con bolas de espuma o de verdad, seg\u00fan lo permita su zona. Simple, seguro y consistente, ideal para la pr\u00e1ctica diaria al aire libre.<\/p>","protected":false},"excerpt":{"rendered":"<p>esta espaciosa jaula rodea los tiros con laterales altos y un panel en el techo, para que los golpes queden contenidos. la suave malla reduce el rebote y el ruido, mientras que el marco se ancla con rapidez para conseguir repeticiones tranquilas y constantes.<\/p>","protected":false},"featured_media":46834,"template":"","meta":{"_gspb_post_css":""},"product_brand":[],"product_cat":[26],"product_tag":[94,109,282,281,280,239],"class_list":{"0":"post-46829","1":"product","2":"type-product","3":"status-publish","4":"has-post-thumbnail","6":"product_cat-golf-net","7":"product_tag-backyard-training","8":"product_tag-golf-practice-cage","9":"product_tag-impact-mesh","10":"product_tag-large-hitting-bay","11":"product_tag-outdoor-golf-net","12":"product_tag-portable-golf-cage","14":"first","15":"instock","16":"shipping-taxable","17":"product-type-simple"},"_links":{"self":[{"href":"https:\/\/fsportsnet.com\/es\/wp-json\/wp\/v2\/product\/46829","targetHints":{"allow":["GET"]}}],"collection":[{"href":"https:\/\/fsportsnet.com\/es\/wp-json\/wp\/v2\/product"}],"about":[{"href":"https:\/\/fsportsnet.com\/es\/wp-json\/wp\/v2\/types\/product"}],"wp:featuredmedia":[{"embeddable":true,"href":"https:\/\/fsportsnet.com\/es\/wp-json\/wp\/v2\/media\/46834"}],"wp:attachment":[{"href":"https:\/\/fsportsnet.com\/es\/wp-json\/wp\/v2\/media?parent=46829"}],"wp:term":[{"taxonomy":"product_brand","embeddable":true,"href":"https:\/\/fsportsnet.com\/es\/wp-json\/wp\/v2\/product_brand?post=46829"},{"taxonomy":"product_cat","embeddable":true,"href":"https:\/\/fsportsnet.com\/es\/wp-json\/wp\/v2\/product_cat?post=46829"},{"taxonomy":"product_tag","embeddable":true,"href":"https:\/\/fsportsnet.com\/es\/wp-json\/wp\/v2\/product_tag?post=46829"}],"curies":[{"name":"wp","href":"https:\/\/api.w.org\/{rel}","templated":true}]}}