{"id":571,"date":"2023-04-05T22:24:56","date_gmt":"2023-04-05T14:24:56","guid":{"rendered":"https:\/\/fsportsnet.com\/?post_type=product&#038;p=571"},"modified":"2023-04-25T11:38:30","modified_gmt":"2023-04-25T03:38:30","slug":"7x7-factory-wholesale-high-quality-portable-pitching-hitting-baseball-net","status":"publish","type":"product","link":"https:\/\/fsportsnet.com\/es\/product\/7x7-factory-wholesale-high-quality-portable-pitching-hitting-baseball-net\/","title":{"rendered":"7\u2032 X 7\u2032 B\u00e9isbol Softbol Pr\u00e1ctica Pitching Net Deluxe Tee Ball Caddy"},"content":{"rendered":"<p>1. Tama\u00f1o total: 7 x 7\u2032<br \/>\n2. Marco: Tubo de hierro con pintura negra de 1\u2033 de di\u00e1metro y 1,0 mm de grosor.<br \/>\n3. Poste: \u03a612,7mm fibra de vidrio negro s\u00f3lido.<br \/>\n4. Red: Red sin nudos de poli\u00e9ster negro de 7 capas de 1,75\u2033 con ribete de tejido 420D.<br \/>\n5. Material de la funda de transporte: Tejido oxford 600D<br \/>\n6. Embalaje: Cada juego en una caja de cart\u00f3n K=K, 114\u00d714,8\u00d714,8 cm.<br \/>\n7. G.W6.2kg, N.W 5.5kg<br \/>\n8. Paquete: 1 x red, 4 x tubos de metal, 4 x postes, 1 x bolsa de transporte, 4 x estacas en forma de U, 1 x instrucciones A4<\/p>\n<p>\u3010TODO EN UN PAQUETE DE ENTRENADOR\u3011 7\u2019x7\u2032 Baseball Softball Practice Net + Deluxe Tee (4,20 lbs) + Ball Caddy + 3 Pack Baseballs + Strike Zone Empaquetados juntos para entrenadores, la zona de strike designada hace que sea m\u00e1s f\u00e1cil batear, perfecto para principiantes, as\u00ed como profesionales para practicar; Esta red de pr\u00e1ctica de b\u00e9isbol y softball es ideal para el entrenamiento familiar y es adecuada para el entrenamiento en equipo o en solitario, proporcionar\u00e1 todo lo necesario para la configuraci\u00f3n de entrenamiento ya sea en el exterior, patio trasero, patio, c\u00e9sped o en cualquier lugar.<br \/>\n\u3010F\u00c1CIL INSTALACI\u00d3N Y ULTRA PORT\u00c1TIL \u3011 F\u00e1cil configuraci\u00f3n el 7\u2019x7\u2019 DLX NET, se instala en menos de 2 minutos. Incluye estacas de acero para mayor estabilidad. Y nuestra red de b\u00e9isbol montar r\u00e1pidamente y se puede embalar en una bolsa de transporte para un f\u00e1cil almacenamiento y colocaci\u00f3n, ligero para facilitar su transporte y transporte.<br \/>\n\u3010DELUXE TEE \u3011 Grande para cualquier sesi\u00f3n de bateo de trabajo Tee. Funciona para cualquier atleta, el tee de b\u00e9isbol es ajustable en altura de 13,8 \u201da 37,4\u201d para diferentes necesidades.\u3010BALL CADDY\u3011 Cremallera de actualizaci\u00f3n y dise\u00f1o port\u00e1til, se configura en segundos, sin necesidad de herramientas, totalmente plegable. Caddy de pelota de tr\u00edpode estable tiene capacidad para 50 pelotas de b\u00e9isbol o 30 pelotas blandas tanto como un cubo de 5 galones. Altura de 42\u201d, sin necesidad de agacharse para coger una pelota.<\/p>","protected":false},"excerpt":{"rendered":"<p>7\u2019x7\u2032 Baseball Softball Practice Net + Deluxe Tee (4.20 lbs) + Ball Caddy + 3 Pack Baseballs + Strike Zone Empaquetados juntos para entrenadores, la zona de strike designada hace que sea m\u00e1s f\u00e1cil batear, perfecto para principiantes, as\u00ed como profesionales para practicar; Esta red de pr\u00e1ctica de b\u00e9isbol y softball es ideal para el entrenamiento familiar y es adecuada para el entrenamiento en equipo o en solitario, proporcionar\u00e1 todo lo necesario para la configuraci\u00f3n de entrenamiento ya sea en el exterior, patio trasero, patio, c\u00e9sped o en cualquier lugar.<\/p>","protected":false},"featured_media":1430,"template":"","meta":{"_gspb_post_css":""},"product_brand":[],"product_cat":[25],"product_tag":[28],"class_list":{"0":"post-571","1":"product","2":"type-product","3":"status-publish","4":"has-post-thumbnail","6":"product_cat-baseball-net","7":"product_tag-baseball-net","9":"first","10":"instock","11":"shipping-taxable","12":"product-type-simple"},"_links":{"self":[{"href":"https:\/\/fsportsnet.com\/es\/wp-json\/wp\/v2\/product\/571","targetHints":{"allow":["GET"]}}],"collection":[{"href":"https:\/\/fsportsnet.com\/es\/wp-json\/wp\/v2\/product"}],"about":[{"href":"https:\/\/fsportsnet.com\/es\/wp-json\/wp\/v2\/types\/product"}],"wp:featuredmedia":[{"embeddable":true,"href":"https:\/\/fsportsnet.com\/es\/wp-json\/wp\/v2\/media\/1430"}],"wp:attachment":[{"href":"https:\/\/fsportsnet.com\/es\/wp-json\/wp\/v2\/media?parent=571"}],"wp:term":[{"taxonomy":"product_brand","embeddable":true,"href":"https:\/\/fsportsnet.com\/es\/wp-json\/wp\/v2\/product_brand?post=571"},{"taxonomy":"product_cat","embeddable":true,"href":"https:\/\/fsportsnet.com\/es\/wp-json\/wp\/v2\/product_cat?post=571"},{"taxonomy":"product_tag","embeddable":true,"href":"https:\/\/fsportsnet.com\/es\/wp-json\/wp\/v2\/product_tag?post=571"}],"curies":[{"name":"wp","href":"https:\/\/api.w.org\/{rel}","templated":true}]}}