{"id":659,"date":"2023-04-05T22:52:32","date_gmt":"2023-04-05T14:52:32","guid":{"rendered":"https:\/\/fsportsnet.com\/?post_type=product&#038;p=659"},"modified":"2023-04-05T22:54:35","modified_gmt":"2023-04-05T14:54:35","slug":"7x7-baseball-practice-hitting-net","status":"publish","type":"product","link":"https:\/\/fsportsnet.com\/es\/product\/7x7-baseball-practice-hitting-net\/","title":{"rendered":"Red de bateo 7X7 para pr\u00e1cticas de b\u00e9isbol"},"content":{"rendered":"<ul>\n<li>Tama\u00f1o: 5x5ft, 6x6ft, 7x7ft, 8x8ft<\/li>\n<li>Red de poli\u00e9ster sin nudos: 5 cabos 1,75\u2033, 7 cabos 1,75\u2033.<\/li>\n<li>Tubo de acero: \u03a625.4mm<\/li>\n<li>Grosor: 1,0 mm, 1,2 mm<\/li>\n<li>Fibra de vidrio: \u03a612.7mm, \u03a614mm, \u03a616mm<\/li>\n<li>Tejido de uni\u00f3n: 420D, 600D<\/li>\n<\/ul>","protected":false},"excerpt":{"rendered":"<p>Red de pr\u00e1ctica de b\u00e9isbol y softball 7*7 pies Red port\u00e1til de entrenamiento de bateo con bolsa de transporte y marco met\u00e1lico<\/p>","protected":false},"featured_media":663,"template":"","meta":{"_gspb_post_css":""},"product_brand":[],"product_cat":[25],"product_tag":[],"class_list":{"0":"post-659","1":"product","2":"type-product","3":"status-publish","4":"has-post-thumbnail","6":"product_cat-baseball-net","8":"first","9":"instock","10":"shipping-taxable","11":"product-type-simple"},"_links":{"self":[{"href":"https:\/\/fsportsnet.com\/es\/wp-json\/wp\/v2\/product\/659","targetHints":{"allow":["GET"]}}],"collection":[{"href":"https:\/\/fsportsnet.com\/es\/wp-json\/wp\/v2\/product"}],"about":[{"href":"https:\/\/fsportsnet.com\/es\/wp-json\/wp\/v2\/types\/product"}],"wp:featuredmedia":[{"embeddable":true,"href":"https:\/\/fsportsnet.com\/es\/wp-json\/wp\/v2\/media\/663"}],"wp:attachment":[{"href":"https:\/\/fsportsnet.com\/es\/wp-json\/wp\/v2\/media?parent=659"}],"wp:term":[{"taxonomy":"product_brand","embeddable":true,"href":"https:\/\/fsportsnet.com\/es\/wp-json\/wp\/v2\/product_brand?post=659"},{"taxonomy":"product_cat","embeddable":true,"href":"https:\/\/fsportsnet.com\/es\/wp-json\/wp\/v2\/product_cat?post=659"},{"taxonomy":"product_tag","embeddable":true,"href":"https:\/\/fsportsnet.com\/es\/wp-json\/wp\/v2\/product_tag?post=659"}],"curies":[{"name":"wp","href":"https:\/\/api.w.org\/{rel}","templated":true}]}}