{"id":680,"date":"2023-04-06T11:54:15","date_gmt":"2023-04-06T03:54:15","guid":{"rendered":"https:\/\/fsportsnet.com\/?post_type=product&#038;p=680"},"modified":"2023-04-06T11:54:16","modified_gmt":"2023-04-06T03:54:16","slug":"professional-goal-throwing-pratise-post-football-net","status":"publish","type":"product","link":"https:\/\/fsportsnet.com\/es\/product\/professional-goal-throwing-pratise-post-football-net\/","title":{"rendered":"Red de f\u00fatbol profesional de lanzamiento de porter\u00eda Pratise Post"},"content":{"rendered":"<p>1. Tama\u00f1o total: 7 x 7\u2032<br \/>\n2. Marco: Tubo de hierro con pintura negra de 1\u2033 de di\u00e1metro y 1,0 mm de grosor.<br \/>\n3. Poste: \u03a612,7mm fibra de vidrio negro s\u00f3lido.<br \/>\n4. Red: Red sin nudos de poli\u00e9ster negro de 7 capas de 1,75\u2033 con ribete de tejido 420D.<br \/>\n5. Material de la funda de transporte: Tejido oxford 600D<br \/>\n6. Embalaje: Cada juego en una caja de cart\u00f3n K=K, 114\u00d714,8\u00d714,8 cm.<\/p>","protected":false},"excerpt":{"rendered":"<h4 id=\"title\" class=\"a-size-large a-spacing-none\"><span id=\"productTitle\" class=\"a-size-large product-title-word-break\">Football Trainer Throwing Net - Elige entre redes de 8 pies x 8 pies o 6 pies x 6 pies - Mejora la precisi\u00f3n del lanzamiento del QB - Incluye armaz\u00f3n de arco plegable y malet\u00edn de transporte port\u00e1til.<\/span><\/h4>","protected":false},"featured_media":684,"template":"","meta":{"_gspb_post_css":""},"product_brand":[],"product_cat":[30],"product_tag":[],"class_list":{"0":"post-680","1":"product","2":"type-product","3":"status-publish","4":"has-post-thumbnail","6":"product_cat-football-goal","8":"first","9":"instock","10":"shipping-taxable","11":"product-type-simple"},"_links":{"self":[{"href":"https:\/\/fsportsnet.com\/es\/wp-json\/wp\/v2\/product\/680","targetHints":{"allow":["GET"]}}],"collection":[{"href":"https:\/\/fsportsnet.com\/es\/wp-json\/wp\/v2\/product"}],"about":[{"href":"https:\/\/fsportsnet.com\/es\/wp-json\/wp\/v2\/types\/product"}],"wp:featuredmedia":[{"embeddable":true,"href":"https:\/\/fsportsnet.com\/es\/wp-json\/wp\/v2\/media\/684"}],"wp:attachment":[{"href":"https:\/\/fsportsnet.com\/es\/wp-json\/wp\/v2\/media?parent=680"}],"wp:term":[{"taxonomy":"product_brand","embeddable":true,"href":"https:\/\/fsportsnet.com\/es\/wp-json\/wp\/v2\/product_brand?post=680"},{"taxonomy":"product_cat","embeddable":true,"href":"https:\/\/fsportsnet.com\/es\/wp-json\/wp\/v2\/product_cat?post=680"},{"taxonomy":"product_tag","embeddable":true,"href":"https:\/\/fsportsnet.com\/es\/wp-json\/wp\/v2\/product_tag?post=680"}],"curies":[{"name":"wp","href":"https:\/\/api.w.org\/{rel}","templated":true}]}}