{"id":728,"date":"2023-04-06T12:00:49","date_gmt":"2023-04-06T04:00:49","guid":{"rendered":"https:\/\/fsportsnet.com\/?post_type=product&#038;p=728"},"modified":"2023-04-08T21:36:26","modified_gmt":"2023-04-08T13:36:26","slug":"fsports-football-trainer-throwing-net-ft-001","status":"publish","type":"product","link":"https:\/\/fsportsnet.com\/es\/product\/fsports-football-trainer-throwing-net-ft-001\/","title":{"rendered":"Fsports Entrenador de F\u00fatbol Red de Lanzamiento FT-001"},"content":{"rendered":"<ul class=\"a-unordered-list a-vertical a-spacing-mini\">\n<li><span class=\"a-list-item\">LO \u00daLTIMO EN AYUDA AL ENTRENAMIENTO: Red de entrenamiento perfecta para jugadores de f\u00fatbol de todos los niveles, para ejercicios de lanzamiento, pases cortos, pases largos y mucho m\u00e1s.<\/span><\/li>\n<li><span class=\"a-list-item\">RED DE LANZAMIENTO: Red de entrenamiento QB de 1,8 x 1,8 m con 3 huecos para dianas que simulan las principales zonas de recepci\u00f3n.<\/span><\/li>\n<li><span class=\"a-list-item\">MEJORA DE LA PRECISI\u00d3N: Desarrolla las habilidades del mariscal de campo y del jugador para acertar en su ubicaci\u00f3n con los pases y mejorar los porcentajes de finalizaci\u00f3n en el juego.<\/span><\/li>\n<li><span class=\"a-list-item\">MONTAJE R\u00c1PIDO: Armaz\u00f3n reforzado plegable tipo arco con red de poli\u00e9ster de alta densidad y bolsa de transporte port\u00e1til; Ideal para jugadores de f\u00fatbol, entrenadores y campamentos.<\/span><\/li>\n<\/ul>","protected":false},"excerpt":{"rendered":"<p id=\"title\" class=\"a-size-large a-spacing-none\"><span id=\"productTitle\" class=\"a-size-large product-title-word-break\">Elige entre redes de 8 pies x 8 pies o de 6 pies x 6 pies - Mejora la precisi\u00f3n del lanzamiento de QB - Incluye armaz\u00f3n de arco plegable y malet\u00edn de transporte port\u00e1til<\/span><\/p>","protected":false},"featured_media":703,"template":"","meta":{"_gspb_post_css":""},"product_brand":[],"product_cat":[30],"product_tag":[],"class_list":{"0":"post-728","1":"product","2":"type-product","3":"status-publish","4":"has-post-thumbnail","6":"product_cat-football-goal","8":"first","9":"instock","10":"shipping-taxable","11":"product-type-simple"},"_links":{"self":[{"href":"https:\/\/fsportsnet.com\/es\/wp-json\/wp\/v2\/product\/728","targetHints":{"allow":["GET"]}}],"collection":[{"href":"https:\/\/fsportsnet.com\/es\/wp-json\/wp\/v2\/product"}],"about":[{"href":"https:\/\/fsportsnet.com\/es\/wp-json\/wp\/v2\/types\/product"}],"wp:featuredmedia":[{"embeddable":true,"href":"https:\/\/fsportsnet.com\/es\/wp-json\/wp\/v2\/media\/703"}],"wp:attachment":[{"href":"https:\/\/fsportsnet.com\/es\/wp-json\/wp\/v2\/media?parent=728"}],"wp:term":[{"taxonomy":"product_brand","embeddable":true,"href":"https:\/\/fsportsnet.com\/es\/wp-json\/wp\/v2\/product_brand?post=728"},{"taxonomy":"product_cat","embeddable":true,"href":"https:\/\/fsportsnet.com\/es\/wp-json\/wp\/v2\/product_cat?post=728"},{"taxonomy":"product_tag","embeddable":true,"href":"https:\/\/fsportsnet.com\/es\/wp-json\/wp\/v2\/product_tag?post=728"}],"curies":[{"name":"wp","href":"https:\/\/api.w.org\/{rel}","templated":true}]}}