{"id":735,"date":"2023-04-06T13:59:50","date_gmt":"2023-04-06T05:59:50","guid":{"rendered":"https:\/\/fsportsnet.com\/?post_type=product&#038;p=735"},"modified":"2023-04-06T14:03:29","modified_gmt":"2023-04-06T06:03:29","slug":"multi-sports-net-football-throwing-net12ft-ft-007","status":"publish","type":"product","link":"https:\/\/fsportsnet.com\/es\/product\/multi-sports-net-football-throwing-net12ft-ft-007\/","title":{"rendered":"Multi Sports Net Red de lanzamiento de f\u00fatbol12 pies FT-007"},"content":{"rendered":"<p>1. Tama\u00f1o: 12x8ft<br \/>\n2. Red: Red sin nudos de poli\u00e9ster de 5 cabos y 1,75\u2033.<br \/>\n3. Material: Tubo de \u03a631.8mm+1.0mm<br \/>\n4. Firberglass: \u03a614mm<br \/>\n5. Tejido: tela oxford 600D<br \/>\n6. Bolsa: tejido 600D oxford+PVC<br \/>\n7. Embalaje: 1 juego en 1 bolsa de transporte, 1 juego en 1 caja de cart\u00f3n, 20.5\u00d714.5\u00d7111.5cm<\/p>","protected":false},"excerpt":{"rendered":"<p>Red de entrenamiento perfecta para jugadores de f\u00fatbol de todos los niveles, para ejercicios de lanzamiento, pase corto, pase largo y mucho m\u00e1s.<\/p>","protected":false},"featured_media":738,"template":"","meta":{"_gspb_post_css":""},"product_brand":[],"product_cat":[30],"product_tag":[],"class_list":{"0":"post-735","1":"product","2":"type-product","3":"status-publish","4":"has-post-thumbnail","6":"product_cat-football-goal","8":"first","9":"instock","10":"shipping-taxable","11":"product-type-simple"},"_links":{"self":[{"href":"https:\/\/fsportsnet.com\/es\/wp-json\/wp\/v2\/product\/735","targetHints":{"allow":["GET"]}}],"collection":[{"href":"https:\/\/fsportsnet.com\/es\/wp-json\/wp\/v2\/product"}],"about":[{"href":"https:\/\/fsportsnet.com\/es\/wp-json\/wp\/v2\/types\/product"}],"wp:featuredmedia":[{"embeddable":true,"href":"https:\/\/fsportsnet.com\/es\/wp-json\/wp\/v2\/media\/738"}],"wp:attachment":[{"href":"https:\/\/fsportsnet.com\/es\/wp-json\/wp\/v2\/media?parent=735"}],"wp:term":[{"taxonomy":"product_brand","embeddable":true,"href":"https:\/\/fsportsnet.com\/es\/wp-json\/wp\/v2\/product_brand?post=735"},{"taxonomy":"product_cat","embeddable":true,"href":"https:\/\/fsportsnet.com\/es\/wp-json\/wp\/v2\/product_cat?post=735"},{"taxonomy":"product_tag","embeddable":true,"href":"https:\/\/fsportsnet.com\/es\/wp-json\/wp\/v2\/product_tag?post=735"}],"curies":[{"name":"wp","href":"https:\/\/api.w.org\/{rel}","templated":true}]}}