{"id":748,"date":"2023-04-06T15:55:48","date_gmt":"2023-04-06T07:55:48","guid":{"rendered":"https:\/\/fsportsnet.com\/?post_type=product&#038;p=748"},"modified":"2023-04-06T15:58:23","modified_gmt":"2023-04-06T07:58:23","slug":"innovations-portable-football-training-net-ft-009","status":"publish","type":"product","link":"https:\/\/fsportsnet.com\/es\/product\/innovations-portable-football-training-net-ft-009\/","title":{"rendered":"Red port\u00e1til de entrenamiento de f\u00fatbol Innovations FT-009"},"content":{"rendered":"<p>1. Tama\u00f1o total: 7x7ft<br \/>\n2. Marco: \u03a625.4 dia 1.0mm espesor pintura negra tubo de hierro.<br \/>\n3. Poste: \u03a612.7mm fibra de vidrio negra<br \/>\n4. Red: Red sin nudos de poli\u00e9ster negro de 5 capas de 1,75\u2033 con ribete de tejido 420D.<br \/>\n5. Funda de transporte\/Saco de arena: tejido oxford 420D<br \/>\n6. Embalaje: Cada juego en una caja de cart\u00f3n K=K, 114\u00d714,8\u00d714,8 cm.<\/p>","protected":false},"excerpt":{"rendered":"<ul class=\"a-unordered-list a-vertical a-spacing-mini\">\n<li><span class=\"a-list-item\">La red mide 1,8 m de largo x 1,8 m de ancho x 2,5 m de alto e incluye una bolsa de transporte.<\/span><\/li>\n<li><span class=\"a-list-item\">El bastidor es de acero resistente y las bielas son de fibra de vidrio<\/span><\/li>\n<li><span class=\"a-list-item\">Incluye 5 dianas incorporadas para mejorar la precisi\u00f3n<\/span><\/li>\n<li><span class=\"a-list-item\">La red es duradera, de 5 capas, y est\u00e1 hecha para durar.<\/span><\/li>\n<li><span class=\"a-list-item\">Por Fsports Innovations<\/span><\/li>\n<\/ul>","protected":false},"featured_media":717,"template":"","meta":{"_gspb_post_css":""},"product_brand":[],"product_cat":[30],"product_tag":[],"class_list":{"0":"post-748","1":"product","2":"type-product","3":"status-publish","4":"has-post-thumbnail","6":"product_cat-football-goal","8":"first","9":"instock","10":"shipping-taxable","11":"product-type-simple"},"_links":{"self":[{"href":"https:\/\/fsportsnet.com\/es\/wp-json\/wp\/v2\/product\/748","targetHints":{"allow":["GET"]}}],"collection":[{"href":"https:\/\/fsportsnet.com\/es\/wp-json\/wp\/v2\/product"}],"about":[{"href":"https:\/\/fsportsnet.com\/es\/wp-json\/wp\/v2\/types\/product"}],"wp:featuredmedia":[{"embeddable":true,"href":"https:\/\/fsportsnet.com\/es\/wp-json\/wp\/v2\/media\/717"}],"wp:attachment":[{"href":"https:\/\/fsportsnet.com\/es\/wp-json\/wp\/v2\/media?parent=748"}],"wp:term":[{"taxonomy":"product_brand","embeddable":true,"href":"https:\/\/fsportsnet.com\/es\/wp-json\/wp\/v2\/product_brand?post=748"},{"taxonomy":"product_cat","embeddable":true,"href":"https:\/\/fsportsnet.com\/es\/wp-json\/wp\/v2\/product_cat?post=748"},{"taxonomy":"product_tag","embeddable":true,"href":"https:\/\/fsportsnet.com\/es\/wp-json\/wp\/v2\/product_tag?post=748"}],"curies":[{"name":"wp","href":"https:\/\/api.w.org\/{rel}","templated":true}]}}