{"id":754,"date":"2023-04-06T16:26:37","date_gmt":"2023-04-06T08:26:37","guid":{"rendered":"https:\/\/fsportsnet.com\/?post_type=product&#038;p=754"},"modified":"2023-04-06T16:26:38","modified_gmt":"2023-04-06T08:26:38","slug":"football-throwing-net-football-target-ft-011","status":"publish","type":"product","link":"https:\/\/fsportsnet.com\/es\/product\/football-throwing-net-football-target-ft-011\/","title":{"rendered":"Red de lanzamiento de f\u00fatbol Diana de f\u00fatbol FT-011"},"content":{"rendered":"<p>1. Tama\u00f1o total: 7 x 4 pies<br \/>\n2. Marco: \u03a61\u2033 de di\u00e1metro de 1,2 mm de espesor de pintura negro tubo de hierro.<br \/>\n3. Poste: \u03a612,7mm fibra de vidrio negro s\u00f3lido.<br \/>\n4. Red: Red sin nudos de poli\u00e9ster negro de 7 capas de 1,75\u2033 con ribete de tejido 420D.<br \/>\n5. Funda de transporte\/Saco de arena: tejido oxford 600D<br \/>\n6. Embalaje: Cada juego en una caja de cart\u00f3n K=K, 114\u00d714.8\u00d714.8cm, G.W6.8kg, N.W 5.8kg<\/p>","protected":false},"excerpt":{"rendered":"<p id=\"title\" class=\"a-size-large a-spacing-none\"><span id=\"productTitle\" class=\"a-size-large product-title-word-break\">Jaula de F\u00fatbol,Red de F\u00fatbol,Red de Lanzamiento de F\u00fatbol,Red de Tiro de F\u00fatbol,Equipo de Entrenamiento de F\u00fatbol para Patio,Disponible para Deportes M\u00faltiples (Tama\u00f1o Opcional)<\/span><\/p>","protected":false},"featured_media":724,"template":"","meta":{"_gspb_post_css":""},"product_brand":[],"product_cat":[30],"product_tag":[],"class_list":{"0":"post-754","1":"product","2":"type-product","3":"status-publish","4":"has-post-thumbnail","6":"product_cat-football-goal","8":"first","9":"instock","10":"shipping-taxable","11":"product-type-simple"},"_links":{"self":[{"href":"https:\/\/fsportsnet.com\/es\/wp-json\/wp\/v2\/product\/754","targetHints":{"allow":["GET"]}}],"collection":[{"href":"https:\/\/fsportsnet.com\/es\/wp-json\/wp\/v2\/product"}],"about":[{"href":"https:\/\/fsportsnet.com\/es\/wp-json\/wp\/v2\/types\/product"}],"wp:featuredmedia":[{"embeddable":true,"href":"https:\/\/fsportsnet.com\/es\/wp-json\/wp\/v2\/media\/724"}],"wp:attachment":[{"href":"https:\/\/fsportsnet.com\/es\/wp-json\/wp\/v2\/media?parent=754"}],"wp:term":[{"taxonomy":"product_brand","embeddable":true,"href":"https:\/\/fsportsnet.com\/es\/wp-json\/wp\/v2\/product_brand?post=754"},{"taxonomy":"product_cat","embeddable":true,"href":"https:\/\/fsportsnet.com\/es\/wp-json\/wp\/v2\/product_cat?post=754"},{"taxonomy":"product_tag","embeddable":true,"href":"https:\/\/fsportsnet.com\/es\/wp-json\/wp\/v2\/product_tag?post=754"}],"curies":[{"name":"wp","href":"https:\/\/api.w.org\/{rel}","templated":true}]}}