{"id":758,"date":"2023-04-06T16:28:52","date_gmt":"2023-04-06T08:28:52","guid":{"rendered":"https:\/\/fsportsnet.com\/?post_type=product&#038;p=758"},"modified":"2023-04-06T16:28:52","modified_gmt":"2023-04-06T08:28:52","slug":"8-ft-x-4-ft-football-training-vertical-target-net-ft-012","status":"publish","type":"product","link":"https:\/\/fsportsnet.com\/es\/product\/8-ft-x-4-ft-football-training-vertical-target-net-ft-012\/","title":{"rendered":"Red vertical de entrenamiento de f\u00fatbol FT-012 de 8 pies x 4 pies"},"content":{"rendered":"<p>1. Tama\u00f1o total: 8 x 4 pies<br \/>\n2. Marco: \u03a625.4 dia 1.0mm espesor pintura negra tubo de hierro.<br \/>\n3. Poste: \u03a612.7mm fibra de vidrio negra<br \/>\n4. Red: Red sin nudos de poli\u00e9ster negro de 5 capas de 1,75\u2033 con ribete de tejido 420D.<br \/>\n5. Funda de transporte\/Saco de arena: tejido oxford 420D<br \/>\n6. Embalaje: Cada juego en una caja de cart\u00f3n K=K, 114\u00d714,8\u00d714,8 cm.<\/p>","protected":false},"excerpt":{"rendered":"<p id=\"title\" class=\"a-size-large a-spacing-none\"><span id=\"productTitle\" class=\"a-size-large product-title-word-break\">8 ft x 4 ft Football Training Vertical Target Net, Improve QB Throwing Accuracy - Includes Foldable Bow Frame and Portable Carry Case<\/span><\/p>","protected":false},"featured_media":720,"template":"","meta":{"_gspb_post_css":""},"product_brand":[],"product_cat":[30],"product_tag":[],"class_list":{"0":"post-758","1":"product","2":"type-product","3":"status-publish","4":"has-post-thumbnail","6":"product_cat-football-goal","8":"first","9":"instock","10":"shipping-taxable","11":"product-type-simple"},"_links":{"self":[{"href":"https:\/\/fsportsnet.com\/es\/wp-json\/wp\/v2\/product\/758","targetHints":{"allow":["GET"]}}],"collection":[{"href":"https:\/\/fsportsnet.com\/es\/wp-json\/wp\/v2\/product"}],"about":[{"href":"https:\/\/fsportsnet.com\/es\/wp-json\/wp\/v2\/types\/product"}],"wp:featuredmedia":[{"embeddable":true,"href":"https:\/\/fsportsnet.com\/es\/wp-json\/wp\/v2\/media\/720"}],"wp:attachment":[{"href":"https:\/\/fsportsnet.com\/es\/wp-json\/wp\/v2\/media?parent=758"}],"wp:term":[{"taxonomy":"product_brand","embeddable":true,"href":"https:\/\/fsportsnet.com\/es\/wp-json\/wp\/v2\/product_brand?post=758"},{"taxonomy":"product_cat","embeddable":true,"href":"https:\/\/fsportsnet.com\/es\/wp-json\/wp\/v2\/product_cat?post=758"},{"taxonomy":"product_tag","embeddable":true,"href":"https:\/\/fsportsnet.com\/es\/wp-json\/wp\/v2\/product_tag?post=758"}],"curies":[{"name":"wp","href":"https:\/\/api.w.org\/{rel}","templated":true}]}}