{"id":784,"date":"2023-04-06T21:03:44","date_gmt":"2023-04-06T13:03:44","guid":{"rendered":"https:\/\/fsportsnet.com\/?post_type=product&#038;p=784"},"modified":"2023-04-07T11:57:09","modified_gmt":"2023-04-07T03:57:09","slug":"784","status":"publish","type":"product","link":"https:\/\/fsportsnet.com\/es\/product\/784\/","title":{"rendered":"Red de pr\u00e1ctica de b\u00e9isbol y softball"},"content":{"rendered":"<p id=\"title\" class=\"a-size-large a-spacing-none\"><span id=\"productTitle\" class=\"a-size-large product-title-word-break\">Red de pr\u00e1ctica de b\u00e9isbol y softbol 5\u00d75 pies, red port\u00e1til de entrenamiento de bateo 7x7 pies con paquete de zona objetivo, pelotas de entrenamiento lastradas y bolsa de transporte<\/span><\/p>\n<p>1. Tama\u00f1o total: 7 x 7\u2032<br \/>\n2. Marco: Tubo de hierro con pintura negra de 1\u2033 de di\u00e1metro y 1,0 mm de grosor.<br \/>\n3. Poste: \u03a612,7mm fibra de vidrio negro s\u00f3lido.<br \/>\n4. Red: Red sin nudos de poli\u00e9ster negro de 7 capas de 1,75\u2033 con ribete de tejido 420D.<br \/>\n5. Material de la funda de transporte: 600D PU con tejido oxford PVC<br \/>\n6. Embalaje: Cada juego en una caja de cart\u00f3n K=K, 114\u00d714,8\u00d714,8cm, G.W6kg, N.W 5,5kg<br \/>\n7. Paquete: 1 x red, 4 x tubos de metal, 4 x postes, 1 x bolsa de transporte, 4 x estacas en forma de U, 1 x instrucciones A4<\/p>\n<ul class=\"a-unordered-list a-vertical a-spacing-mini\">\n<li><span class=\"a-list-item\">DURABILIDAD COMPROBADA: 2 X doble grosor de red, marco pesado y robusto. Mayor espesor a\u00f1ade rigidez y peso para una mayor estabilidad al batear en la red.<\/span><\/li>\n<li><span class=\"a-list-item\">DEJE DE PERSIGUIR BALONES POR EL JARD\u00cdN: Nuestro exclusivo dise\u00f1o plegable hace que la red sea f\u00e1cil de montar para que pueda empezar a practicar en cuesti\u00f3n de minutos y pierda menos tiempo persiguiendo balones.<\/span><\/li>\n<li><span class=\"a-list-item\">perfecta para el desarrollo de las habilidades de bateo y lanzamiento: Nuestra red s\u00faper resistente de 7 capas sin nudos y el mayor grosor del marco a\u00f1aden rigidez y peso para una mayor estabilidad al batear y lanzar en la red.<\/span><\/li>\n<li><span class=\"a-list-item\">PLEGABLE Y F\u00c1CIL DE TRANSPORTAR: La red y el marco, resistentes y estables pero ligeros, se pliegan en la bolsa de transporte incluida para facilitar su transporte y almacenamiento.<\/span><\/li>\n<\/ul>","protected":false},"excerpt":{"rendered":"<p>BS-006<\/p>\n<p>Ligero, Port\u00e1til, Visible Zona de Strike de 3 niveles, Las dimensiones son 7\u2032 Pies por 7\u2032 pies de alto.<\/p>","protected":false},"featured_media":768,"template":"","meta":{"_gspb_post_css":""},"product_brand":[],"product_cat":[25],"product_tag":[],"class_list":{"0":"post-784","1":"product","2":"type-product","3":"status-publish","4":"has-post-thumbnail","6":"product_cat-baseball-net","8":"first","9":"instock","10":"shipping-taxable","11":"product-type-simple"},"_links":{"self":[{"href":"https:\/\/fsportsnet.com\/es\/wp-json\/wp\/v2\/product\/784","targetHints":{"allow":["GET"]}}],"collection":[{"href":"https:\/\/fsportsnet.com\/es\/wp-json\/wp\/v2\/product"}],"about":[{"href":"https:\/\/fsportsnet.com\/es\/wp-json\/wp\/v2\/types\/product"}],"wp:featuredmedia":[{"embeddable":true,"href":"https:\/\/fsportsnet.com\/es\/wp-json\/wp\/v2\/media\/768"}],"wp:attachment":[{"href":"https:\/\/fsportsnet.com\/es\/wp-json\/wp\/v2\/media?parent=784"}],"wp:term":[{"taxonomy":"product_brand","embeddable":true,"href":"https:\/\/fsportsnet.com\/es\/wp-json\/wp\/v2\/product_brand?post=784"},{"taxonomy":"product_cat","embeddable":true,"href":"https:\/\/fsportsnet.com\/es\/wp-json\/wp\/v2\/product_cat?post=784"},{"taxonomy":"product_tag","embeddable":true,"href":"https:\/\/fsportsnet.com\/es\/wp-json\/wp\/v2\/product_tag?post=784"}],"curies":[{"name":"wp","href":"https:\/\/api.w.org\/{rel}","templated":true}]}}