{"id":861,"date":"2023-04-10T11:03:46","date_gmt":"2023-04-10T03:03:46","guid":{"rendered":"https:\/\/fsportsnet.com\/?post_type=product&#038;p=861"},"modified":"2023-04-10T11:46:09","modified_gmt":"2023-04-10T03:46:09","slug":"baseball-hitting-net-a-type-softball-goal-baseball-practice-net","status":"publish","type":"product","link":"https:\/\/fsportsnet.com\/es\/product\/baseball-hitting-net-a-type-softball-goal-baseball-practice-net\/","title":{"rendered":"Red de bateo de b\u00e9isbol tipo A Red de pr\u00e1ctica de b\u00e9isbol para porter\u00edas de softball"},"content":{"rendered":"<p>1. Tama\u00f1o: 7 ft A typle<br \/>\n2. Red de poli\u00e9ster sin nudos: 7 cabos 1,75\u2033<br \/>\n3. Tubo de acero: \u03a625.4mm<br \/>\n4. 4. Grosor: 1,0 mm<br \/>\n5. Fibra de vidrio: \u03a612.7mm<br \/>\n6. Tejido de uni\u00f3n: 420D<\/p>\n<ul class=\"a-unordered-list a-vertical a-spacing-mini\">\n<li><span class=\"a-list-item\">PANTALLA DE 7 PTS X 7 PTS: La pantalla de lanzamiento de b\u00e9isbol y softball proporciona una barrera de seguridad que protege a los lanzadores de los lanzamientos de l\u00ednea de regreso durante la pr\u00e1ctica de bateo; Una ayuda de entrenamiento imprescindible para entrenadores y jugadores de todos los niveles de habilidad.<\/span><\/li>\n<li><span class=\"a-list-item\">CONSTRUCCI\u00d3N PREMIUM: Presenta un armaz\u00f3n reforzado tipo arco con red de poli\u00e9ster de alta densidad para una m\u00e1xima protecci\u00f3n.<\/span><\/li>\n<li><span class=\"a-list-item\">DISE\u00d1O PORT\u00c1TIL: la pantalla pesa s\u00f3lo 4,5 kg e incluye una funda de transporte para guardarla y transportarla f\u00e1cilmente<\/span><\/li>\n<li><span class=\"a-list-item\">CONFIGURACI\u00d3N VERS\u00c1TIL: se adapta tanto a jugadores diestros como zurdos; tambi\u00e9n es ideal para usar con una m\u00e1quina de lanzar (se requiere un espacio libre de 1,5 pies).<\/span><\/li>\n<li><span class=\"a-list-item\">MONTAJE R\u00c1PIDO: Toda la pantalla se monta en 3 minutos (sin necesidad de herramientas); se puede llevar y recoger f\u00e1cilmente del campo con un montaje y desmontaje r\u00e1pidos.<\/span><\/li>\n<\/ul>\n<p>&nbsp;<\/p>","protected":false},"excerpt":{"rendered":"<p>Red de bateo de b\u00e9isbol plegable port\u00e1til 7FT de alta calidad Red de pr\u00e1ctica de b\u00e9isbol Softball Goal1. Tama\u00f1o: 7 pies A typle<br \/>\n2. Red de poli\u00e9ster sin nudos: 7 cabos 1,75\u2033<br \/>\n3. Tubo de acero: \u03a625.4mm<br \/>\n4. 4. Grosor: 1,0 mm<br \/>\n5. Fibra de vidrio: \u03a612.7mm<br \/>\n6. Tejido de uni\u00f3n: 420D<\/p>","protected":false},"featured_media":776,"template":"","meta":{"_gspb_post_css":""},"product_brand":[],"product_cat":[25],"product_tag":[],"class_list":{"0":"post-861","1":"product","2":"type-product","3":"status-publish","4":"has-post-thumbnail","6":"product_cat-baseball-net","8":"first","9":"instock","10":"shipping-taxable","11":"product-type-simple"},"_links":{"self":[{"href":"https:\/\/fsportsnet.com\/es\/wp-json\/wp\/v2\/product\/861","targetHints":{"allow":["GET"]}}],"collection":[{"href":"https:\/\/fsportsnet.com\/es\/wp-json\/wp\/v2\/product"}],"about":[{"href":"https:\/\/fsportsnet.com\/es\/wp-json\/wp\/v2\/types\/product"}],"wp:featuredmedia":[{"embeddable":true,"href":"https:\/\/fsportsnet.com\/es\/wp-json\/wp\/v2\/media\/776"}],"wp:attachment":[{"href":"https:\/\/fsportsnet.com\/es\/wp-json\/wp\/v2\/media?parent=861"}],"wp:term":[{"taxonomy":"product_brand","embeddable":true,"href":"https:\/\/fsportsnet.com\/es\/wp-json\/wp\/v2\/product_brand?post=861"},{"taxonomy":"product_cat","embeddable":true,"href":"https:\/\/fsportsnet.com\/es\/wp-json\/wp\/v2\/product_cat?post=861"},{"taxonomy":"product_tag","embeddable":true,"href":"https:\/\/fsportsnet.com\/es\/wp-json\/wp\/v2\/product_tag?post=861"}],"curies":[{"name":"wp","href":"https:\/\/api.w.org\/{rel}","templated":true}]}}