{"id":866,"date":"2023-04-10T11:52:30","date_gmt":"2023-04-10T03:52:30","guid":{"rendered":"https:\/\/fsportsnet.com\/?post_type=product&#038;p=866"},"modified":"2023-04-10T11:52:31","modified_gmt":"2023-04-10T03:52:31","slug":"12-ft-x-9-ft-sports-barrier-net-baseball-practice-hitting-net","status":"publish","type":"product","link":"https:\/\/fsportsnet.com\/es\/product\/12-ft-x-9-ft-sports-barrier-net-baseball-practice-hitting-net\/","title":{"rendered":"12 ft x 9 ft Red de Barrera Deportiva Red de Bateo para Pr\u00e1ctica de B\u00e9isbol"},"content":{"rendered":"<ul>\n<li><span class=\"a-list-item\">12\u2019x9\u2032 BARRIER NET; Esta pantalla de protecci\u00f3n port\u00e1til instant\u00e1nea o backstop es ideal para cualquier deporte; El marco de estilo de arco grande mantiene la red segura y proporciona una gran superficie de golpeo o \u00e1rea de protecci\u00f3n; Perfecto para b\u00e9isbol, lacrosse, baloncesto, f\u00fatbol, hockey sobre hierba, softbol, hockey de calle.<\/span><\/li>\n<\/ul>\n<ul class=\"a-unordered-list a-vertical a-spacing-mini\">\n<li><span class=\"a-list-item\">INSTALACI\u00d3N R\u00c1PIDA Y F\u00c1CIL \/ ULTRA PORT\u00c1TIL; La red se instala en menos de 3 minutos; No se necesitan herramientas; Incluye estacas para mayor estabilidad; Las redes pueden resistir incluso los golpes o tiros m\u00e1s duros; Las redes de barrera plegables se montan r\u00e1pida y f\u00e1cilmente para una instalaci\u00f3n sin estr\u00e9s; Son ligeras para facilitar su transporte y traslado por el campo a diferentes zonas durante las sesiones de entrenamiento; Se desmontan para guardarlas en una bolsa de transporte y facilitar su almacenamiento a largo plazo y su transporte en casi cualquier veh\u00edculo.<\/span><\/li>\n<li><span class=\"a-list-item\">DURADERA; Nuestra red est\u00e1 dise\u00f1ada para soportar los golpes, lanzamientos y tiros m\u00e1s duros; El marco de acero y los postes de fibra de vidrio flexibles proporcionan una base estable para nuestra red de poli\u00e9ster sin nudos con revestimiento de PU.<\/span><\/li>\n<li><span class=\"a-list-item\">ENTRENAMIENTO EN CUALQUIER LUGAR \/ EN CUALQUIER MOMENTO; Ideal para uso en interiores y exteriores; Perfecto para proteger a los espectadores y jugadores, trabajo de tee, bateo, lanzamiento, bateo, ejercicios de campo; Se puede utilizar como un backstop port\u00e1til para cualquier deporte en interiores o al aire libre; Perfecto para sesiones de entrenamiento o escaramuzas; Ideal para cualquier patio trasero, garaje o en el campo; Funciona para el entrenamiento en solitario o en equipo.<\/span><\/li>\n<li><span class=\"a-list-item\">INCLUYE: red, marco, estacas y bolsa de transporte.<\/span><\/li>\n<\/ul>","protected":false},"excerpt":{"rendered":"<p><span id=\"productTitle\" class=\"a-size-large product-title-word-break\">Red de barrera deportiva de 12 pies x 9 pies | 108 pies cuadrados de protecci\u00f3n | Barrera de seguridad | Barricada port\u00e1til de f\u00e1cil instalaci\u00f3n para b\u00e9isbol, lacrosse, baloncesto, f\u00fatbol, hockey sobre hierba, softbol<\/span><\/p>","protected":false},"featured_media":779,"template":"","meta":{"_gspb_post_css":""},"product_brand":[],"product_cat":[25],"product_tag":[],"class_list":{"0":"post-866","1":"product","2":"type-product","3":"status-publish","4":"has-post-thumbnail","6":"product_cat-baseball-net","8":"first","9":"instock","10":"shipping-taxable","11":"product-type-simple"},"_links":{"self":[{"href":"https:\/\/fsportsnet.com\/es\/wp-json\/wp\/v2\/product\/866","targetHints":{"allow":["GET"]}}],"collection":[{"href":"https:\/\/fsportsnet.com\/es\/wp-json\/wp\/v2\/product"}],"about":[{"href":"https:\/\/fsportsnet.com\/es\/wp-json\/wp\/v2\/types\/product"}],"wp:featuredmedia":[{"embeddable":true,"href":"https:\/\/fsportsnet.com\/es\/wp-json\/wp\/v2\/media\/779"}],"wp:attachment":[{"href":"https:\/\/fsportsnet.com\/es\/wp-json\/wp\/v2\/media?parent=866"}],"wp:term":[{"taxonomy":"product_brand","embeddable":true,"href":"https:\/\/fsportsnet.com\/es\/wp-json\/wp\/v2\/product_brand?post=866"},{"taxonomy":"product_cat","embeddable":true,"href":"https:\/\/fsportsnet.com\/es\/wp-json\/wp\/v2\/product_cat?post=866"},{"taxonomy":"product_tag","embeddable":true,"href":"https:\/\/fsportsnet.com\/es\/wp-json\/wp\/v2\/product_tag?post=866"}],"curies":[{"name":"wp","href":"https:\/\/api.w.org\/{rel}","templated":true}]}}