{"id":879,"date":"2023-04-10T12:03:48","date_gmt":"2023-04-10T04:03:48","guid":{"rendered":"https:\/\/fsportsnet.com\/?post_type=product&#038;p=879"},"modified":"2023-04-29T14:39:07","modified_gmt":"2023-04-29T06:39:07","slug":"baseball-softball-practice-hitting-pitching-net-similar-to-bow-framegreat-for-all-skill-levelspop-up-easy-fold-up-fiberglass-framelight-weightportableblack","status":"publish","type":"product","link":"https:\/\/fsportsnet.com\/es\/product\/baseball-softball-practice-hitting-pitching-net-similar-to-bow-framegreat-for-all-skill-levelspop-up-easy-fold-up-fiberglass-framelight-weightportableblack\/","title":{"rendered":"B\u00e9isbol Softbol Pr\u00e1ctica Bateo Lanzamiento Red Fibra de Vidrio"},"content":{"rendered":"<ul class=\"a-unordered-list a-vertical a-spacing-mini\">\n<li><span class=\"a-list-item\">\u2211 LA MEJOR AYUDA PARA EL ENTRENAMIENTO: Perfecto para jugadores de todas las habilidades para la pr\u00e1ctica de bateo, pitcheo, fildeo, captura y uso de backstop pasar menos tiempo persiguiendo bolas y m\u00e1s tiempo perfeccionando habilidades.<\/span><\/li>\n<li><span class=\"a-list-item\">\u2211 F\u00c1CIL Y R\u00c1PIDO MONTAJE: Marco de fibra de vidrio duradero incluido, se configura en 90 segundos a un tama\u00f1o enorme de 5 pies o 7 pies con estacas de metal para anclar la red, por lo que es incre\u00edblemente resistente y estable; f\u00e1cilmente se descompone para el transporte.<\/span><\/li>\n<li><span class=\"a-list-item\">\u2211 ENTRENAMIENTO EN CUALQUIER LUGAR \/ EN CUALQUIER MOMENTO - Ideal para uso en exteriores e interiores. Perfecto para el trabajo de tee, bateo, pitcheo, bateo, fielding. Se puede utilizar para como un backstop port\u00e1til. Perfecto para sesiones de entrenamiento. Ideal para cualquier patio trasero, garaje o en el campo.<\/span><\/li>\n<li><span class=\"a-list-item\">\u2211 Incluye estacas met\u00e1licas para fijar la red al c\u00e9sped o al campo de tierra.<\/span><\/li>\n<li>1. Tama\u00f1o: 5x5ft<br \/>\n2. Marco: \u03a611x4mm el\u00e1stico de desgaste de fibra de vidrio vac\u00eda.<br \/>\n3. Red: Red de poli\u00e9ster blanco sin nudos de 3 capas de 1,5<br \/>\n4. Blanco: cinta de 1<br \/>\n5. Tejido: tejido oxford 210D<br \/>\n6. Bolsa: tejido oxford 210D<\/li>\n<\/ul>","protected":false},"excerpt":{"rendered":"<p>\u2211 ULTIMATE TRAINING AID: Perfect for players of all abilities for batting practice, pitching, fielding, catching, and backstop use spend less time chasing balls and more time honing skills. \u2211 EASY QUICK SETUP: Durable fiberglass frame included, sets up in 90 seconds to huge 5 foot or 7 foot size with metal stakes to anchor [&hellip;]<\/p>\n","protected":false},"featured_media":787,"template":"","meta":{"_gspb_post_css":""},"product_brand":[],"product_cat":[25],"product_tag":[],"class_list":{"0":"post-879","1":"product","2":"type-product","3":"status-publish","4":"has-post-thumbnail","6":"product_cat-baseball-net","8":"first","9":"instock","10":"shipping-taxable","11":"product-type-simple"},"_links":{"self":[{"href":"https:\/\/fsportsnet.com\/es\/wp-json\/wp\/v2\/product\/879","targetHints":{"allow":["GET"]}}],"collection":[{"href":"https:\/\/fsportsnet.com\/es\/wp-json\/wp\/v2\/product"}],"about":[{"href":"https:\/\/fsportsnet.com\/es\/wp-json\/wp\/v2\/types\/product"}],"wp:featuredmedia":[{"embeddable":true,"href":"https:\/\/fsportsnet.com\/es\/wp-json\/wp\/v2\/media\/787"}],"wp:attachment":[{"href":"https:\/\/fsportsnet.com\/es\/wp-json\/wp\/v2\/media?parent=879"}],"wp:term":[{"taxonomy":"product_brand","embeddable":true,"href":"https:\/\/fsportsnet.com\/es\/wp-json\/wp\/v2\/product_brand?post=879"},{"taxonomy":"product_cat","embeddable":true,"href":"https:\/\/fsportsnet.com\/es\/wp-json\/wp\/v2\/product_cat?post=879"},{"taxonomy":"product_tag","embeddable":true,"href":"https:\/\/fsportsnet.com\/es\/wp-json\/wp\/v2\/product_tag?post=879"}],"curies":[{"name":"wp","href":"https:\/\/api.w.org\/{rel}","templated":true}]}}