{"id":886,"date":"2023-04-10T13:49:27","date_gmt":"2023-04-10T05:49:27","guid":{"rendered":"https:\/\/fsportsnet.com\/?post_type=product&#038;p=886"},"modified":"2023-04-10T13:49:27","modified_gmt":"2023-04-10T05:49:27","slug":"pop-up-baseball-net-practice-net-for-kids","status":"publish","type":"product","link":"https:\/\/fsportsnet.com\/es\/product\/pop-up-baseball-net-practice-net-for-kids\/","title":{"rendered":"Pop Up Baseball Net Red de pr\u00e1ctica para ni\u00f1os"},"content":{"rendered":"<ul>\n<li><span class=\"a-list-item\">RED DEPORTIVA MULTIUSO: Tanto si juegas al b\u00e9isbol, lacrosse, hockey, f\u00fatbol o cualquier otro deporte, esta red es el equipo de entrenamiento perfecto para tener a tu disposici\u00f3n<\/span><\/li>\n<\/ul>\n<ul class=\"a-unordered-list a-vertical a-spacing-mini\">\n<li><span class=\"a-list-item\">ENORME TAMA\u00d1O: Se ensambla a 7\u2032 pies de altura y 8\u2032 pies de ancho para proporcionar la m\u00e1xima cobertura si usted est\u00e1 golpeando lanzamiento suave, disparando en la red o la pr\u00e1ctica de una variedad de otras habilidades<\/span><\/li>\n<li><span class=\"a-list-item\">CONSTRUCCI\u00d3N DURADERA: Fabricada con red de poli\u00e9ster resistente a cualquier condici\u00f3n meteorol\u00f3gica y postes de soporte de fibra de vidrio resistentes y flexibles para garantizar un rendimiento de alta calidad temporada tras temporada.<\/span><\/li>\n<li><span class=\"a-list-item\">ESTACAS INCLUIDAS: Esta red viene con estacas de tierra incluidas para que puedas anclar la red al suelo para una estabilidad y soporte adicionales<\/span><\/li>\n<li><span class=\"a-list-item\">BOLSA DE TRANSPORTE PORT\u00c1TIL: El dise\u00f1o ligero y la bolsa de transporte incluida facilitan el transporte de esta red a la playa, el parque o el jard\u00edn. Adem\u00e1s, es f\u00e1cil de empaquetar y guardar cuando no se utiliza.<\/span><\/li>\n<\/ul>","protected":false},"excerpt":{"rendered":"<p><span id=\"productTitle\" class=\"a-size-large product-title-word-break\">Red de b\u00e9isbol desplegable - Red port\u00e1til de bateo y lanzamiento de b\u00e9isbol y teeball - Red de pr\u00e1ctica y lanzamiento de pelotas blandas para ni\u00f1os - Red para todos los deportes juveniles<\/span><\/p>","protected":false},"featured_media":912,"template":"","meta":{"_gspb_post_css":""},"product_brand":[],"product_cat":[25],"product_tag":[],"class_list":{"0":"post-886","1":"product","2":"type-product","3":"status-publish","4":"has-post-thumbnail","6":"product_cat-baseball-net","8":"first","9":"instock","10":"shipping-taxable","11":"product-type-simple"},"_links":{"self":[{"href":"https:\/\/fsportsnet.com\/es\/wp-json\/wp\/v2\/product\/886","targetHints":{"allow":["GET"]}}],"collection":[{"href":"https:\/\/fsportsnet.com\/es\/wp-json\/wp\/v2\/product"}],"about":[{"href":"https:\/\/fsportsnet.com\/es\/wp-json\/wp\/v2\/types\/product"}],"wp:featuredmedia":[{"embeddable":true,"href":"https:\/\/fsportsnet.com\/es\/wp-json\/wp\/v2\/media\/912"}],"wp:attachment":[{"href":"https:\/\/fsportsnet.com\/es\/wp-json\/wp\/v2\/media?parent=886"}],"wp:term":[{"taxonomy":"product_brand","embeddable":true,"href":"https:\/\/fsportsnet.com\/es\/wp-json\/wp\/v2\/product_brand?post=886"},{"taxonomy":"product_cat","embeddable":true,"href":"https:\/\/fsportsnet.com\/es\/wp-json\/wp\/v2\/product_cat?post=886"},{"taxonomy":"product_tag","embeddable":true,"href":"https:\/\/fsportsnet.com\/es\/wp-json\/wp\/v2\/product_tag?post=886"}],"curies":[{"name":"wp","href":"https:\/\/api.w.org\/{rel}","templated":true}]}}