{"id":913,"date":"2023-04-10T13:54:04","date_gmt":"2023-04-10T05:54:04","guid":{"rendered":"https:\/\/fsportsnet.com\/?post_type=product&#038;p=913"},"modified":"2023-04-10T13:54:04","modified_gmt":"2023-04-10T05:54:04","slug":"portable-disc-golf-training-net-baseball-net","status":"publish","type":"product","link":"https:\/\/fsportsnet.com\/es\/product\/portable-disc-golf-training-net-baseball-net\/","title":{"rendered":"Red port\u00e1til de entrenamiento para disc golf Red de b\u00e9isbol"},"content":{"rendered":"<p>1. Tama\u00f1o total: 7 x 7\u2032<br \/>\n2. Marco: Tubo de hierro con pintura negra de 1\u2033 de di\u00e1metro y 1,0 mm de grosor.<br \/>\n3. Poste: \u03a612,7mm fibra de vidrio negro s\u00f3lido.<br \/>\n4. Red: Red sin nudos de poli\u00e9ster negro de 7 capas de 1,75\u2033 con ribete de tejido 420D.<br \/>\n5. Material de la funda de transporte: 600D PU con tejido oxford PVC<br \/>\n6. Embalaje: Cada juego en una caja de cart\u00f3n K=K, 114\u00d714,8\u00d714,8cm, G.W6kg, N.W 5,5kg<br \/>\n7. Paquete: 1 x red, 4 x tubos de metal, 4 x postes, 1 x bolsa de transporte, 4 x estacas en forma de U, 1 x instrucciones A4<\/p>\n<ul class=\"a-unordered-list a-vertical a-spacing-mini\">\n<li><span class=\"a-list-item\">F\u00c1CIL MONTAJE R\u00c1PIDO \/ ULTRA PORT\u00c1TIL; La red se monta en menos de 2 minutos sin necesidad de herramientas; Ligera y f\u00e1cil de trasladar a diferentes lugares durante las sesiones de entrenamiento; Se desmonta para guardarla en una bolsa de transporte para facilitar su almacenamiento a largo plazo y su transporte en cualquier veh\u00edculo.<\/span><\/li>\n<li><span class=\"a-list-item\">ENTRENAMIENTO EN EQUIPO O EN SOLITARIO; Herramienta de entrenamiento perfecta para practicar en solitario; Esta red te ayudar\u00e1 a practicar tus drives, golpes o chips en cualquier momento que quieras practicar en solitario en casa o en cualquier espacio de entrenamiento.<\/span><\/li>\n<li><span class=\"a-list-item\">DURADERO; Fabricado para durar temporada tras temporada<\/span><\/li>\n<li><span class=\"a-list-item\">CORREAS PARA LOS HOMBROS; los cordones de cincha funcionan como ligeras correas para los hombros.<\/span><\/li>\n<\/ul>","protected":false},"excerpt":{"rendered":"<p>1. Overall size: 7 x 7&#8242; 2. Frame: 1&#8243; dia 1.0mm thick black paint iron pipe 3. Pole: \u03a612.7mm solid black fiberglass 4. Net: 7 ply 1.75&#8243; black polyester knotless net with 420D fabric binding 5. Carry case material: 600D PU with PVC oxford fabric 6. Packing: Each set in a K=K carton, 114&#215;14.8&#215;14.8cm, G.W6kg, [&hellip;]<\/p>\n","protected":false},"featured_media":789,"template":"","meta":{"_gspb_post_css":""},"product_brand":[],"product_cat":[25],"product_tag":[],"class_list":{"0":"post-913","1":"product","2":"type-product","3":"status-publish","4":"has-post-thumbnail","6":"product_cat-baseball-net","8":"first","9":"instock","10":"shipping-taxable","11":"product-type-simple"},"_links":{"self":[{"href":"https:\/\/fsportsnet.com\/es\/wp-json\/wp\/v2\/product\/913","targetHints":{"allow":["GET"]}}],"collection":[{"href":"https:\/\/fsportsnet.com\/es\/wp-json\/wp\/v2\/product"}],"about":[{"href":"https:\/\/fsportsnet.com\/es\/wp-json\/wp\/v2\/types\/product"}],"wp:featuredmedia":[{"embeddable":true,"href":"https:\/\/fsportsnet.com\/es\/wp-json\/wp\/v2\/media\/789"}],"wp:attachment":[{"href":"https:\/\/fsportsnet.com\/es\/wp-json\/wp\/v2\/media?parent=913"}],"wp:term":[{"taxonomy":"product_brand","embeddable":true,"href":"https:\/\/fsportsnet.com\/es\/wp-json\/wp\/v2\/product_brand?post=913"},{"taxonomy":"product_cat","embeddable":true,"href":"https:\/\/fsportsnet.com\/es\/wp-json\/wp\/v2\/product_cat?post=913"},{"taxonomy":"product_tag","embeddable":true,"href":"https:\/\/fsportsnet.com\/es\/wp-json\/wp\/v2\/product_tag?post=913"}],"curies":[{"name":"wp","href":"https:\/\/api.w.org\/{rel}","templated":true}]}}