{"id":916,"date":"2023-04-10T13:54:30","date_gmt":"2023-04-10T05:54:30","guid":{"rendered":"https:\/\/fsportsnet.com\/?post_type=product&#038;p=916"},"modified":"2023-04-10T14:02:42","modified_gmt":"2023-04-10T06:02:42","slug":"7ft-portable-folding-baseball-hitting-net-softball-goal-baseball-practice-net","status":"publish","type":"product","link":"https:\/\/fsportsnet.com\/es\/product\/7ft-portable-folding-baseball-hitting-net-softball-goal-baseball-practice-net\/","title":{"rendered":"Red de bateo de b\u00e9isbol plegable port\u00e1til de 7 pies Red de pr\u00e1ctica de b\u00e9isbol para porter\u00edas de softball"},"content":{"rendered":"<p>1. Tama\u00f1o: 7x7ft<br \/>\n2. Tubo de acero: \u03a625.4mm x 1.0mm<br \/>\n3. Red: Red sin nudos 5ply 1.75\u201d PE<br \/>\n4. Accesorios: 4 estacas tipo U, 1manual, una bolsa<br \/>\n5. Material de la bolsa: 600D PU Oxford tela<br \/>\n6. Tama\u00f1o CTN: 112x30x13cm<br \/>\n7. N.W 8.5kg; G.W 9.5kg<\/p>\n<ul class=\"a-unordered-list a-vertical a-spacing-mini\">\n<li><span class=\"a-list-item\">F\u00c1CIL MONTAJE R\u00c1PIDO \/ ULTRA PORT\u00c1TIL; La red se monta en menos de 2 minutos sin necesidad de herramientas; Ligera y f\u00e1cil de trasladar a diferentes lugares durante las sesiones de entrenamiento; Se desmonta para guardarla en una bolsa de transporte para facilitar su almacenamiento a largo plazo y su transporte en cualquier veh\u00edculo.<\/span><\/li>\n<li><span class=\"a-list-item\">ENTRENAMIENTO EN EQUIPO O EN SOLITARIO; Herramienta de entrenamiento perfecta para practicar en solitario; Esta red te ayudar\u00e1 a practicar tus drives, golpes o chips en cualquier momento que quieras practicar en solitario en casa o en cualquier espacio de entrenamiento.<\/span><\/li>\n<li><span class=\"a-list-item\">DURADERO; Fabricado para durar temporada tras temporada<\/span><\/li>\n<li><span class=\"a-list-item\">CORREAS PARA LOS HOMBROS; los cordones de cincha funcionan como ligeras correas para los hombros.<\/span><\/li>\n<\/ul>","protected":false},"excerpt":{"rendered":"<p>Red de bateo de b\u00e9isbol plegable port\u00e1til de 7 pies Red de pr\u00e1ctica de b\u00e9isbol para porter\u00edas de softball<br \/>\nPitching Training Aids Equipo de entrenamiento de b\u00e9isbol<\/p>","protected":false},"featured_media":892,"template":"","meta":{"_gspb_post_css":""},"product_brand":[],"product_cat":[25],"product_tag":[],"class_list":{"0":"post-916","1":"product","2":"type-product","3":"status-publish","4":"has-post-thumbnail","6":"product_cat-baseball-net","8":"first","9":"instock","10":"shipping-taxable","11":"product-type-simple"},"_links":{"self":[{"href":"https:\/\/fsportsnet.com\/es\/wp-json\/wp\/v2\/product\/916","targetHints":{"allow":["GET"]}}],"collection":[{"href":"https:\/\/fsportsnet.com\/es\/wp-json\/wp\/v2\/product"}],"about":[{"href":"https:\/\/fsportsnet.com\/es\/wp-json\/wp\/v2\/types\/product"}],"wp:featuredmedia":[{"embeddable":true,"href":"https:\/\/fsportsnet.com\/es\/wp-json\/wp\/v2\/media\/892"}],"wp:attachment":[{"href":"https:\/\/fsportsnet.com\/es\/wp-json\/wp\/v2\/media?parent=916"}],"wp:term":[{"taxonomy":"product_brand","embeddable":true,"href":"https:\/\/fsportsnet.com\/es\/wp-json\/wp\/v2\/product_brand?post=916"},{"taxonomy":"product_cat","embeddable":true,"href":"https:\/\/fsportsnet.com\/es\/wp-json\/wp\/v2\/product_cat?post=916"},{"taxonomy":"product_tag","embeddable":true,"href":"https:\/\/fsportsnet.com\/es\/wp-json\/wp\/v2\/product_tag?post=916"}],"curies":[{"name":"wp","href":"https:\/\/api.w.org\/{rel}","templated":true}]}}