{"id":921,"date":"2023-04-10T14:21:32","date_gmt":"2023-04-10T06:21:32","guid":{"rendered":"https:\/\/fsportsnet.com\/?post_type=product&#038;p=921"},"modified":"2023-04-10T14:29:14","modified_gmt":"2023-04-10T06:29:14","slug":"9-hole-pitching-net-with-strike-zone","status":"publish","type":"product","link":"https:\/\/fsportsnet.com\/es\/product\/9-hole-pitching-net-with-strike-zone\/","title":{"rendered":"Red de lanzamiento de 9 agujeros con zona de strike"},"content":{"rendered":"<p>70x70cm<br \/>\n1. Tubo de acero: 32mm<br \/>\n2. Red\uff1a7ply poli\u00e9ster<br \/>\n3. Cuerda: cuerda PE 75ply<br \/>\n4. Manguito\uff1a0,5mm PVC<br \/>\n5.La capa interior de algod\u00f3n perla y la capa exterior de tela de malla de PVC<br \/>\n6. Ojal 26pcs, Estacas 4pcs<br \/>\n7. Tama\u00f1o de la caja: 82x76x9cm<\/p>\n<ul class=\"a-unordered-list a-vertical a-spacing-mini\">\n<li><span class=\"a-list-item\">La Fsports Perfect Pitch - Red de lanzamiento de 9 agujeros con zona de strike es port\u00e1til para que puedas practicar tus lanzamientos y lanzamientos, sin receptor, \u00a1como un profesional! Ayuda de entrenamiento perfecta para un lanzador de b\u00e9isbol de cualquier edad.<\/span><\/li>\n<li><span class=\"a-list-item\">ZONA DE STRIKE PRECISA - Una placa de b\u00e9isbol est\u00e1ndar es de 17\u2033 de ancho, y nuestra red es de 20\u2033 de ancho (sin incluir el relleno de espuma), dando una zona de strike de lanzadores precisa con una pulgada y media extra en cada lado.<\/span><\/li>\n<li><span class=\"a-list-item\">FUERTE MARCO DE ACERO - Este blanco de lanzamiento est\u00e1 cubierto de espuma de impacto, este marco de alta resistencia no se doblar\u00e1 ni se frenar\u00e1 por una pelota que lo golpee. Perfecto para uso en interiores o al aire libre. Nueve cuadrados industriales #60 red de calibre est\u00e1 construido para durar.<\/span><\/li>\n<li><span class=\"a-list-item\">AJUSTE DE ALTURA R\u00c1PIDO Y F\u00c1CIL - Dedique m\u00e1s tiempo a lanzar strikes y menos a modificar su equipo de entrenamiento de b\u00e9isbol y softball. Saque el pasador y el perno, y elija un nuevo agujero en el marco. F\u00e1cil de montar. Montaje r\u00e1pido - \u00a1inserte las patas y estar\u00e1 listo para lanzar en s\u00f3lo 1 minuto!<\/span><\/li>\n<li><span class=\"a-list-item\">LA PR\u00c1CTICA SE HACE PERMANENTE - La pr\u00e1ctica perfecta hace al lanzador perfecto. Esta red de pr\u00e1ctica de lanzamiento es el equipo de lanzadores perfecto para su equipo de softball o b\u00e9isbol de lanzamiento r\u00e1pido, o para algunos lanzamientos adicionales en su propio patio trasero.<\/span><\/li>\n<\/ul>","protected":false},"excerpt":{"rendered":"<p>Red de bateo de b\u00e9isbol plegable port\u00e1til Porter\u00eda de b\u00e9isbol Red de pr\u00e1ctica de b\u00e9isbol Ayudas de entrenamiento de lanzamiento Equipo de entrenamiento de b\u00e9isbol<\/p>","protected":false},"featured_media":923,"template":"","meta":{"_gspb_post_css":""},"product_brand":[],"product_cat":[25],"product_tag":[],"class_list":{"0":"post-921","1":"product","2":"type-product","3":"status-publish","4":"has-post-thumbnail","6":"product_cat-baseball-net","8":"first","9":"instock","10":"shipping-taxable","11":"product-type-simple"},"_links":{"self":[{"href":"https:\/\/fsportsnet.com\/es\/wp-json\/wp\/v2\/product\/921","targetHints":{"allow":["GET"]}}],"collection":[{"href":"https:\/\/fsportsnet.com\/es\/wp-json\/wp\/v2\/product"}],"about":[{"href":"https:\/\/fsportsnet.com\/es\/wp-json\/wp\/v2\/types\/product"}],"wp:featuredmedia":[{"embeddable":true,"href":"https:\/\/fsportsnet.com\/es\/wp-json\/wp\/v2\/media\/923"}],"wp:attachment":[{"href":"https:\/\/fsportsnet.com\/es\/wp-json\/wp\/v2\/media?parent=921"}],"wp:term":[{"taxonomy":"product_brand","embeddable":true,"href":"https:\/\/fsportsnet.com\/es\/wp-json\/wp\/v2\/product_brand?post=921"},{"taxonomy":"product_cat","embeddable":true,"href":"https:\/\/fsportsnet.com\/es\/wp-json\/wp\/v2\/product_cat?post=921"},{"taxonomy":"product_tag","embeddable":true,"href":"https:\/\/fsportsnet.com\/es\/wp-json\/wp\/v2\/product_tag?post=921"}],"curies":[{"name":"wp","href":"https:\/\/api.w.org\/{rel}","templated":true}]}}