{"id":926,"date":"2023-04-10T14:29:31","date_gmt":"2023-04-10T06:29:31","guid":{"rendered":"https:\/\/fsportsnet.com\/?post_type=product&#038;p=926"},"modified":"2023-04-10T14:33:34","modified_gmt":"2023-04-10T06:33:34","slug":"baseball-9-hole-pitching-net-target","status":"publish","type":"product","link":"https:\/\/fsportsnet.com\/es\/product\/baseball-9-hole-pitching-net-target\/","title":{"rendered":"B\u00e9isbol 9 Hoyos Red de Lanzamiento Objetivo"},"content":{"rendered":"<p>110x126cm<br \/>\n1. Tubo de acero: \u03a61\u201d x 1.0mm<br \/>\n2. Red: Red de poli\u00e9ster de 5 capas de 1,5<br \/>\n3. Fibra de vidrio: \u03a614mm<br \/>\n4. Accesorios: 4 estacas tipo U, 1manual, una bolsa<br \/>\n5. Manga: tejido Oxford 420D<br \/>\n6. Material de la bolsa: 600D PU Oxford tela<br \/>\n7. Embalaje: 1 unidad por caja<br \/>\n8. Tama\u00f1o CTN: 114x14x14cm\/1set<\/p>\n<ul class=\"a-unordered-list a-vertical a-spacing-mini\">\n<li><span class=\"a-list-item\">\u3010Premium Material\u3011Hecho a mano de alta calidad, material de fibra de poli\u00e9ster reci\u00e9n actualizado, nuestra red de lanzamiento de b\u00e9isbol cuenta con una excelente elasticidad y puede soportar ataques poderosos. Con una base resistente y varillas de fibra de vidrio, puede estar seguro de que esta red de lanzamiento de 9 hoyos est\u00e1 construida para durar.<\/span><\/li>\n<li><span class=\"a-list-item\">\u3010Easy Assembly\u3011Setting nuestra red de lanzamiento de b\u00e9isbol es una brisa, tomando s\u00f3lo unos minutos de su tiempo. Una vez que haya terminado con la formaci\u00f3n, el desmontaje de la red es igual de f\u00e1cil, y se puede almacenar lejos en nuestra bolsa de almacenamiento de cortes\u00eda, por lo que es muy conveniente para el almacenamiento y el transporte.<\/span><\/li>\n<li><span class=\"a-list-item\">9 Target Strike Zone\u3011El dise\u00f1o \u00fanico de 9 bolsillos de la red mejora su precisi\u00f3n y direccionalidad al golpear y lanzar objetivos, lo que permite un entrenamiento ininterrumpido de un solo jugador. Con nuestra red de pr\u00e1ctica de softball de b\u00e9isbol, tendr\u00e1 el equipo de coordinaci\u00f3n de entrenamiento perfecto a su alcance.<\/span><\/li>\n<li><span class=\"a-list-item\">\u3010Ideal Training Equipment\u3011Adecuado tanto para adolescentes como para adultos, ya seas principiante o profesional, nuestra red de lanzamiento de b\u00e9isbol es perfecta para perfeccionar tus habilidades y mejorar tu capacidad de bateo m\u00e1s r\u00e1pido.<\/span><\/li>\n<li><span class=\"a-list-item\">\u3010Portable y conveniente\u3011Nuestra red de lanzamiento de b\u00e9isbol viene con una bolsa de almacenamiento port\u00e1til gratuita que ocupa un espacio m\u00ednimo. Despu\u00e9s de un desmontaje r\u00e1pido y sin esfuerzo, puede llevar la red de lanzamiento de 9 hoyos a su patio, cancha o estadio para el entrenamiento individual o en equipo en cualquier momento y en cualquier lugar. Es el equipo de entrenamiento de b\u00e9isbol definitivo.<\/span><\/li>\n<\/ul>","protected":false},"excerpt":{"rendered":"<p id=\"title\" class=\"a-size-large a-spacing-none\"><span id=\"productTitle\" class=\"a-size-large product-title-word-break\">Red de lanzamiento de b\u00e9isbol, objetivo de lanzamiento de b\u00e9isbol, mont\u00edculo de lanzamiento de b\u00e9isbol, red de lanzamiento de b\u00e9isbol de 9 agujeros,red de lanzamiento de 9 agujeros para batear y lanzar con zona de strike,redes de lanzamiento para b\u00e9isbol y softbol<\/span><\/p>","protected":false},"featured_media":922,"template":"","meta":{"_gspb_post_css":""},"product_brand":[],"product_cat":[25],"product_tag":[],"class_list":{"0":"post-926","1":"product","2":"type-product","3":"status-publish","4":"has-post-thumbnail","6":"product_cat-baseball-net","8":"first","9":"instock","10":"shipping-taxable","11":"product-type-simple"},"_links":{"self":[{"href":"https:\/\/fsportsnet.com\/es\/wp-json\/wp\/v2\/product\/926","targetHints":{"allow":["GET"]}}],"collection":[{"href":"https:\/\/fsportsnet.com\/es\/wp-json\/wp\/v2\/product"}],"about":[{"href":"https:\/\/fsportsnet.com\/es\/wp-json\/wp\/v2\/types\/product"}],"wp:featuredmedia":[{"embeddable":true,"href":"https:\/\/fsportsnet.com\/es\/wp-json\/wp\/v2\/media\/922"}],"wp:attachment":[{"href":"https:\/\/fsportsnet.com\/es\/wp-json\/wp\/v2\/media?parent=926"}],"wp:term":[{"taxonomy":"product_brand","embeddable":true,"href":"https:\/\/fsportsnet.com\/es\/wp-json\/wp\/v2\/product_brand?post=926"},{"taxonomy":"product_cat","embeddable":true,"href":"https:\/\/fsportsnet.com\/es\/wp-json\/wp\/v2\/product_cat?post=926"},{"taxonomy":"product_tag","embeddable":true,"href":"https:\/\/fsportsnet.com\/es\/wp-json\/wp\/v2\/product_tag?post=926"}],"curies":[{"name":"wp","href":"https:\/\/api.w.org\/{rel}","templated":true}]}}