{"id":928,"date":"2023-04-10T15:19:24","date_gmt":"2023-04-10T07:19:24","guid":{"rendered":"https:\/\/fsportsnet.com\/?post_type=product&#038;p=928"},"modified":"2023-04-10T15:21:46","modified_gmt":"2023-04-10T07:21:46","slug":"pro-garage-softball-batting-cage-net","status":"publish","type":"product","link":"https:\/\/fsportsnet.com\/es\/product\/pro-garage-softball-batting-cage-net\/","title":{"rendered":"Red para jaula de bateo de softball Pro Garage"},"content":{"rendered":"<p>Jaula de bateo de b\u00e9isbol y softbol<br \/>\n1. Tama\u00f1o: 22x12x8ft<br \/>\n2. Fibra de vidrio: \u03a612.7mm, \u03a614mm<br \/>\n3. Red: Red de poli\u00e9ster sin nudos 3ply 1<\/p>\n<ul class=\"a-unordered-list a-vertical a-spacing-mini\">\n<li><span class=\"a-list-item\">Jaula de bateo perfecta para cualquier tama\u00f1o de patio y utilizada por jugadores de 4 a adultos.<\/span><\/li>\n<li><span class=\"a-list-item\">TODO EN UN PAQUETE - Incluye estacas de tierra de alta resistencia 1\/2\u2033 varillas de fibra de vidrio, 1\u2033 fuerte red de nylon, y construido en el arn\u00e9s de la jaula de bateo para sujetar cualquier m\u00e1quina de pitcheo Heater Sports.<\/span><\/li>\n<li><span class=\"a-list-item\">AUMENTA TU TIEMPO DE REACCI\u00d3N - Debido a que la jaula es de 22 pies, una pelota lanzada a 50 MPH a 46 pies ser\u00e1 simulado como un 104 MPH Pitch. \u00a1Imag\u00ednese lo f\u00e1cil que ser\u00e1 un lanzamiento en el juego despu\u00e9s de usar Fsports!<\/span><\/li>\n<li><span class=\"a-list-item\">F\u00c1CIL MONTAJE Y DESMONTAJE - Las varillas de fibra de vidrio y la red ligera permiten que Fsports sea la jaula de bateo m\u00e1s f\u00e1cil y c\u00f3moda del mercado. Se monta y desmonta en minutos.<\/span><\/li>\n<li><span class=\"a-list-item\">ARN\u00c9S INTEGRADO PARA LA M\u00c1QUINA DE SEGURIDAD - Un arn\u00e9s integrado en la jaula de bateo permite que la m\u00e1quina de lanzar permanezca fuera junto con el operador para mayor seguridad y comodidad.<\/span><\/li>\n<\/ul>","protected":false},"excerpt":{"rendered":"<p id=\"title\" class=\"a-size-large a-spacing-none\">Jaula de bateo perfecta para cualquier tama\u00f1o de patio y utilizada por jugadores de 4 a adultos.<\/p>","protected":false},"featured_media":903,"template":"","meta":{"_gspb_post_css":""},"product_brand":[],"product_cat":[25],"product_tag":[],"class_list":{"0":"post-928","1":"product","2":"type-product","3":"status-publish","4":"has-post-thumbnail","6":"product_cat-baseball-net","8":"first","9":"instock","10":"shipping-taxable","11":"product-type-simple"},"_links":{"self":[{"href":"https:\/\/fsportsnet.com\/es\/wp-json\/wp\/v2\/product\/928","targetHints":{"allow":["GET"]}}],"collection":[{"href":"https:\/\/fsportsnet.com\/es\/wp-json\/wp\/v2\/product"}],"about":[{"href":"https:\/\/fsportsnet.com\/es\/wp-json\/wp\/v2\/types\/product"}],"wp:featuredmedia":[{"embeddable":true,"href":"https:\/\/fsportsnet.com\/es\/wp-json\/wp\/v2\/media\/903"}],"wp:attachment":[{"href":"https:\/\/fsportsnet.com\/es\/wp-json\/wp\/v2\/media?parent=928"}],"wp:term":[{"taxonomy":"product_brand","embeddable":true,"href":"https:\/\/fsportsnet.com\/es\/wp-json\/wp\/v2\/product_brand?post=928"},{"taxonomy":"product_cat","embeddable":true,"href":"https:\/\/fsportsnet.com\/es\/wp-json\/wp\/v2\/product_cat?post=928"},{"taxonomy":"product_tag","embeddable":true,"href":"https:\/\/fsportsnet.com\/es\/wp-json\/wp\/v2\/product_tag?post=928"}],"curies":[{"name":"wp","href":"https:\/\/api.w.org\/{rel}","templated":true}]}}