{"id":936,"date":"2023-04-10T15:34:10","date_gmt":"2023-04-10T07:34:10","guid":{"rendered":"https:\/\/fsportsnet.com\/?post_type=product&#038;p=936"},"modified":"2023-04-10T15:36:06","modified_gmt":"2023-04-10T07:36:06","slug":"baseball-and-softball-ball-caddy","status":"publish","type":"product","link":"https:\/\/fsportsnet.com\/es\/product\/baseball-and-softball-ball-caddy\/","title":{"rendered":"Caddy para pelotas de b\u00e9isbol y softball"},"content":{"rendered":"<p>1. Red de poli\u00e9ster sin nudos: 7 cabos 1,75\u2033<br \/>\n2. Tubo de acero: \u03a619mm<br \/>\n3. 3. Grosor: 0,8 mm<br \/>\n4. Tejido de encuadernaci\u00f3n: 210D, 420D<br \/>\n5. G.W 1.53kg; N.W 1.28kg<br \/>\n6. Embalaje: Cada juego en una caja de cart\u00f3n K=K, 107x8x8cm<\/p>\n<ul class=\"a-unordered-list a-vertical a-spacing-mini\">\n<li><span class=\"a-list-item\">\u26be\u3010Large Capacity Caddy\u3011Los caddys de b\u00e9isbol de gran capacidad pueden contener m\u00e1s de 100 bolas de b\u00e9isbol o m\u00e1s de 50 bolas blandas, con una capacidad de carga de aproximadamente 40 libras, uso para la pr\u00e1ctica y la competencia.<\/span><\/li>\n<li><span class=\"a-list-item\">\ud83e\udd4e\u3010Foldable &amp; Portable\u3011El caddy de b\u00e9isbol se puede montar f\u00e1cilmente en 2 minutos, plegable y ligero le permite llevar f\u00e1cilmente el caddy a cualquier lugar de entrenamiento.<\/span><\/li>\n<li><span class=\"a-list-item\">\u26be\u3010No se agacha\u3011El caddy de b\u00e9isbol para pelotas mide 36 pulgadas de alto, lo que puede salvar su espalda. No hay necesidad de agacharse para sacar la pelota del cubo durante la pr\u00e1ctica a largo plazo.<\/span><\/li>\n<li><span class=\"a-list-item\">\ud83e\udd4e\u3010Estructura Estable\u3011La estructura de doble X hace que el caddie de bolas sea m\u00e1s equilibrado, no es f\u00e1cil de caer y es m\u00e1s estable y duradero.Se puede utilizar en una variedad de lugares (como c\u00e9sped, hormig\u00f3n, playa, terreno irregular).<\/span><\/li>\n<li><span class=\"a-list-item\">\u26be\u3010Professional Baseball\/Softball Training Equipment\u3011Todos los principiantes y jugadores deben tener un caddy de bolas de gran capacidad,que se puede utilizar para pelotas de b\u00e9isbol\/softbol y otras pelotas.<\/span><\/li>\n<\/ul>","protected":false},"excerpt":{"rendered":"<h5 class=\"a-spacing-mini a-color-secondary\">Caracter\u00edsticas:<\/h5>\n<p class=\"a-spacing-base\">* Gran capacidad para m\u00e1s de 100 pelotas de b\u00e9isbol o m\u00e1s de 50 pelotas de softball.<\/p>\n<p class=\"a-spacing-base\">* Estructura en X para mayor robustez y estabilidad.<\/p>\n<p class=\"a-spacing-base\">* Se monta r\u00e1pidamente y es f\u00e1cil de transportar.<\/p>","protected":false},"featured_media":907,"template":"","meta":{"_gspb_post_css":""},"product_brand":[],"product_cat":[25],"product_tag":[],"class_list":{"0":"post-936","1":"product","2":"type-product","3":"status-publish","4":"has-post-thumbnail","6":"product_cat-baseball-net","8":"first","9":"instock","10":"shipping-taxable","11":"product-type-simple"},"_links":{"self":[{"href":"https:\/\/fsportsnet.com\/es\/wp-json\/wp\/v2\/product\/936","targetHints":{"allow":["GET"]}}],"collection":[{"href":"https:\/\/fsportsnet.com\/es\/wp-json\/wp\/v2\/product"}],"about":[{"href":"https:\/\/fsportsnet.com\/es\/wp-json\/wp\/v2\/types\/product"}],"wp:featuredmedia":[{"embeddable":true,"href":"https:\/\/fsportsnet.com\/es\/wp-json\/wp\/v2\/media\/907"}],"wp:attachment":[{"href":"https:\/\/fsportsnet.com\/es\/wp-json\/wp\/v2\/media?parent=936"}],"wp:term":[{"taxonomy":"product_brand","embeddable":true,"href":"https:\/\/fsportsnet.com\/es\/wp-json\/wp\/v2\/product_brand?post=936"},{"taxonomy":"product_cat","embeddable":true,"href":"https:\/\/fsportsnet.com\/es\/wp-json\/wp\/v2\/product_cat?post=936"},{"taxonomy":"product_tag","embeddable":true,"href":"https:\/\/fsportsnet.com\/es\/wp-json\/wp\/v2\/product_tag?post=936"}],"curies":[{"name":"wp","href":"https:\/\/api.w.org\/{rel}","templated":true}]}}