{"id":937,"date":"2023-04-10T15:38:54","date_gmt":"2023-04-10T07:38:54","guid":{"rendered":"https:\/\/fsportsnet.com\/?post_type=product&#038;p=937"},"modified":"2023-04-10T15:41:12","modified_gmt":"2023-04-10T07:41:12","slug":"baseball-tee-softball-travel-portable-tee","status":"publish","type":"product","link":"https:\/\/fsportsnet.com\/es\/product\/baseball-tee-softball-travel-portable-tee\/","title":{"rendered":"Camiseta de b\u00e9isbol Camiseta port\u00e1til de viaje de softball"},"content":{"rendered":"<p>1. Tama\u00f1o: H28\u2033\/71cm<br \/>\n2. Material: Poste met\u00e1lico, pl\u00e1stico<br \/>\n3. Contenido: T de extensi\u00f3n<br \/>\n4. Embalaje: Cada juego en una caja de cart\u00f3n K=K, 10*10*53cm\/1 juego, G.W 1.2Kg, N.W 1.05kg<\/p>\n<ul class=\"a-unordered-list a-vertical a-spacing-mini\">\n<li><span class=\"a-list-item\">1.\u3010STURDY TRIPOD STAND\u3011 tee de bateo ,tee de b\u00e9isbol ,tee de softball, Configuraci\u00f3n de tr\u00edpode resistente proporciona estabilidad y colapsa para golpear o batear.Soportes de tee.<\/span><\/li>\n<li><span class=\"a-list-item\">2.\u3010DURABLE-HIGH QUALITY WRAPPED RUBBER\u3011Every Fsports Tee top es enrollado a mano,Fuerte y duradero,Que es adecuado para tipos de bolas, con buena elasticidad\uff0c como el b\u00e9isbol, softball, bola de entrenamiento y tener los sentimientos reales de golpeo con dise\u00f1o de tama\u00f1o especial.<\/span><\/li>\n<li><span class=\"a-list-item\">3. \u3010F\u00c1CIL DE MONTAR\u3011 La altura del tee de golpeo se ajusta f\u00e1cilmente de 27,5 a 48 pulgadas por las manos de los ni\u00f1os, \u00a1sin necesidad de herramientas! perfecto para jugadores desde principiantes hasta profesionales.<\/span><\/li>\n<li><span class=\"a-list-item\">4.\u3010PORTABLE PARA LLEVAR\u3011 Nueva mejora con bolsa de transporte, f\u00e1cil de plegar para el tee y tomar por bolsa. Adecuado para interiores y exteriores.<\/span><\/li>\n<li><span class=\"a-list-item\">5.\u3010HIGH VALUABLE\u3011Hecho a mano en los EE.UU. con material nacional y algunos importados, Han aceptado y recomendado por muchos profesionales y principiantes. \u00a1Es digno de tenerlo!<\/span><\/li>\n<\/ul>","protected":false},"excerpt":{"rendered":"<h5 class=\"a-spacing-mini a-color-secondary\">Caracter\u00edsticas:<\/h5>\n<p class=\"a-spacing-base\">* Gran capacidad para m\u00e1s de 100 pelotas de b\u00e9isbol o m\u00e1s de 50 pelotas de softball.<\/p>\n<p class=\"a-spacing-base\">* Estructura en X para mayor robustez y estabilidad.<\/p>\n<p class=\"a-spacing-base\">* Se monta r\u00e1pidamente y es f\u00e1cil de transportar.<\/p>","protected":false},"featured_media":908,"template":"","meta":{"_gspb_post_css":""},"product_brand":[],"product_cat":[25],"product_tag":[],"class_list":{"0":"post-937","1":"product","2":"type-product","3":"status-publish","4":"has-post-thumbnail","6":"product_cat-baseball-net","8":"first","9":"instock","10":"shipping-taxable","11":"product-type-simple"},"_links":{"self":[{"href":"https:\/\/fsportsnet.com\/es\/wp-json\/wp\/v2\/product\/937","targetHints":{"allow":["GET"]}}],"collection":[{"href":"https:\/\/fsportsnet.com\/es\/wp-json\/wp\/v2\/product"}],"about":[{"href":"https:\/\/fsportsnet.com\/es\/wp-json\/wp\/v2\/types\/product"}],"wp:featuredmedia":[{"embeddable":true,"href":"https:\/\/fsportsnet.com\/es\/wp-json\/wp\/v2\/media\/908"}],"wp:attachment":[{"href":"https:\/\/fsportsnet.com\/es\/wp-json\/wp\/v2\/media?parent=937"}],"wp:term":[{"taxonomy":"product_brand","embeddable":true,"href":"https:\/\/fsportsnet.com\/es\/wp-json\/wp\/v2\/product_brand?post=937"},{"taxonomy":"product_cat","embeddable":true,"href":"https:\/\/fsportsnet.com\/es\/wp-json\/wp\/v2\/product_cat?post=937"},{"taxonomy":"product_tag","embeddable":true,"href":"https:\/\/fsportsnet.com\/es\/wp-json\/wp\/v2\/product_tag?post=937"}],"curies":[{"name":"wp","href":"https:\/\/api.w.org\/{rel}","templated":true}]}}