{"id":939,"date":"2023-04-10T15:59:48","date_gmt":"2023-04-10T07:59:48","guid":{"rendered":"https:\/\/fsportsnet.com\/?post_type=product&#038;p=939"},"modified":"2023-04-10T16:41:29","modified_gmt":"2023-04-10T08:41:29","slug":"football-trainer-throwing-net","status":"publish","type":"product","link":"https:\/\/fsportsnet.com\/es\/product\/football-trainer-throwing-net\/","title":{"rendered":"Entrenador de f\u00fatbol Red de lanzamiento"},"content":{"rendered":"<ul class=\"a-unordered-list a-vertical a-spacing-mini\">\n<li><span class=\"a-list-item\">LO \u00daLTIMO EN AYUDA AL ENTRENAMIENTO: Red de entrenamiento perfecta para jugadores de f\u00fatbol de todos los niveles, para ejercicios de lanzamiento, pases cortos, pases largos y mucho m\u00e1s.<\/span><\/li>\n<li><span class=\"a-list-item\">RED DE LANZAMIENTO: 6 pies, 7 pies, 8 pies.QB red de entrenamiento con 3 bolsillos de destino simulando las principales zonas de recepci\u00f3n<\/span><\/li>\n<li><span class=\"a-list-item\">MEJORA DE LA PRECISI\u00d3N: Desarrolla las habilidades del mariscal de campo y del jugador para acertar en su ubicaci\u00f3n con los pases y mejorar los porcentajes de finalizaci\u00f3n en el juego.<\/span><\/li>\n<li><span class=\"a-list-item\">MONTAJE R\u00c1PIDO: Armaz\u00f3n reforzado plegable tipo arco con red de poli\u00e9ster de alta densidad y bolsa de transporte port\u00e1til; Ideal para jugadores de f\u00fatbol, entrenadores y campamentos.<\/span><\/li>\n<\/ul>","protected":false},"excerpt":{"rendered":"<p id=\"title\" class=\"a-size-large a-spacing-none\"><span id=\"productTitle\" class=\"a-size-large product-title-word-break\">Elige entre redes de 8 pies x 8 pies o de 6 pies x 6 pies - Mejora la precisi\u00f3n del lanzamiento de QB - Incluye armaz\u00f3n de arco plegable y malet\u00edn de transporte port\u00e1til<\/span><\/p>","protected":false},"featured_media":704,"template":"","meta":{"_gspb_post_css":""},"product_brand":[],"product_cat":[25,30],"product_tag":[],"class_list":{"0":"post-939","1":"product","2":"type-product","3":"status-publish","4":"has-post-thumbnail","6":"product_cat-baseball-net","7":"product_cat-football-goal","9":"first","10":"instock","11":"shipping-taxable","12":"product-type-simple"},"_links":{"self":[{"href":"https:\/\/fsportsnet.com\/es\/wp-json\/wp\/v2\/product\/939","targetHints":{"allow":["GET"]}}],"collection":[{"href":"https:\/\/fsportsnet.com\/es\/wp-json\/wp\/v2\/product"}],"about":[{"href":"https:\/\/fsportsnet.com\/es\/wp-json\/wp\/v2\/types\/product"}],"wp:featuredmedia":[{"embeddable":true,"href":"https:\/\/fsportsnet.com\/es\/wp-json\/wp\/v2\/media\/704"}],"wp:attachment":[{"href":"https:\/\/fsportsnet.com\/es\/wp-json\/wp\/v2\/media?parent=939"}],"wp:term":[{"taxonomy":"product_brand","embeddable":true,"href":"https:\/\/fsportsnet.com\/es\/wp-json\/wp\/v2\/product_brand?post=939"},{"taxonomy":"product_cat","embeddable":true,"href":"https:\/\/fsportsnet.com\/es\/wp-json\/wp\/v2\/product_cat?post=939"},{"taxonomy":"product_tag","embeddable":true,"href":"https:\/\/fsportsnet.com\/es\/wp-json\/wp\/v2\/product_tag?post=939"}],"curies":[{"name":"wp","href":"https:\/\/api.w.org\/{rel}","templated":true}]}}