{"id":957,"date":"2023-04-10T22:05:52","date_gmt":"2023-04-10T14:05:52","guid":{"rendered":"https:\/\/fsportsnet.com\/?post_type=product&#038;p=957"},"modified":"2023-04-10T22:11:27","modified_gmt":"2023-04-10T14:11:27","slug":"golf-practice-net-10x7-feet-golf-hitting-mat-for-backyard-driving","status":"publish","type":"product","link":"https:\/\/fsportsnet.com\/es\/product\/golf-practice-net-10x7-feet-golf-hitting-mat-for-backyard-driving\/","title":{"rendered":"Golf Practice Net 10\u00d77 pies Golf Hitting Mat for Backyard Driving"},"content":{"rendered":"<ul class=\"a-unordered-list a-vertical a-spacing-mini\">\n<li>RED DE GOLF<br \/>\n1. Tama\u00f1o: 10 x 7 x 3\u2032<br \/>\n2. Marco: \u03a61 \u201ddia 1.0mm espesor tubo de metal y recubrimiento de polvo negro<br \/>\n3. Poste: \u03a614mm fibra de vidrio negro s\u00f3lido.<br \/>\n4. Red: Red sin nudos de poli\u00e9ster negro de 4 capas de 1\u2033 con ribete de tejido 420D.<br \/>\n5. Bolsa: tejido oxford 600D<br \/>\n6. Embalaje: Cada juego en una caja de cart\u00f3n K=K, 14,8*14,8*114cm\/1 juego<br \/>\n7. G.W: 7.76kg; N.W 7.26kg<\/li>\n<li><span class=\"a-list-item\">Campo de pr\u00e1cticas personal: Mejora tu swing en interiores o exteriores con esta red de golpeo de golf port\u00e1til para casa (alfombrilla no incluida).<\/span><\/li>\n<li><span class=\"a-list-item\">Material duradero: La red de alta resistencia est\u00e1 hecha de malla reforzada de 4 capas sin nudos y los postes de soporte de fibra de vidrio s\u00f3lida con dise\u00f1o de marco tipo arco proporcionan una mayor estabilidad<\/span><\/li>\n<li><span class=\"a-list-item\">Montaje r\u00e1pido y sencillo: Monte su campo de pr\u00e1cticas en cuesti\u00f3n de minutos. Usted puede disfrutar de la diversi\u00f3n del swing de golf en casa, en el patio trasero, en un parque, en un garaje, en el s\u00f3tano, y al lado de la piscina o con cualquier club<\/span><\/li>\n<li><span class=\"a-list-item\">Port\u00e1til y plegable: El equipo de entrenamiento de golf viene con una bolsa de transporte, que le permiten empacar f\u00e1cilmente y llevar a cualquier lugar<\/span><\/li>\n<\/ul>","protected":false},"excerpt":{"rendered":"<p id=\"title\" class=\"a-size-large a-spacing-none\"><span id=\"productTitle\" class=\"a-size-large product-title-word-break\">Paquete de red de pr\u00e1ctica de golf 10\u00d77 pies con red de chipping de golf, alfombrilla de golpeo de golf y pelotas de golf en bolsa de transporte para jugar al golf en el patio interior o al aire libre<\/span><\/p>","protected":false},"featured_media":953,"template":"","meta":{"_gspb_post_css":""},"product_brand":[],"product_cat":[26],"product_tag":[],"class_list":{"0":"post-957","1":"product","2":"type-product","3":"status-publish","4":"has-post-thumbnail","6":"product_cat-golf-net","8":"first","9":"instock","10":"shipping-taxable","11":"product-type-simple"},"_links":{"self":[{"href":"https:\/\/fsportsnet.com\/es\/wp-json\/wp\/v2\/product\/957","targetHints":{"allow":["GET"]}}],"collection":[{"href":"https:\/\/fsportsnet.com\/es\/wp-json\/wp\/v2\/product"}],"about":[{"href":"https:\/\/fsportsnet.com\/es\/wp-json\/wp\/v2\/types\/product"}],"wp:featuredmedia":[{"embeddable":true,"href":"https:\/\/fsportsnet.com\/es\/wp-json\/wp\/v2\/media\/953"}],"wp:attachment":[{"href":"https:\/\/fsportsnet.com\/es\/wp-json\/wp\/v2\/media?parent=957"}],"wp:term":[{"taxonomy":"product_brand","embeddable":true,"href":"https:\/\/fsportsnet.com\/es\/wp-json\/wp\/v2\/product_brand?post=957"},{"taxonomy":"product_cat","embeddable":true,"href":"https:\/\/fsportsnet.com\/es\/wp-json\/wp\/v2\/product_cat?post=957"},{"taxonomy":"product_tag","embeddable":true,"href":"https:\/\/fsportsnet.com\/es\/wp-json\/wp\/v2\/product_tag?post=957"}],"curies":[{"name":"wp","href":"https:\/\/api.w.org\/{rel}","templated":true}]}}