{"id":968,"date":"2023-04-14T16:19:43","date_gmt":"2023-04-14T08:19:43","guid":{"rendered":"https:\/\/fsportsnet.com\/?post_type=product&#038;p=968"},"modified":"2023-04-15T11:31:56","modified_gmt":"2023-04-15T03:31:56","slug":"golf-practice-hitting-net-choose-between-huge-10x7-or-7x7-nets","status":"publish","type":"product","link":"https:\/\/fsportsnet.com\/es\/product\/golf-practice-hitting-net-choose-between-huge-10x7-or-7x7-nets\/","title":{"rendered":"Red de golpeo para pr\u00e1ctica de golf Elija entre redes enormes de 10\u2019x7\u2032 o 7\u2019x7\u2032."},"content":{"rendered":"<ul class=\"a-unordered-list a-vertical a-spacing-mini\">\n<li>RED DE GOLF<br \/>\n10 pies x 7 pies PRO NET: La red definitiva para satisfacer todas sus necesidades de entrenamiento y mucho m\u00e1s. Tomamos nuestra red de golf #1 de 10 pies x 7 pies y la mejoramos con una red 2 veces m\u00e1s resistente para los golfistas que quieren la red de m\u00e1s alto nivel.<br \/>\nBOLSILLO HEXAGONAL: El distintivo bolsillo hexagonal est\u00e1 dise\u00f1ado para destacar entre la multitud y recoger ordenadamente las pelotas de golf durante la pr\u00e1ctica; perfecto para golfistas de todos los niveles para practicar en casa.<br \/>\nMONTAJE R\u00c1PIDO: estructura tipo arco incluida, se monta en 90 segundos y alcanza un tama\u00f1o de 3 metros por 7 metros con estacas met\u00e1licas para anclar la red (opcional), lo que la hace incre\u00edblemente resistente y estable; se desmonta f\u00e1cilmente para transportarla en una bolsa de transporte<br \/>\nHECHA PARA DURAR: La red es 2 veces m\u00e1s resistente que las redes de golf l\u00edderes en el mercado para una mayor durabilidad.<\/li>\n<\/ul>","protected":false},"excerpt":{"rendered":"<p id=\"title\" class=\"a-size-large a-spacing-none\"><span id=\"productTitle\" class=\"a-size-large product-title-word-break\">Golf Net Bundle Golf Practice Net Personal Driving Range for Indoor or Outdoor Use for Golfers<\/span><\/p>","protected":false},"featured_media":961,"template":"","meta":{"_gspb_post_css":""},"product_brand":[],"product_cat":[26],"product_tag":[],"class_list":{"0":"post-968","1":"product","2":"type-product","3":"status-publish","4":"has-post-thumbnail","6":"product_cat-golf-net","8":"first","9":"instock","10":"shipping-taxable","11":"product-type-simple"},"_links":{"self":[{"href":"https:\/\/fsportsnet.com\/es\/wp-json\/wp\/v2\/product\/968","targetHints":{"allow":["GET"]}}],"collection":[{"href":"https:\/\/fsportsnet.com\/es\/wp-json\/wp\/v2\/product"}],"about":[{"href":"https:\/\/fsportsnet.com\/es\/wp-json\/wp\/v2\/types\/product"}],"wp:featuredmedia":[{"embeddable":true,"href":"https:\/\/fsportsnet.com\/es\/wp-json\/wp\/v2\/media\/961"}],"wp:attachment":[{"href":"https:\/\/fsportsnet.com\/es\/wp-json\/wp\/v2\/media?parent=968"}],"wp:term":[{"taxonomy":"product_brand","embeddable":true,"href":"https:\/\/fsportsnet.com\/es\/wp-json\/wp\/v2\/product_brand?post=968"},{"taxonomy":"product_cat","embeddable":true,"href":"https:\/\/fsportsnet.com\/es\/wp-json\/wp\/v2\/product_cat?post=968"},{"taxonomy":"product_tag","embeddable":true,"href":"https:\/\/fsportsnet.com\/es\/wp-json\/wp\/v2\/product_tag?post=968"}],"curies":[{"name":"wp","href":"https:\/\/api.w.org\/{rel}","templated":true}]}}