{"id":1027,"date":"2023-04-15T11:48:20","date_gmt":"2023-04-15T03:48:20","guid":{"rendered":"https:\/\/fsportsnet.com\/?post_type=product&#038;p=1027"},"modified":"2023-04-15T11:52:25","modified_gmt":"2023-04-15T03:52:25","slug":"masters-golf-net-cage-with-complete-frame","status":"publish","type":"product","link":"https:\/\/fsportsnet.com\/fr\/product\/masters-golf-net-cage-with-complete-frame\/","title":{"rendered":"Cage de filet de golf Masters avec cadre complet"},"content":{"rendered":"<ul class=\"a-unordered-list a-vertical a-spacing-mini\">\n<li>1. Taille : 3mx3mx3m<br \/>\n2. Filet : Filet polyester 3 plis 1\u201d.<br \/>\n3. Tube en acier : 31,8 mm x 0,8 mm<br \/>\n4. Filet cible : 420D oxford<br \/>\n5. Avec EVA<\/li>\n<li>Filet de golf - 10x10x10ft, filet de frappe de golf et aire d'entra\u00eenement personnelle pour l'int\u00e9rieur et l'ext\u00e9rieur, avec sac de rangement et tapis de golf, \u00e0 suspendre au plafond, au garage, au sous-sol ou dans le cadre que vous avez cr\u00e9\u00e9.<\/li>\n<li>Filet de cage de golf en une seule pi\u00e8ce : Construction en maille sans n\u0153uds, cordon en polyester de 3 mm de diam\u00e8tre, maille carr\u00e9e de 20 mm et bordure renforc\u00e9e de 7 mm, dimensions de 10 x 10 x 10 pieds (L*H*P). Les poteaux et le cadre ne sont pas inclus.<\/li>\n<li>Filet de frappe de golf durable : Con\u00e7u pour attraper les balles de golf, il peut absorber l'impact \u00e9lev\u00e9 des vraies balles de golf. \u00c9galement utilis\u00e9 pour s'entra\u00eener en toute s\u00e9curit\u00e9 au baseball, au softball, etc. Id\u00e9al pour l'entra\u00eenement au golf \u00e0 l'int\u00e9rieur et \u00e0 l'ext\u00e9rieur, quelles que soient les conditions m\u00e9t\u00e9orologiques.<\/li>\n<li>Filet d'entra\u00eenement de golf portable : Livr\u00e9 avec un sac de transport, facile \u00e0 ranger et \u00e0 transporter o\u00f9 vous voulez. Avec un tapis de golf suppl\u00e9mentaire de 12\u2033 X 24\u2033 pour un meilleur swing.<\/li>\n<li>Terrain d'entra\u00eenement personnel : Un grand attrapeur de balles de golf et la libert\u00e9 de s'entra\u00eener n'importe o\u00f9 et n'importe quand. Vous pouvez am\u00e9liorer votre swing en frappant des balles de golf dans le filet de frappe, ce qui vous permet de ne pas perdre de temps \u00e0 courir apr\u00e8s les balles pour vous entra\u00eener davantage. C'est en forgeant qu'on devient forgeron - continuez \u00e0 vous entra\u00eener.<\/li>\n<li>Large application : Offre une grande surface de frappe pour les golfeurs d\u00e9butants ou professionnels. Il peut \u00eatre suspendu au plafond, au garage, au sous-sol ou au cadre que vous avez fabriqu\u00e9. Il peut \u00eatre utilis\u00e9 \u00e0 la maison, dans l'arri\u00e8re-cour, dans un parc, sur un terrain d'entra\u00eenement, et plus encore.<\/li>\n<li>Filet de cage en une seule pi\u00e8ce dont les deux c\u00f4t\u00e9s, le haut et le dos sont cousus ensemble, avec une corde de bordure surjet\u00e9e sur tous les bords.<\/li>\n<\/ul>","protected":false},"excerpt":{"rendered":"<p id=\"title\" class=\"a-size-large a-spacing-none\">Filet de frappe de golf et terrain d'entra\u00eenement personnel pour l'int\u00e9rieur et l'ext\u00e9rieur, avec sac de rangement et tapis de golf, \u00e0 suspendre au plafond, dans le garage, au sous-sol ou dans le cadre que vous avez cr\u00e9\u00e9.<\/p>","protected":false},"featured_media":966,"template":"","meta":{"_gspb_post_css":""},"product_brand":[],"product_cat":[26],"product_tag":[],"class_list":{"0":"post-1027","1":"product","2":"type-product","3":"status-publish","4":"has-post-thumbnail","6":"product_cat-golf-net","8":"first","9":"instock","10":"shipping-taxable","11":"product-type-simple"},"_links":{"self":[{"href":"https:\/\/fsportsnet.com\/fr\/wp-json\/wp\/v2\/product\/1027","targetHints":{"allow":["GET"]}}],"collection":[{"href":"https:\/\/fsportsnet.com\/fr\/wp-json\/wp\/v2\/product"}],"about":[{"href":"https:\/\/fsportsnet.com\/fr\/wp-json\/wp\/v2\/types\/product"}],"wp:featuredmedia":[{"embeddable":true,"href":"https:\/\/fsportsnet.com\/fr\/wp-json\/wp\/v2\/media\/966"}],"wp:attachment":[{"href":"https:\/\/fsportsnet.com\/fr\/wp-json\/wp\/v2\/media?parent=1027"}],"wp:term":[{"taxonomy":"product_brand","embeddable":true,"href":"https:\/\/fsportsnet.com\/fr\/wp-json\/wp\/v2\/product_brand?post=1027"},{"taxonomy":"product_cat","embeddable":true,"href":"https:\/\/fsportsnet.com\/fr\/wp-json\/wp\/v2\/product_cat?post=1027"},{"taxonomy":"product_tag","embeddable":true,"href":"https:\/\/fsportsnet.com\/fr\/wp-json\/wp\/v2\/product_tag?post=1027"}],"curies":[{"name":"wp","href":"https:\/\/api.w.org\/{rel}","templated":true}]}}