{"id":1028,"date":"2023-04-15T11:52:35","date_gmt":"2023-04-15T03:52:35","guid":{"rendered":"https:\/\/fsportsnet.com\/?post_type=product&#038;p=1028"},"modified":"2023-04-15T13:46:42","modified_gmt":"2023-04-15T05:46:42","slug":"durable-golf-hitting-net-cage-driving-range-for-indoor-and-outdoor","status":"publish","type":"product","link":"https:\/\/fsportsnet.com\/fr\/product\/durable-golf-hitting-net-cage-driving-range-for-indoor-and-outdoor\/","title":{"rendered":"Filet de frappe de golf durable Cage d'entra\u00eenement pour l'int\u00e9rieur et l'ext\u00e9rieur"},"content":{"rendered":"<ul class=\"a-unordered-list a-vertical a-spacing-mini\">\n<li>Filet d'entra\u00eenement pour le golf Filets d'entra\u00eenement pour le golf avec cible<br \/>\nMaille en nylon et polyester, tiges en fibre de verre de 0,4 pouce et tissu Oxford 420D<br \/>\nCon\u00e7u par des experts en filets de golf et de sport<br \/>\nFilet de golf tout-en-un - Cet \u00e9quipement d'entra\u00eenement au golf comprend un filet de golf avec un tapis de golf tri-turf, 1 cible de golf \u00e0 impact, 10 balles de golf, 7 tees de golf et 2 tees de golf en caoutchouc. Notre filet d'entra\u00eenement de golf avec tapis de frappe est un \u00e9quipement d'entra\u00eenement de golf id\u00e9al pour les golfeurs de tous niveaux afin d'am\u00e9liorer leur technique de conduite et de chipping. Le filet de golf 10x7ft pour l'int\u00e9rieur est assez grand pour attraper tous les coups. Un cadeau de golf parfait pour les hommes.<br \/>\nFilet de golf incroyablement durable - Notre filet durable peut facilement supporter des vitesses de balle allant jusqu'\u00e0 200 mph. Ce filet de golf est fabriqu\u00e9 \u00e0 partir d'un filet sans n\u0153uds \u00e0 5 couches et d'un tissu Oxford 420D pour une durabilit\u00e9 accrue. Con\u00e7u par des experts en filets de golf et de sport, notre filet \u00e9lastique r\u00e9silient permet d'obtenir un terrain d'entra\u00eenement de haute intensit\u00e9 \u00e0 l'int\u00e9rieur et \u00e0 l'ext\u00e9rieur. Notre aide \u00e0 l'entra\u00eenement au golf comprend \u00e9galement des poteaux en fibre de verre et des piquets de sol pour une construction solide et robuste.<br \/>\nConstruit pour durer - Compar\u00e9 au filet en nylon qui r\u00e9tr\u00e9cit et pourrit, ce filet de golf HDPE haute densit\u00e9 est r\u00e9sistant \u00e0 la pourriture et trait\u00e9 contre les UV. Notre filet de golf d'int\u00e9rieur peut \u00eatre utilis\u00e9 \u00e0 l'int\u00e9rieur comme \u00e0 l'ext\u00e9rieur. De plus, les poteaux en fibre de verre r\u00e9sistants \u00e0 la corrosion assurent une durabilit\u00e9 \u00e0 long terme.<br \/>\nMontage et d\u00e9montage en 90 secondes - Notre filet de golf peut \u00eatre mont\u00e9 et d\u00e9mont\u00e9 en seulement 90 secondes avec un manuel d'instructions clair, car tous les poteaux sont reli\u00e9s par un \u00e9lastique. Le sac facile \u00e0 transporter permet d'emmener ce practice de golf portable partout o\u00f9 vous voulez vous entra\u00eener.<\/li>\n<\/ul>","protected":false},"excerpt":{"rendered":"<p id=\"title\" class=\"a-size-large a-spacing-none\">Filet de frappe de golf et terrain d'entra\u00eenement personnel pour l'int\u00e9rieur et l'ext\u00e9rieur, avec sac de rangement et tapis de golf, \u00e0 suspendre au plafond, dans le garage, au sous-sol ou dans le cadre que vous avez cr\u00e9\u00e9.<\/p>","protected":false},"featured_media":970,"template":"","meta":{"_gspb_post_css":""},"product_brand":[],"product_cat":[26],"product_tag":[],"class_list":{"0":"post-1028","1":"product","2":"type-product","3":"status-publish","4":"has-post-thumbnail","6":"product_cat-golf-net","8":"first","9":"instock","10":"shipping-taxable","11":"product-type-simple"},"_links":{"self":[{"href":"https:\/\/fsportsnet.com\/fr\/wp-json\/wp\/v2\/product\/1028","targetHints":{"allow":["GET"]}}],"collection":[{"href":"https:\/\/fsportsnet.com\/fr\/wp-json\/wp\/v2\/product"}],"about":[{"href":"https:\/\/fsportsnet.com\/fr\/wp-json\/wp\/v2\/types\/product"}],"wp:featuredmedia":[{"embeddable":true,"href":"https:\/\/fsportsnet.com\/fr\/wp-json\/wp\/v2\/media\/970"}],"wp:attachment":[{"href":"https:\/\/fsportsnet.com\/fr\/wp-json\/wp\/v2\/media?parent=1028"}],"wp:term":[{"taxonomy":"product_brand","embeddable":true,"href":"https:\/\/fsportsnet.com\/fr\/wp-json\/wp\/v2\/product_brand?post=1028"},{"taxonomy":"product_cat","embeddable":true,"href":"https:\/\/fsportsnet.com\/fr\/wp-json\/wp\/v2\/product_cat?post=1028"},{"taxonomy":"product_tag","embeddable":true,"href":"https:\/\/fsportsnet.com\/fr\/wp-json\/wp\/v2\/product_tag?post=1028"}],"curies":[{"name":"wp","href":"https:\/\/api.w.org\/{rel}","templated":true}]}}