{"id":1030,"date":"2023-04-15T13:47:01","date_gmt":"2023-04-15T05:47:01","guid":{"rendered":"https:\/\/fsportsnet.com\/?post_type=product&#038;p=1030"},"modified":"2023-04-15T13:50:10","modified_gmt":"2023-04-15T05:50:10","slug":"golf-practice-net-golf-hitting-training-aids-nets-with-target","status":"publish","type":"product","link":"https:\/\/fsportsnet.com\/fr\/product\/golf-practice-net-golf-hitting-training-aids-nets-with-target\/","title":{"rendered":"Filet d'entra\u00eenement pour le golf Filets d'entra\u00eenement pour le golf avec cible"},"content":{"rendered":"<ul class=\"a-unordered-list a-vertical a-spacing-mini\">\n<li>Filet d'entra\u00eenement pour le golf Filets d'entra\u00eenement pour le golf avec cible<br \/>\nMaille en nylon et polyester, tiges en fibre de verre de 0,4 pouce et tissu Oxford 420D<br \/>\nCon\u00e7u par des experts en filets de golf et de sport<br \/>\nFilet de frappe 5 en 1 : Le filet de pratique comprend 1 grande cible et 3 poches de cible de chipping pour pratiquer vos comp\u00e9tences comme le swing, la frappe et le chipping, etc. Un moyen exceptionnel de pratiquer tous les clubs de votre sac de golf facilement \u00e0 la maison \/ \u00e0 l'ext\u00e9rieur, en \u00e9conomisant de l'argent et du temps.<br \/>\n\u26f3Super Large Size Net : Swing avec confiance, 10 * 8 * 6ft (L*H*P) grande zone de frappe vous fournit assez d'espace pour pratiquer continuellement et am\u00e9liorer votre pr\u00e9cision et les comp\u00e9tences de conduite et de chipping, vous aidant \u00e0 devenir un golfeur plus confiant. Plus de d\u00e9g\u00e2ts ou de pertes de balles de golf.<br \/>\n\u26f3Mat\u00e9riaux de qualit\u00e9 sup\u00e9rieure pour la durabilit\u00e9 et la s\u00e9curit\u00e9 : N'h\u00e9sitez pas \u00e0 utiliser de vraies balles de golf et de vrais clubs car le filet renforc\u00e9 peut absorber l'impact des balles. Le cadre en fibre de verre s\u00e9curise le filet et lui permet de se tenir fermement au sol.<br \/>\nAssemblage rapide et facile : Les cadres pr\u00e9-fix\u00e9s et un tapis de sol int\u00e9gr\u00e9 ne n\u00e9cessitent qu'un montage\/d\u00e9montage de 90 secondes. Parfait pour une utilisation int\u00e9rieure\/ext\u00e9rieure. Apportez le champ de conduite \u00e0 votre maison, vous pouvez vous entra\u00eener dans votre jardin, votre arri\u00e8re-cour ou votre sous-sol.<br \/>\n\u26f3Pliable et portable : Ce filet de pratique de frappe est livr\u00e9 avec un sac et peut \u00eatre pli\u00e9 dans une taille compacte pour faciliter le stockage et le transport. Il n'y a plus de limitation pour la pratique du golf !<\/li>\n<\/ul>","protected":false},"excerpt":{"rendered":"<p id=\"title\" class=\"a-size-large a-spacing-none\">\u00a0Compar\u00e9 au filet en nylon qui r\u00e9tr\u00e9cit et pourrit, ce filet de golf HDPE haute densit\u00e9 est imputrescible et trait\u00e9 contre les UV. Notre filet de golf d'int\u00e9rieur peut \u00eatre utilis\u00e9 \u00e0 l'int\u00e9rieur comme \u00e0 l'ext\u00e9rieur. De plus, les poteaux en fibre de verre r\u00e9sistants \u00e0 la corrosion assurent une durabilit\u00e9 \u00e0 long terme.<\/p>","protected":false},"featured_media":972,"template":"","meta":{"_gspb_post_css":""},"product_brand":[],"product_cat":[26],"product_tag":[],"class_list":{"0":"post-1030","1":"product","2":"type-product","3":"status-publish","4":"has-post-thumbnail","6":"product_cat-golf-net","8":"first","9":"instock","10":"shipping-taxable","11":"product-type-simple"},"_links":{"self":[{"href":"https:\/\/fsportsnet.com\/fr\/wp-json\/wp\/v2\/product\/1030","targetHints":{"allow":["GET"]}}],"collection":[{"href":"https:\/\/fsportsnet.com\/fr\/wp-json\/wp\/v2\/product"}],"about":[{"href":"https:\/\/fsportsnet.com\/fr\/wp-json\/wp\/v2\/types\/product"}],"wp:featuredmedia":[{"embeddable":true,"href":"https:\/\/fsportsnet.com\/fr\/wp-json\/wp\/v2\/media\/972"}],"wp:attachment":[{"href":"https:\/\/fsportsnet.com\/fr\/wp-json\/wp\/v2\/media?parent=1030"}],"wp:term":[{"taxonomy":"product_brand","embeddable":true,"href":"https:\/\/fsportsnet.com\/fr\/wp-json\/wp\/v2\/product_brand?post=1030"},{"taxonomy":"product_cat","embeddable":true,"href":"https:\/\/fsportsnet.com\/fr\/wp-json\/wp\/v2\/product_cat?post=1030"},{"taxonomy":"product_tag","embeddable":true,"href":"https:\/\/fsportsnet.com\/fr\/wp-json\/wp\/v2\/product_tag?post=1030"}],"curies":[{"name":"wp","href":"https:\/\/api.w.org\/{rel}","templated":true}]}}