{"id":1032,"date":"2023-04-15T13:51:40","date_gmt":"2023-04-15T05:51:40","guid":{"rendered":"https:\/\/fsportsnet.com\/?post_type=product&#038;p=1032"},"modified":"2023-04-15T14:09:33","modified_gmt":"2023-04-15T06:09:33","slug":"sports-golf-chipping-net-pop-up-golf-chipping-net-with-mat","status":"publish","type":"product","link":"https:\/\/fsportsnet.com\/fr\/product\/sports-golf-chipping-net-pop-up-golf-chipping-net-with-mat\/","title":{"rendered":"Sports Golf Chipping Net Pop Up Golf Chipping Net with Mat"},"content":{"rendered":"<ul class=\"a-unordered-list a-vertical a-spacing-mini\">\n<li>Filet \u00e0 copeaux carr\u00e9<br \/>\n1. Taille : 24\u201d<br \/>\n2. Filet : 210D polyester binding<br \/>\n3. Cadre : \u03a63mm fil d'acier, 7mm fibre de verre<br \/>\n4. Emballage : 1 jeu dans un sac oxford, 20 jeux dans un carton.<\/li>\n<li>\u2705 Taille id\u00e9ale : 24\u2033 d'espace requis pour pratiquer, jouer et s'amuser ; peut \u00eatre utilis\u00e9 \u00e0 l'int\u00e9rieur ou \u00e0 l'ext\u00e9rieur - id\u00e9al pour la maison ou le bureau, la pelouse ou l'arri\u00e8re-cour et m\u00eame pour le tailgating - livr\u00e9 avec un sac de transport en nylon pour votre commodit\u00e9 de voyage.<br \/>\n\u2705 Facile \u00e0 utiliser : Conception pop up conviviale pour une installation rapide et facile - ne n\u00e9cessite aucun outil, tandis que la fermeture Velcro unique s\u00e9curise les balles de golf ; utilisez-le pour les loisirs avec des amis et la famille ou pour les s\u00e9ances d'entra\u00eenement professionnel, instantan\u00e9ment.<br \/>\n\u2705 3 cibles : Aide \u00e0 am\u00e9liorer - la pr\u00e9cision du chipping \u00e0 courte distance, la position du corps, l'\u00e9quilibre et la posture pour votre entra\u00eenement au swing ; livr\u00e9 avec un filet lat\u00e9ral qui attrape les balles perdues, de sorte que vous n'avez pas \u00e0 vous soucier de manquer vos chips ou de perdre du temps \u00e0 ramasser les balles de golf apr\u00e8s vos sessions.<br \/>\n\u2705 Haute qualit\u00e9 : Fabriqu\u00e9 avec un mat\u00e9riau robuste de premi\u00e8re qualit\u00e9, est robuste et durable, mais l\u00e9ger, portable et pliable - ne s'entaille pas, ne s'\u00e9caille pas et ne s'use pas facilement ; r\u00e9siste aux \u00e9l\u00e9ments - convient pour jouer toute l'ann\u00e9e.<\/li>\n<\/ul>","protected":false},"excerpt":{"rendered":"<p id=\"title\" class=\"a-size-large a-spacing-none\">Organisez une partie ou un match amical en utilisant les trois poches de cible avec votre famille, vos amis ou vos coll\u00e8gues. Fsports est un cadeau id\u00e9al pour les amateurs de golf.<\/p>","protected":false},"featured_media":1001,"template":"","meta":{"_gspb_post_css":""},"product_brand":[],"product_cat":[26],"product_tag":[],"class_list":{"0":"post-1032","1":"product","2":"type-product","3":"status-publish","4":"has-post-thumbnail","6":"product_cat-golf-net","8":"first","9":"instock","10":"shipping-taxable","11":"product-type-simple"},"_links":{"self":[{"href":"https:\/\/fsportsnet.com\/fr\/wp-json\/wp\/v2\/product\/1032","targetHints":{"allow":["GET"]}}],"collection":[{"href":"https:\/\/fsportsnet.com\/fr\/wp-json\/wp\/v2\/product"}],"about":[{"href":"https:\/\/fsportsnet.com\/fr\/wp-json\/wp\/v2\/types\/product"}],"wp:featuredmedia":[{"embeddable":true,"href":"https:\/\/fsportsnet.com\/fr\/wp-json\/wp\/v2\/media\/1001"}],"wp:attachment":[{"href":"https:\/\/fsportsnet.com\/fr\/wp-json\/wp\/v2\/media?parent=1032"}],"wp:term":[{"taxonomy":"product_brand","embeddable":true,"href":"https:\/\/fsportsnet.com\/fr\/wp-json\/wp\/v2\/product_brand?post=1032"},{"taxonomy":"product_cat","embeddable":true,"href":"https:\/\/fsportsnet.com\/fr\/wp-json\/wp\/v2\/product_cat?post=1032"},{"taxonomy":"product_tag","embeddable":true,"href":"https:\/\/fsportsnet.com\/fr\/wp-json\/wp\/v2\/product_tag?post=1032"}],"curies":[{"name":"wp","href":"https:\/\/api.w.org\/{rel}","templated":true}]}}